{"id":491,"date":"2018-11-24T12:04:53","date_gmt":"2018-11-24T12:04:53","guid":{"rendered":"http:\/\/pluginspoint.com\/dustrial\/?page_id=491"},"modified":"2025-10-10T12:07:27","modified_gmt":"2025-10-10T10:07:27","slug":"contact","status":"publish","type":"page","link":"https:\/\/www.imfmm.tn\/en\/contact\/","title":{"rendered":"Contact"},"content":{"rendered":"<div class=\"wpb-content-wrapper\"><div class=\"vc_row wpb_row vc_row-fluid contact-page vc_custom_1760090844555\"><div class=\"contact-address-left wpb_column vc_column_container vc_col-sm-4\"><div class=\"vc_column-inner\"><div class=\"wpb_wrapper\">  <div class=\"block contact_address\">\n    <div class=\"title\">\n      <h4><\/h4>\n      <h1>Contact<\/h1>\n    <\/div>\n\n    \n      <div class=\"media border-bottom contact-media\">\n        <span class=\"info-icon\"><i class=\"dustrial-icon fa fa-phone\"><\/i><\/span>\n        <div class=\"media-body\">\n          <h5 class=\"mt-0 mb-0\">T\u00e9l\u00e9phone<\/h5>\n                      <a href=\"tel:(+216) 71 469 956\">(+216) 71 469 956<\/a>\n                  <\/div>\n      <\/div>\n    \n      <div class=\"media border-bottom contact-media\">\n        <span class=\"info-icon\"><i class=\"dustrial-icon fa fa-envelope\"><\/i><\/span>\n        <div class=\"media-body\">\n          <h5 class=\"mt-0 mb-0\">Email : <\/h5>\n                    <a href=\"mailto:imfmm@imfmm.tn\">imfmm@imfmm.tn<\/a>\n                  <\/div>\n      <\/div>\n    \n      <div class=\"media border-bottom contact-media\">\n        <span class=\"info-icon\"><i class=\"dustrial-icon fa fa-map-marker\"><\/i><\/span>\n        <div class=\"media-body\">\n          <h5 class=\"mt-0 mb-0\">Adresse :<\/h5>\n           B\u00e2timent OMMP Port de Rad\u00e8s 2040 Rad\u00e8s \u2010 Tunisie        <\/div>\n      <\/div>\n        <div class=\"contact-social-info\">\n              <a href=\"https:\/\/www.facebook.com\/people\/Expertise-formation-professionnelle\/100054584344481\/#\"><i class=\"dustrial-icon fa fa-facebook-f\" aria-hidden=\"true\"><\/i><\/a>\n          <\/div>\n    \n  <\/div>\n\n  <\/div><\/div><\/div><div class=\"contact-page-form wpb_column vc_column_container vc_col-sm-8\"><div class=\"vc_column-inner\"><div class=\"wpb_wrapper\">\n<div class=\"wpcf7 no-js\" id=\"wpcf7-f187-o1\" lang=\"en-US\" dir=\"ltr\" data-wpcf7-id=\"187\">\n<div class=\"screen-reader-response\"><p role=\"status\" aria-live=\"polite\" aria-atomic=\"true\"><\/p> <ul><\/ul><\/div>\n<form action=\"\/en\/wp-json\/wp\/v2\/pages\/491#wpcf7-f187-o1\" method=\"post\" class=\"wpcf7-form init\" aria-label=\"Contact form\" novalidate=\"novalidate\" data-status=\"init\" data-trp-original-action=\"\/en\/wp-json\/wp\/v2\/pages\/491#wpcf7-f187-o1\">\n<fieldset class=\"hidden-fields-container\"><input type=\"hidden\" name=\"_wpcf7\" value=\"187\" \/><input type=\"hidden\" name=\"_wpcf7_version\" value=\"6.1.5\" \/><input type=\"hidden\" name=\"_wpcf7_locale\" value=\"en_US\" \/><input type=\"hidden\" name=\"_wpcf7_unit_tag\" value=\"wpcf7-f187-o1\" \/><input type=\"hidden\" name=\"_wpcf7_container_post\" value=\"0\" \/><input type=\"hidden\" name=\"_wpcf7_posted_data_hash\" value=\"\" \/><input type=\"hidden\" name=\"_wpcf7_recaptcha_response\" value=\"\" \/>\n<\/fieldset>\n<div class=\"contact-feedback-block\">\n\t<div class=\"form-row\">\n\t\t<div class=\"form-group col-md-6 pr-lg-3\">\n\t\t\t<p><span class=\"wpcf7-form-control-wrap\" data-name=\"your-name\"><input size=\"40\" maxlength=\"400\" class=\"wpcf7-form-control wpcf7-text wpcf7-validates-as-required form-control rounded-0\" aria-required=\"true\" aria-invalid=\"false\" placeholder=\"Nom*\" value=\"\" type=\"text\" name=\"your-name\" \/><\/span>\n\t\t\t<\/p>\n\t\t<\/div>\n\t\t<div class=\"form-group col-md-6\">\n\t\t\t<p><span class=\"wpcf7-form-control-wrap\" data-name=\"last-name\"><input size=\"40\" maxlength=\"400\" class=\"wpcf7-form-control wpcf7-text wpcf7-validates-as-required form-control rounded-0\" aria-required=\"true\" aria-invalid=\"false\" placeholder=\"Pr\u00e9nom*\" value=\"\" type=\"text\" name=\"last-name\" \/><\/span>\n\t\t\t<\/p>\n\t\t<\/div>\n\t\t<div class=\"form-group col-md-6 pr-lg-3\">\n\t\t\t<p><span class=\"wpcf7-form-control-wrap\" data-name=\"your-email\"><input size=\"40\" maxlength=\"400\" class=\"wpcf7-form-control wpcf7-email wpcf7-validates-as-required wpcf7-text wpcf7-validates-as-email form-control rounded-0\" aria-required=\"true\" aria-invalid=\"false\" placeholder=\"Email\" value=\"\" type=\"email\" name=\"your-email\" \/><\/span>\n\t\t\t<\/p>\n\t\t<\/div>\n\t\t<div class=\"form-group col-md-6\">\n\t\t\t<p><span class=\"wpcf7-form-control-wrap\" data-name=\"your-phone\"><input size=\"40\" maxlength=\"400\" class=\"wpcf7-form-control wpcf7-text wpcf7-validates-as-required form-control rounded-0\" aria-required=\"true\" aria-invalid=\"false\" placeholder=\"T\u00e9l\u00e9phone\" value=\"\" type=\"text\" name=\"your-phone\" \/><\/span>\n\t\t\t<\/p>\n\t\t<\/div>\n\t<\/div>\n\t<div class=\"form-group\">\n\t\t<p><span class=\"wpcf7-form-control-wrap\" data-name=\"your-message\"><textarea cols=\"80\" rows=\"5\" maxlength=\"2000\" class=\"wpcf7-form-control wpcf7-textarea form-control rounded-0\" aria-invalid=\"false\" placeholder=\"Message\" name=\"your-message\"><\/textarea><\/span>\n\t\t<\/p>\n\t<\/div>\n<span class=\"wpcf7-form-control-wrap recaptcha\" data-name=\"recaptcha\"><span data-sitekey=\"6LdayqMrAAAAAJBYEJ3D6ogqphnZlGHGVNgtTjrU\" class=\"wpcf7-form-control wpcf7-recaptcha g-recaptcha\"><\/span>\n<noscript>\n\t<div class=\"grecaptcha-noscript\">\n\t\t<iframe loading=\"lazy\" src=\"https:\/\/www.google.com\/recaptcha\/api\/fallback?k=6LdayqMrAAAAAJBYEJ3D6ogqphnZlGHGVNgtTjrU\" frameborder=\"0\" scrolling=\"no\" width=\"310\" height=\"430\">\n\t\t<\/iframe>\n\t\t<textarea name=\"g-recaptcha-response\" rows=\"3\" cols=\"40\" placeholder=\"reCaptcha Response Here\">\n\t\t<\/textarea>\n\t<\/div>\n<\/noscript>\n<\/span>\n\t<p><button type=\"submit\" class=\"get_quote_btn\">Envoyer<\/button>\n\t<\/p>\n<\/div><div class=\"wpcf7-response-output\" aria-hidden=\"true\"><\/div>\n<input type=\"hidden\" name=\"trp-form-language\" value=\"en\"\/><\/form>\n<\/div>\n<\/div><\/div><\/div><\/div><div class=\"vc_row wpb_row vc_row-fluid contact-page vc_custom_1546075957443\"><div class=\"contact-address-left wpb_column vc_column_container vc_col-sm-4\"><div class=\"vc_column-inner\"><div class=\"wpb_wrapper\">  <div class=\"block contact_address\">\n    <div class=\"title\">\n      <h4><\/h4>\n      <h1>Contact<\/h1>\n    <\/div>\n\n    \n      <div class=\"media border-bottom contact-media\">\n        <span class=\"info-icon\"><i class=\"dustrial-icon fa fa-phone\"><\/i><\/span>\n        <div class=\"media-body\">\n          <h5 class=\"mt-0 mb-0\">T\u00e9l\u00e9phone<\/h5>\n                      <a href=\"tel:71 469 349\">71 469 349<\/a>\n                  <\/div>\n      <\/div>\n    \n      <div class=\"media border-bottom contact-media\">\n        <span class=\"info-icon\"><i class=\"dustrial-icon fa fa-phone\"><\/i><\/span>\n        <div class=\"media-body\">\n          <h5 class=\"mt-0 mb-0\">T\u00e9l\u00e9phone<\/h5>\n                      <a href=\"tel:71 448 502\">71 448 502<\/a>\n                  <\/div>\n      <\/div>\n    \n      <div class=\"media border-bottom contact-media\">\n        <span class=\"info-icon\"><i class=\"dustrial-icon fa fa-fax\"><\/i><\/span>\n        <div class=\"media-body\">\n          <h5 class=\"mt-0 mb-0\">T\u00e9l\u00e9phone<\/h5>\n                      <a href=\"tel:71 469 954\">71 469 954<\/a>\n                  <\/div>\n      <\/div>\n    \n      <div class=\"media border-bottom contact-media\">\n        <span class=\"info-icon\"><i class=\"dustrial-icon fa fa-map-marker\"><\/i><\/span>\n        <div class=\"media-body\">\n          <h5 class=\"mt-0 mb-0\">Adresse :<\/h5>\n          Tunis        <\/div>\n      <\/div>\n        <div class=\"contact-social-info\">\n          <\/div>\n    \n  <\/div>\n\n  <div class=\"wpb_gmaps_widget wpb_content_element vc_custom_1751368386963\"><div class=\"wpb_wrapper\"><div class=\"wpb_map_wraper\"><iframe src=\"https:\/\/www.google.com\/maps\/embed?pb=!1m18!1m12!1m3!1d102239.41060642619!2d10.060877018313525!3d36.794991999378645!2m3!1f0!2f0!3f0!3m2!1i1024!2i768!4f13.1!3m3!1m2!1s0x12fd337f5e7ef543%3A0xd671924e714a0275!2sTunis!5e0!3m2!1sfr!2stn!4v1751368375424!5m2!1sfr!2stn\" width=\"600\" height=\"450\" style=\"border:0;\" allowfullscreen=\"\" loading=\"lazy\" referrerpolicy=\"no-referrer-when-downgrade\"><\/iframe><\/div><\/div><\/div><\/div><\/div><\/div><div class=\"contact-page-form wpb_column vc_column_container vc_col-sm-4\"><div class=\"vc_column-inner\"><div class=\"wpb_wrapper\">  <div class=\"block contact_address\">\n    <div class=\"title\">\n      <h4><\/h4>\n      <h1>Contact<\/h1>\n    <\/div>\n\n    \n      <div class=\"media border-bottom contact-media\">\n        <span class=\"info-icon\"><i class=\"dustrial-icon fa fa-phone\"><\/i><\/span>\n        <div class=\"media-body\">\n          <h5 class=\"mt-0 mb-0\">T\u00e9l\u00e9phone<\/h5>\n                      <a href=\"tel:31 101 746\">31 101 746<\/a>\n                  <\/div>\n      <\/div>\n    \n      <div class=\"media border-bottom contact-media\">\n        <span class=\"info-icon\"><i class=\"dustrial-icon fa fa-map-marker\"><\/i><\/span>\n        <div class=\"media-body\">\n          <h5 class=\"mt-0 mb-0\">Adresse :<\/h5>\n          Annexe Kerkennah        <\/div>\n      <\/div>\n        <div class=\"contact-social-info\">\n          <\/div>\n    \n  <\/div>\n\n  <div class=\"wpb_gmaps_widget wpb_content_element vc_custom_1751368421634\"><div class=\"wpb_wrapper\"><div class=\"wpb_map_wraper\"><iframe src=\"https:\/\/www.google.com\/maps\/embed?pb=!1m18!1m12!1m3!1d209876.98304020497!2d10.991888294241473!3d34.72212933826537!2m3!1f0!2f0!3f0!3m2!1i1024!2i768!4f13.1!3m3!1m2!1s0x1301ac8b90185bc7%3A0x560489b737949fdf!2sKerkennah!5e0!3m2!1sfr!2stn!4v1751368414907!5m2!1sfr!2stn\" width=\"600\" height=\"450\" style=\"border:0;\" allowfullscreen=\"\" loading=\"lazy\" referrerpolicy=\"no-referrer-when-downgrade\"><\/iframe><\/div><\/div><\/div><\/div><\/div><\/div><div class=\"wpb_column vc_column_container vc_col-sm-4\"><div class=\"vc_column-inner\"><div class=\"wpb_wrapper\">  <div class=\"block contact_address\">\n    <div class=\"title\">\n      <h4><\/h4>\n      <h1>Contact<\/h1>\n    <\/div>\n\n    \n      <div class=\"media border-bottom contact-media\">\n        <span class=\"info-icon\"><i class=\"dustrial-icon fa fa-phone\"><\/i><\/span>\n        <div class=\"media-body\">\n          <h5 class=\"mt-0 mb-0\">T\u00e9l\u00e9phone<\/h5>\n                      <a href=\"tel:98 199 523\">98 199 523<\/a>\n                  <\/div>\n      <\/div>\n    \n      <div class=\"media border-bottom contact-media\">\n        <span class=\"info-icon\"><i class=\"dustrial-icon fa fa-map-marker\"><\/i><\/span>\n        <div class=\"media-body\">\n          <h5 class=\"mt-0 mb-0\">Adresse :<\/h5>\n          Annexe Zarzis        <\/div>\n      <\/div>\n        <div class=\"contact-social-info\">\n          <\/div>\n    \n  <\/div>\n\n  <div class=\"wpb_gmaps_widget wpb_content_element vc_custom_1751368452666\"><div class=\"wpb_wrapper\"><div class=\"wpb_map_wraper\"><iframe src=\"https:\/\/www.google.com\/maps\/embed?pb=!1m18!1m12!1m3!1d26615.622306841702!2d11.064219232600875!3d33.50260543135273!2m3!1f0!2f0!3f0!3m2!1i1024!2i768!4f13.1!3m3!1m2!1s0x13aaef091002cd17%3A0xf0c94e8be32184f!2sZarzis!5e0!3m2!1sfr!2stn!4v1751368446594!5m2!1sfr!2stn\" width=\"600\" height=\"450\" style=\"border:0;\" allowfullscreen=\"\" loading=\"lazy\" referrerpolicy=\"no-referrer-when-downgrade\"><\/iframe><\/div><\/div><\/div><\/div><\/div><\/div><\/div><div data-vc-full-width=\"true\" data-vc-full-width-init=\"false\" data-vc-stretch-content=\"true\" class=\"vc_row wpb_row vc_row-fluid vc_custom_1543061823223 vc_row-no-padding\"><div class=\"wpb_column vc_column_container vc_col-sm-12\"><div class=\"vc_column-inner vc_custom_1543061849576\"><div class=\"wpb_wrapper\"><div class=\"wpb_gmaps_widget wpb_content_element vc_custom_1751368064425\"><div class=\"wpb_wrapper\"><div class=\"wpb_map_wraper\"><iframe src=\"https:\/\/www.google.com\/maps\/embed?pb=!1m18!1m12!1m3!1d3194.7414805078897!2d10.26978907629651!3d36.80074826766777!2m3!1f0!2f0!3f0!3m2!1i1024!2i768!4f13.1!3m3!1m2!1s0x12fd4b00178c4e8d%3A0xcaf5526a3ac15ad1!2sOMMP%20Rades!5e0!3m2!1sfr!2stn!4v1751368054721!5m2!1sfr!2stn\" width=\"600\" height=\"450\" style=\"border:0;\" allowfullscreen=\"\" loading=\"lazy\" referrerpolicy=\"no-referrer-when-downgrade\"><\/iframe><\/div><\/div><\/div><\/div><\/div><\/div><\/div><div class=\"vc_row-full-width vc_clearfix\"><\/div>\n<\/div>","protected":false},"excerpt":{"rendered":"Contact T\u00e9l\u00e9phone (+216) 71 469 956 Email : imfmm@imfmm.tn Adresse : B\u00e2timent OMMP Port de Rad\u00e8s 2040 Rad\u00e8s \u2010 Tunisie Envoyer Contact T\u00e9l\u00e9phone 71 469 349 T\u00e9l\u00e9phone 71 448 502 T\u00e9l\u00e9phone 71 469 954 Adresse : Tunis Contact T\u00e9l\u00e9phone 31 101 746 Adresse : Annexe Kerkennah Contact T\u00e9l\u00e9phone 98 199 523 Adresse : Annexe Zarzis","protected":false},"author":1,"featured_media":0,"parent":0,"menu_order":0,"comment_status":"closed","ping_status":"closed","template":"page-template\/blank-page-sidebar.php","meta":{"_monsterinsights_skip_tracking":false,"_monsterinsights_sitenote_active":false,"_monsterinsights_sitenote_note":"","_monsterinsights_sitenote_category":0,"footnotes":""},"class_list":["post-491","page","type-page","status-publish","hentry"],"yoast_head":"<!-- This site is optimized with the Yoast SEO plugin v27.4 - https:\/\/yoast.com\/product\/yoast-seo-wordpress\/ -->\n<title>Contact - L&#039;Institut M\u00e9diterran\u00e9en de Formation aux M\u00e9tiers Maritimes<\/title>\n<meta name=\"robots\" content=\"index, follow, max-snippet:-1, max-image-preview:large, max-video-preview:-1\" \/>\n<link rel=\"canonical\" href=\"https:\/\/www.imfmm.tn\/en\/contact\/\" \/>\n<meta property=\"og:locale\" content=\"en_US\" \/>\n<meta property=\"og:type\" content=\"article\" \/>\n<meta property=\"og:title\" content=\"Contact - L&#039;Institut M\u00e9diterran\u00e9en de Formation aux M\u00e9tiers Maritimes\" \/>\n<meta property=\"og:url\" content=\"https:\/\/www.imfmm.tn\/en\/contact\/\" \/>\n<meta property=\"og:site_name\" content=\"L&#039;Institut M\u00e9diterran\u00e9en de Formation aux M\u00e9tiers Maritimes\" \/>\n<meta property=\"article:modified_time\" content=\"2025-10-10T10:07:27+00:00\" \/>\n<meta name=\"twitter:card\" content=\"summary_large_image\" \/>\n<meta name=\"twitter:label1\" content=\"Est. reading time\" \/>\n\t<meta name=\"twitter:data1\" content=\"5 minutes\" \/>\n<script type=\"application\/ld+json\" class=\"yoast-schema-graph\">{\"@context\":\"https:\\\/\\\/schema.org\",\"@graph\":[{\"@type\":\"WebPage\",\"@id\":\"https:\\\/\\\/www.imfmm.tn\\\/contact\\\/\",\"url\":\"https:\\\/\\\/www.imfmm.tn\\\/contact\\\/\",\"name\":\"Contact - L&#039;Institut M\u00e9diterran\u00e9en de Formation aux M\u00e9tiers Maritimes\",\"isPartOf\":{\"@id\":\"https:\\\/\\\/www.imfmm.tn\\\/#website\"},\"datePublished\":\"2018-11-24T12:04:53+00:00\",\"dateModified\":\"2025-10-10T10:07:27+00:00\",\"breadcrumb\":{\"@id\":\"https:\\\/\\\/www.imfmm.tn\\\/contact\\\/#breadcrumb\"},\"inLanguage\":\"en-US\",\"potentialAction\":[{\"@type\":\"ReadAction\",\"target\":[\"https:\\\/\\\/www.imfmm.tn\\\/contact\\\/\"]}]},{\"@type\":\"BreadcrumbList\",\"@id\":\"https:\\\/\\\/www.imfmm.tn\\\/contact\\\/#breadcrumb\",\"itemListElement\":[{\"@type\":\"ListItem\",\"position\":1,\"name\":\"Accueil\",\"item\":\"https:\\\/\\\/www.imfmm.tn\\\/\"},{\"@type\":\"ListItem\",\"position\":2,\"name\":\"Contact\"}]},{\"@type\":\"WebSite\",\"@id\":\"https:\\\/\\\/www.imfmm.tn\\\/#website\",\"url\":\"https:\\\/\\\/www.imfmm.tn\\\/\",\"name\":\"L&#039;Institut M\u00e9diterran\u00e9en de Formation aux M\u00e9tiers Maritimes\",\"description\":\"\",\"potentialAction\":[{\"@type\":\"SearchAction\",\"target\":{\"@type\":\"EntryPoint\",\"urlTemplate\":\"https:\\\/\\\/www.imfmm.tn\\\/?s={search_term_string}\"},\"query-input\":{\"@type\":\"PropertyValueSpecification\",\"valueRequired\":true,\"valueName\":\"search_term_string\"}}],\"inLanguage\":\"en-US\"}]}<\/script>\n<!-- \/ Yoast SEO plugin. -->","yoast_head_json":{"title":"Contact - L&#039;Institut M\u00e9diterran\u00e9en de Formation aux M\u00e9tiers Maritimes","robots":{"index":"index","follow":"follow","max-snippet":"max-snippet:-1","max-image-preview":"max-image-preview:large","max-video-preview":"max-video-preview:-1"},"canonical":"https:\/\/www.imfmm.tn\/en\/contact\/","og_locale":"en_US","og_type":"article","og_title":"Contact - L&#039;Institut M\u00e9diterran\u00e9en de Formation aux M\u00e9tiers Maritimes","og_url":"https:\/\/www.imfmm.tn\/en\/contact\/","og_site_name":"L&#039;Institut M\u00e9diterran\u00e9en de Formation aux M\u00e9tiers Maritimes","article_modified_time":"2025-10-10T10:07:27+00:00","twitter_card":"summary_large_image","twitter_misc":{"Est. reading time":"5 minutes"},"schema":{"@context":"https:\/\/schema.org","@graph":[{"@type":"WebPage","@id":"https:\/\/www.imfmm.tn\/contact\/","url":"https:\/\/www.imfmm.tn\/contact\/","name":"Contact - L&#039;Institut M\u00e9diterran\u00e9en de Formation aux M\u00e9tiers Maritimes","isPartOf":{"@id":"https:\/\/www.imfmm.tn\/#website"},"datePublished":"2018-11-24T12:04:53+00:00","dateModified":"2025-10-10T10:07:27+00:00","breadcrumb":{"@id":"https:\/\/www.imfmm.tn\/contact\/#breadcrumb"},"inLanguage":"en-US","potentialAction":[{"@type":"ReadAction","target":["https:\/\/www.imfmm.tn\/contact\/"]}]},{"@type":"BreadcrumbList","@id":"https:\/\/www.imfmm.tn\/contact\/#breadcrumb","itemListElement":[{"@type":"ListItem","position":1,"name":"Accueil","item":"https:\/\/www.imfmm.tn\/"},{"@type":"ListItem","position":2,"name":"Contact"}]},{"@type":"WebSite","@id":"https:\/\/www.imfmm.tn\/#website","url":"https:\/\/www.imfmm.tn\/","name":"L&#039;Institut M\u00e9diterran\u00e9en de Formation aux M\u00e9tiers Maritimes","description":"","potentialAction":[{"@type":"SearchAction","target":{"@type":"EntryPoint","urlTemplate":"https:\/\/www.imfmm.tn\/?s={search_term_string}"},"query-input":{"@type":"PropertyValueSpecification","valueRequired":true,"valueName":"search_term_string"}}],"inLanguage":"en-US"}]}},"_links":{"self":[{"href":"https:\/\/www.imfmm.tn\/en\/wp-json\/wp\/v2\/pages\/491","targetHints":{"allow":["GET"]}}],"collection":[{"href":"https:\/\/www.imfmm.tn\/en\/wp-json\/wp\/v2\/pages"}],"about":[{"href":"https:\/\/www.imfmm.tn\/en\/wp-json\/wp\/v2\/types\/page"}],"author":[{"embeddable":true,"href":"https:\/\/www.imfmm.tn\/en\/wp-json\/wp\/v2\/users\/1"}],"replies":[{"embeddable":true,"href":"https:\/\/www.imfmm.tn\/en\/wp-json\/wp\/v2\/comments?post=491"}],"version-history":[{"count":7,"href":"https:\/\/www.imfmm.tn\/en\/wp-json\/wp\/v2\/pages\/491\/revisions"}],"predecessor-version":[{"id":3422,"href":"https:\/\/www.imfmm.tn\/en\/wp-json\/wp\/v2\/pages\/491\/revisions\/3422"}],"wp:attachment":[{"href":"https:\/\/www.imfmm.tn\/en\/wp-json\/wp\/v2\/media?parent=491"}],"curies":[{"name":"wp","href":"https:\/\/api.w.org\/{rel}","templated":true}]}}