{"id":472,"date":"2018-11-24T09:58:29","date_gmt":"2018-11-24T09:58:29","guid":{"rendered":"http:\/\/pluginspoint.com\/dustrial\/?page_id=472"},"modified":"2018-11-24T09:58:29","modified_gmt":"2018-11-24T09:58:29","slug":"market-sectors-page-3","status":"publish","type":"page","link":"https:\/\/www.imfmm.tn\/en\/market-sectors-page-3\/","title":{"rendered":"Market Sectors Page 3"},"content":{"rendered":"<div class=\"wpb-content-wrapper\"><div class=\"vc_row wpb_row vc_row-fluid vc_custom_1544338387513\"><div class=\"wpb_column vc_column_container vc_col-sm-12\"><div class=\"vc_column-inner\"><div class=\"wpb_wrapper\"><div class=\"row\">\n\n    \n      <div class=\"col-lg-4  col-md-6\">\n        <div class=\"service-overlay69df1ec90a056 market-single-items\">\n          <div class=\"market-item-thumb market-style-3\">\n                        <a href=\"https:\/\/www.imfmm.tn\/en\/service\/formation-initiale\/\">\n              <div class=\"img-overlay activeColor d-flex align-items-center justify-content-center\">\n                  <i class=\"fa fa-link\" aria-hidden=\"true\"><\/i>\n              <\/div>\n              <img loading=\"lazy\" decoding=\"async\" width=\"362\" height=\"170\" src=\"https:\/\/www.imfmm.tn\/wp-content\/uploads\/2025\/05\/Banniere-site-web-IMFMM-Formation-Initiale.jpg\" class=\"img-fluid wp-post-image\" alt=\"\" \/>            <\/a>\n                        <a href=\"https:\/\/www.imfmm.tn\/en\/service\/formation-initiale\/\">\n              <div class=\"shape-style-2\"><\/div>\n              <div class=\"categories\">\n                <i class=\"flaticon-oil-platform\"><\/i>\n              <\/div>\n            <\/a>\n                      <\/div>\n          <div class=\"market-item-details\">\n            <a href=\"https:\/\/www.imfmm.tn\/en\/service\/formation-initiale\/\">Formation Initiale<\/a>\n            <p class=\"card-text\">Formation Initiale aux M\u00e9tiers Maritimes, Portuaires et Logistique La formation initiale est destin\u00e9e \u00e0 tout apprenant\u00a0qui souhaite apprendre les<\/p>\n          <\/div>\n        <\/div>\n      <\/div>\n\n      \n  \n      <div class=\"col-lg-4  col-md-6\">\n        <div class=\"service-overlay69df1ec90a056 market-single-items\">\n          <div class=\"market-item-thumb market-style-3\">\n                        <a href=\"https:\/\/www.imfmm.tn\/en\/service\/formation-complementaire-stcw\/\">\n              <div class=\"img-overlay activeColor d-flex align-items-center justify-content-center\">\n                  <i class=\"fa fa-link\" aria-hidden=\"true\"><\/i>\n              <\/div>\n              <img loading=\"lazy\" decoding=\"async\" width=\"362\" height=\"170\" src=\"https:\/\/www.imfmm.tn\/wp-content\/uploads\/2025\/05\/Banniere-site-web-IMFMM-Formation-Complementaire-STCW-1.jpg\" class=\"img-fluid wp-post-image\" alt=\"\" \/>            <\/a>\n                        <a href=\"https:\/\/www.imfmm.tn\/en\/service\/formation-complementaire-stcw\/\">\n              <div class=\"shape-style-2\"><\/div>\n              <div class=\"categories\">\n                <i class=\"flaticon-oil-platform\"><\/i>\n              <\/div>\n            <\/a>\n                      <\/div>\n          <div class=\"market-item-details\">\n            <a href=\"https:\/\/www.imfmm.tn\/en\/service\/formation-complementaire-stcw\/\">Formation Compl\u00e9mentaire STCW<\/a>\n            <p class=\"card-text\">Formations STCW et Comp\u00e9tences pour M\u00e9tiers Maritimes et Marine Marchande L\u2019IMFMM est accr\u00e9dit\u00e9 \u00e0 dispenser les formations compl\u00e9mentaires exig\u00e9es<\/p>\n          <\/div>\n        <\/div>\n      <\/div>\n\n      \n  \n      <div class=\"col-lg-4  col-md-6\">\n        <div class=\"service-overlay69df1ec90a056 market-single-items\">\n          <div class=\"market-item-thumb market-style-3\">\n                        <a href=\"https:\/\/www.imfmm.tn\/en\/service\/formation-continue\/\">\n              <div class=\"img-overlay activeColor d-flex align-items-center justify-content-center\">\n                  <i class=\"fa fa-link\" aria-hidden=\"true\"><\/i>\n              <\/div>\n              <img loading=\"lazy\" decoding=\"async\" width=\"362\" height=\"170\" src=\"https:\/\/www.imfmm.tn\/wp-content\/uploads\/2025\/05\/Banniere-site-web-IMFMM-Formation-Continue-1.jpg\" class=\"img-fluid wp-post-image\" alt=\"\" \/>            <\/a>\n                        <a href=\"https:\/\/www.imfmm.tn\/en\/service\/formation-continue\/\">\n              <div class=\"shape-style-2\"><\/div>\n              <div class=\"categories\">\n                <i class=\"flaticon-oil-platform\"><\/i>\n              <\/div>\n            <\/a>\n                      <\/div>\n          <div class=\"market-item-details\">\n            <a href=\"https:\/\/www.imfmm.tn\/en\/service\/formation-continue\/\">Formation Continue<\/a>\n            <p class=\"card-text\">Formations Continues pour Professionnels des M\u00e9tiers Maritimes et Logistique L\u2019IMFMM organise des sessions de formation continue selon les besoins<\/p>\n          <\/div>\n        <\/div>\n      <\/div>\n\n      \n  \n      <div class=\"col-lg-4  col-md-6\">\n        <div class=\"service-overlay69df1ec90a056 market-single-items\">\n          <div class=\"market-item-thumb market-style-3\">\n                        <a href=\"https:\/\/www.imfmm.tn\/en\/service\/formation-peche\/\">\n              <div class=\"img-overlay activeColor d-flex align-items-center justify-content-center\">\n                  <i class=\"fa fa-link\" aria-hidden=\"true\"><\/i>\n              <\/div>\n              <img loading=\"lazy\" decoding=\"async\" width=\"362\" height=\"170\" src=\"https:\/\/www.imfmm.tn\/wp-content\/uploads\/2025\/05\/Banniere-site-web-IMFMM-Formation-Peche-1.jpg\" class=\"img-fluid wp-post-image\" alt=\"\" \/>            <\/a>\n                        <a href=\"https:\/\/www.imfmm.tn\/en\/service\/formation-peche\/\">\n              <div class=\"shape-style-2\"><\/div>\n              <div class=\"categories\">\n                <i class=\"flaticon-oil-platform\"><\/i>\n              <\/div>\n            <\/a>\n                      <\/div>\n          <div class=\"market-item-details\">\n            <a href=\"https:\/\/www.imfmm.tn\/en\/service\/formation-peche\/\">Formation P\u00eache<\/a>\n            <p class=\"card-text\">Formations pour Marins P\u00eacheurs et M\u00e9tiers Maritimes en Tunisie L\u2019IMFMM dispense des formations pour les marins p\u00eacheurs r\u00e9pondant aux<\/p>\n          <\/div>\n        <\/div>\n      <\/div>\n\n      \n  \n      <div class=\"col-lg-4  col-md-6\">\n        <div class=\"service-overlay69df1ec90a056 market-single-items\">\n          <div class=\"market-item-thumb market-style-3\">\n                        <a href=\"https:\/\/www.imfmm.tn\/en\/service\/formation-plaisance\/\">\n              <div class=\"img-overlay activeColor d-flex align-items-center justify-content-center\">\n                  <i class=\"fa fa-link\" aria-hidden=\"true\"><\/i>\n              <\/div>\n              <img loading=\"lazy\" decoding=\"async\" width=\"362\" height=\"170\" src=\"https:\/\/www.imfmm.tn\/wp-content\/uploads\/2025\/05\/Banniere-site-web-IMFMM-formation-plaisance.jpg\" class=\"img-fluid wp-post-image\" alt=\"\" \/>            <\/a>\n                        <a href=\"https:\/\/www.imfmm.tn\/en\/service\/formation-plaisance\/\">\n              <div class=\"shape-style-2\"><\/div>\n              <div class=\"categories\">\n                <i class=\"flaticon-oil-platform\"><\/i>\n              <\/div>\n            <\/a>\n                      <\/div>\n          <div class=\"market-item-details\">\n            <a href=\"https:\/\/www.imfmm.tn\/en\/service\/formation-plaisance\/\">Formation plaisance<\/a>\n            <p class=\"card-text\">Formations Plaisance et Gestion des Ports de Loisir en Tunisie \u2714 Agent de maintenance et m\u00e9canique nautique pour bateaux<\/p>\n          <\/div>\n        <\/div>\n      <\/div>\n\n      \n  \n      <div class=\"col-lg-4  col-md-6\">\n        <div class=\"service-overlay69df1ec90a056 market-single-items\">\n          <div class=\"market-item-thumb market-style-3\">\n                        <a href=\"https:\/\/www.imfmm.tn\/en\/service\/formation-issa\/\">\n              <div class=\"img-overlay activeColor d-flex align-items-center justify-content-center\">\n                  <i class=\"fa fa-link\" aria-hidden=\"true\"><\/i>\n              <\/div>\n              <img loading=\"lazy\" decoding=\"async\" width=\"362\" height=\"170\" src=\"https:\/\/www.imfmm.tn\/wp-content\/uploads\/2025\/05\/Banniere-site-web-IMFMM-Formation-ISSA.jpg\" class=\"img-fluid wp-post-image\" alt=\"\" \/>            <\/a>\n                        <a href=\"https:\/\/www.imfmm.tn\/en\/service\/formation-issa\/\">\n              <div class=\"shape-style-2\"><\/div>\n              <div class=\"categories\">\n                <i class=\"flaticon-oil-platform\"><\/i>\n              <\/div>\n            <\/a>\n                      <\/div>\n          <div class=\"market-item-details\">\n            <a href=\"https:\/\/www.imfmm.tn\/en\/service\/formation-issa\/\">Formation ISSA<\/a>\n            <p class=\"card-text\">Formations ISSA (permis bateau plaisance) : Inshore Skipper, Offshore Skipper et Boat Master en Tunisie Inshore Skipper : navigation<\/p>\n          <\/div>\n        <\/div>\n      <\/div>\n\n      \n  <\/div>\n\n<\/div><\/div><\/div><\/div>\n<\/div>","protected":false},"excerpt":{"rendered":"Formations ISSA (permis bateau plaisance) : Inshore Skipper, Offshore Skipper et Boat Master en Tunisie Inshore Skipper : navigation c\u00f4ti\u00e8re et s\u00e9curit\u00e9 maritime Offshore Skipper : navigation hauturi\u00e8re et gestion des navires Boat Master : initiation \u00e0 la navigation pour \u00e9quipiers d\u00e9butants","protected":false},"author":1,"featured_media":0,"parent":0,"menu_order":0,"comment_status":"closed","ping_status":"closed","template":"page-template\/blank-page-sidebar.php","meta":{"_monsterinsights_skip_tracking":false,"_monsterinsights_sitenote_active":false,"_monsterinsights_sitenote_note":"","_monsterinsights_sitenote_category":0,"footnotes":""},"class_list":["post-472","page","type-page","status-publish","hentry"],"yoast_head":"<!-- This site is optimized with the Yoast SEO plugin v27.3 - https:\/\/yoast.com\/product\/yoast-seo-wordpress\/ -->\n<title>Market Sectors Page 3 - L&#039;Institut M\u00e9diterran\u00e9en de Formation aux M\u00e9tiers Maritimes<\/title>\n<meta name=\"robots\" content=\"index, follow, max-snippet:-1, max-image-preview:large, max-video-preview:-1\" \/>\n<link rel=\"canonical\" href=\"https:\/\/www.imfmm.tn\/en\/market-sectors-page-3\/\" \/>\n<meta property=\"og:locale\" content=\"en_US\" \/>\n<meta property=\"og:type\" content=\"article\" \/>\n<meta property=\"og:title\" content=\"Market Sectors Page 3 - L&#039;Institut M\u00e9diterran\u00e9en de Formation aux M\u00e9tiers Maritimes\" \/>\n<meta property=\"og:url\" content=\"https:\/\/www.imfmm.tn\/en\/market-sectors-page-3\/\" \/>\n<meta property=\"og:site_name\" content=\"L&#039;Institut M\u00e9diterran\u00e9en de Formation aux M\u00e9tiers Maritimes\" \/>\n<meta name=\"twitter:card\" content=\"summary_large_image\" \/>\n<script type=\"application\/ld+json\" class=\"yoast-schema-graph\">{\"@context\":\"https:\\\/\\\/schema.org\",\"@graph\":[{\"@type\":\"WebPage\",\"@id\":\"https:\\\/\\\/www.imfmm.tn\\\/market-sectors-page-3\\\/\",\"url\":\"https:\\\/\\\/www.imfmm.tn\\\/market-sectors-page-3\\\/\",\"name\":\"Market Sectors Page 3 - L&#039;Institut M\u00e9diterran\u00e9en de Formation aux M\u00e9tiers Maritimes\",\"isPartOf\":{\"@id\":\"https:\\\/\\\/www.imfmm.tn\\\/#website\"},\"datePublished\":\"2018-11-24T09:58:29+00:00\",\"breadcrumb\":{\"@id\":\"https:\\\/\\\/www.imfmm.tn\\\/market-sectors-page-3\\\/#breadcrumb\"},\"inLanguage\":\"en-US\",\"potentialAction\":[{\"@type\":\"ReadAction\",\"target\":[\"https:\\\/\\\/www.imfmm.tn\\\/market-sectors-page-3\\\/\"]}]},{\"@type\":\"BreadcrumbList\",\"@id\":\"https:\\\/\\\/www.imfmm.tn\\\/market-sectors-page-3\\\/#breadcrumb\",\"itemListElement\":[{\"@type\":\"ListItem\",\"position\":1,\"name\":\"Accueil\",\"item\":\"https:\\\/\\\/www.imfmm.tn\\\/\"},{\"@type\":\"ListItem\",\"position\":2,\"name\":\"Market Sectors Page 3\"}]},{\"@type\":\"WebSite\",\"@id\":\"https:\\\/\\\/www.imfmm.tn\\\/#website\",\"url\":\"https:\\\/\\\/www.imfmm.tn\\\/\",\"name\":\"L&#039;Institut M\u00e9diterran\u00e9en de Formation aux M\u00e9tiers Maritimes\",\"description\":\"\",\"potentialAction\":[{\"@type\":\"SearchAction\",\"target\":{\"@type\":\"EntryPoint\",\"urlTemplate\":\"https:\\\/\\\/www.imfmm.tn\\\/?s={search_term_string}\"},\"query-input\":{\"@type\":\"PropertyValueSpecification\",\"valueRequired\":true,\"valueName\":\"search_term_string\"}}],\"inLanguage\":\"en-US\"}]}<\/script>\n<!-- \/ Yoast SEO plugin. -->","yoast_head_json":{"title":"Market Sectors Page 3 - L&#039;Institut M\u00e9diterran\u00e9en de Formation aux M\u00e9tiers Maritimes","robots":{"index":"index","follow":"follow","max-snippet":"max-snippet:-1","max-image-preview":"max-image-preview:large","max-video-preview":"max-video-preview:-1"},"canonical":"https:\/\/www.imfmm.tn\/en\/market-sectors-page-3\/","og_locale":"en_US","og_type":"article","og_title":"Market Sectors Page 3 - L&#039;Institut M\u00e9diterran\u00e9en de Formation aux M\u00e9tiers Maritimes","og_url":"https:\/\/www.imfmm.tn\/en\/market-sectors-page-3\/","og_site_name":"L&#039;Institut M\u00e9diterran\u00e9en de Formation aux M\u00e9tiers Maritimes","twitter_card":"summary_large_image","schema":{"@context":"https:\/\/schema.org","@graph":[{"@type":"WebPage","@id":"https:\/\/www.imfmm.tn\/market-sectors-page-3\/","url":"https:\/\/www.imfmm.tn\/market-sectors-page-3\/","name":"Market Sectors Page 3 - L&#039;Institut M\u00e9diterran\u00e9en de Formation aux M\u00e9tiers Maritimes","isPartOf":{"@id":"https:\/\/www.imfmm.tn\/#website"},"datePublished":"2018-11-24T09:58:29+00:00","breadcrumb":{"@id":"https:\/\/www.imfmm.tn\/market-sectors-page-3\/#breadcrumb"},"inLanguage":"en-US","potentialAction":[{"@type":"ReadAction","target":["https:\/\/www.imfmm.tn\/market-sectors-page-3\/"]}]},{"@type":"BreadcrumbList","@id":"https:\/\/www.imfmm.tn\/market-sectors-page-3\/#breadcrumb","itemListElement":[{"@type":"ListItem","position":1,"name":"Accueil","item":"https:\/\/www.imfmm.tn\/"},{"@type":"ListItem","position":2,"name":"Market Sectors Page 3"}]},{"@type":"WebSite","@id":"https:\/\/www.imfmm.tn\/#website","url":"https:\/\/www.imfmm.tn\/","name":"L&#039;Institut M\u00e9diterran\u00e9en de Formation aux M\u00e9tiers Maritimes","description":"","potentialAction":[{"@type":"SearchAction","target":{"@type":"EntryPoint","urlTemplate":"https:\/\/www.imfmm.tn\/?s={search_term_string}"},"query-input":{"@type":"PropertyValueSpecification","valueRequired":true,"valueName":"search_term_string"}}],"inLanguage":"en-US"}]}},"_links":{"self":[{"href":"https:\/\/www.imfmm.tn\/en\/wp-json\/wp\/v2\/pages\/472","targetHints":{"allow":["GET"]}}],"collection":[{"href":"https:\/\/www.imfmm.tn\/en\/wp-json\/wp\/v2\/pages"}],"about":[{"href":"https:\/\/www.imfmm.tn\/en\/wp-json\/wp\/v2\/types\/page"}],"author":[{"embeddable":true,"href":"https:\/\/www.imfmm.tn\/en\/wp-json\/wp\/v2\/users\/1"}],"replies":[{"embeddable":true,"href":"https:\/\/www.imfmm.tn\/en\/wp-json\/wp\/v2\/comments?post=472"}],"version-history":[{"count":0,"href":"https:\/\/www.imfmm.tn\/en\/wp-json\/wp\/v2\/pages\/472\/revisions"}],"wp:attachment":[{"href":"https:\/\/www.imfmm.tn\/en\/wp-json\/wp\/v2\/media?parent=472"}],"curies":[{"name":"wp","href":"https:\/\/api.w.org\/{rel}","templated":true}]}}