{"id":412,"date":"2018-11-24T04:41:43","date_gmt":"2018-11-24T04:41:43","guid":{"rendered":"http:\/\/pluginspoint.com\/dustrial\/?page_id=412"},"modified":"2018-11-24T04:41:43","modified_gmt":"2018-11-24T04:41:43","slug":"testimonials","status":"publish","type":"page","link":"https:\/\/www.imfmm.tn\/en\/testimonials\/","title":{"rendered":"Testimonials"},"content":{"rendered":"<div class=\"wpb-content-wrapper\"><div data-vc-full-width=\"true\" data-vc-full-width-init=\"false\" class=\"vc_row wpb_row vc_row-fluid vc_custom_1546077509940 vc_row-has-fill\"><div class=\"wpb_column vc_column_container vc_col-sm-12\"><div class=\"vc_column-inner\"><div class=\"wpb_wrapper\"><div class=\"vc_row wpb_row vc_inner vc_row-fluid\"><div class=\"wpb_column vc_column_container vc_col-sm-12\"><div class=\"vc_column-inner\"><div class=\"wpb_wrapper\">\n    <div class=\"col-lg-8 offset-lg-2 col-md-10 offset-md-1 col-sm-12 col-12\">\n      <div class=\" dustrial-stitle-69e06628d238d section-title-three text-center wow fadeInUp\">\n        <h2>Customer <strong>Reviews<\/strong><\/h2>\n        <p>There are many variations of passages of Lorem Ipsum available but the majority have suffered in some form by injected or randomised words which even slightly believable.<\/p>\n      <\/div>\n    <\/div>\n\n    <\/div><\/div><\/div><\/div><div class=\"vc_row wpb_row vc_inner vc_row-fluid\"><div class=\"wpb_column vc_column_container vc_col-sm-12\"><div class=\"vc_column-inner\"><div class=\"wpb_wrapper\">  <script>\n    jQuery(document).ready(function($) {\n      $(\"#h3-testimonial-items\").owlCarousel({\n        loop: true,\n        margin: 30,\n        responsiveClass: true,\n        navigation: true,\n        navText: [\"<i class='fa fa-angle-left'><\/i>\", \"<i class='fa fa-angle-right'><\/i>\"],\n        nav: false,\n        items: 2,\n        dots: true,\n        autoplay: true,\n        smartSpeed: 1000,\n        autoplayTimeout: 1000,\n        mouseDrag:true,\n        center: false,\n        responsive: {\n            0: {\n                items: 1            },\n            766: {\n                items: 1            },\n            767: {\n                items: 2            },\n            990: {\n                items: 2            },\n            991: {\n                items: 2            }\n        }\n      });\n    });\n  <\/script>\n\n  <div id=\"h3-testimonial-items\" class=\"owl-carousel owl-theme\">\n    \n    <div class=\"item text-center\">\n      <div class=\"testimonial-content mb-5\">\n        <p>There are many variations of passages of at Lorem Ipsum that available but the majority the have suffered alteration. at There are many variations of passages of Lorem Ipsum anavailable a but the majority have suffered.<\/p>\n      <\/div>\n      <div class=\"testimonial-author pt-2\">\n        <div class=\"testimonial-author-img mb-3\">\n          <img loading=\"lazy\" decoding=\"async\" width=\"200\" height=\"200\" src=\"https:\/\/www.imfmm.tn\/wp-content\/uploads\/2018\/11\/testimonial-thumb-2.png\" class=\"attachment-post-thumbnail size-post-thumbnail wp-post-image\" alt=\"\" \/>        <\/div>\n        <h5 class=\"testimonial-author-name mb-0\">Maria Robinson<\/h5>\n                  <div class=\"testimonial-star-ratings\">\n          <i class=\"fa fa-star activeColor mr-1\" aria-hidden=\"true\"><\/i><i class=\"fa fa-star activeColor mr-1\" aria-hidden=\"true\"><\/i><i class=\"fa fa-star activeColor mr-1\" aria-hidden=\"true\"><\/i><i class=\"fa fa-star-o activeColor mr-1\" aria-hidden=\"true\"><\/i><i class=\"fa fa-star-o activeColor mr-1\" aria-hidden=\"true\"><\/i>          <\/div>\n              <\/div>\n    <\/div>\n    \n    <div class=\"item text-center\">\n      <div class=\"testimonial-content mb-5\">\n        <p>There are many variations of passages of at Lorem Ipsum that available but the majority the have suffered alteration. at There are many variations of passages of Lorem Ipsum anavailable a but the majority have suffered.<\/p>\n      <\/div>\n      <div class=\"testimonial-author pt-2\">\n        <div class=\"testimonial-author-img mb-3\">\n          <img loading=\"lazy\" decoding=\"async\" width=\"200\" height=\"200\" src=\"https:\/\/www.imfmm.tn\/wp-content\/uploads\/2018\/11\/testimonial-thumb.png\" class=\"attachment-post-thumbnail size-post-thumbnail wp-post-image\" alt=\"\" \/>        <\/div>\n        <h5 class=\"testimonial-author-name mb-0\">Henry Steinbeck<\/h5>\n                  <div class=\"testimonial-star-ratings\">\n          <i class=\"fa fa-star activeColor mr-1\" aria-hidden=\"true\"><\/i><i class=\"fa fa-star activeColor mr-1\" aria-hidden=\"true\"><\/i><i class=\"fa fa-star activeColor mr-1\" aria-hidden=\"true\"><\/i><i class=\"fa fa-star activeColor mr-1\" aria-hidden=\"true\"><\/i><i class=\"fa fa-star-o activeColor mr-1\" aria-hidden=\"true\"><\/i>          <\/div>\n              <\/div>\n    <\/div>\n    \n    <div class=\"item text-center\">\n      <div class=\"testimonial-content mb-5\">\n        <p>There are many variations of passages of at Lorem Ipsum that available but the majority the have suffered alteration. at There are many variations of passages of Lorem Ipsum anavailable a but the majority have suffered.<\/p>\n      <\/div>\n      <div class=\"testimonial-author pt-2\">\n        <div class=\"testimonial-author-img mb-3\">\n          <img loading=\"lazy\" decoding=\"async\" width=\"200\" height=\"200\" src=\"https:\/\/www.imfmm.tn\/wp-content\/uploads\/2018\/11\/testimonial-thumb-3.png\" class=\"attachment-post-thumbnail size-post-thumbnail wp-post-image\" alt=\"\" \/>        <\/div>\n        <h5 class=\"testimonial-author-name mb-0\">Belly Marison<\/h5>\n                  <div class=\"testimonial-star-ratings\">\n          <i class=\"fa fa-star activeColor mr-1\" aria-hidden=\"true\"><\/i><i class=\"fa fa-star activeColor mr-1\" aria-hidden=\"true\"><\/i><i class=\"fa fa-star activeColor mr-1\" aria-hidden=\"true\"><\/i><i class=\"fa fa-star activeColor mr-1\" aria-hidden=\"true\"><\/i><i class=\"fa fa-star activeColor mr-1\" aria-hidden=\"true\"><\/i>          <\/div>\n              <\/div>\n    <\/div>\n      <\/div>\n\n<\/div><\/div><\/div><\/div><\/div><\/div><\/div><\/div><div class=\"vc_row-full-width vc_clearfix\"><\/div><div data-vc-full-width=\"true\" data-vc-full-width-init=\"false\" class=\"vc_row wpb_row vc_row-fluid vc_custom_1546957150802 vc_row-has-fill\"><div class=\"wpb_column vc_column_container vc_col-sm-12\"><div class=\"vc_column-inner\"><div class=\"wpb_wrapper\"><div class=\"vc_row wpb_row vc_inner vc_row-fluid\"><div class=\"h1-testimonials-area wpb_column vc_column_container vc_col-sm-12\"><div class=\"vc_column-inner\"><div class=\"wpb_wrapper\">\n    <div class=\" dustrial-stitle-69e06628d3a8c section-title  wow fadeIn\">\n              <div class=\"section-thumb\"><img decoding=\"async\" src=\"https:\/\/www.imfmm.tn\/wp-content\/uploads\/2019\/01\/title-icon-1-2.png\" alt=\"title icon\"><\/div>\n            <div class=\"section-body \">\n        <h6 class=\"sub-title activeColor\">What Client Say&#039;s<\/h6>\n        <h3 class=\"m-0 main-title\">Testimonials<\/h3>\n      <\/div>\n    <\/div>\n\n  <\/div><\/div><\/div><\/div><div class=\"vc_row wpb_row vc_inner vc_row-fluid\"><div class=\"wpb_column vc_column_container vc_col-sm-12\"><div class=\"vc_column-inner\"><div class=\"wpb_wrapper\">  <script>\n    jQuery(document).ready(function($) {\n      $(\"#testimonial-items\").owlCarousel({\n        loop: true,\n        margin: 30,\n        responsiveClass: true,\n        navigation: true,\n        navText: [\"<i class='fa fa-angle-left'><\/i>\", \"<i class='fa fa-angle-right'><\/i>\"],\n        nav: true,\n        items: 2,\n        dots: false,\n        autoplay: true,\n        smartSpeed: 1000,\n        autoplayTimeout: 1000,\n        mouseDrag:true,\n        center: false,\n        responsive: {\n            0: {\n                items: 1            },\n            766: {\n                items: 1            },\n            767: {\n                items: 2            },\n            990: {\n                items: 2            },\n            991: {\n                items: 2            }\n        }\n      });\n    });\n  <\/script>\n\n  <div id=\"testimonial-items\" class=\"owl-carousel\">\n          <div class=\"single-testimonial-items\">\n        <div class=\"single-testimonial-items-title\">\n          <h3>Successful Project<\/h3>\n        <\/div>\n        <div class=\"single-testimonial-items-content\">\n          <p>There are many variations of passages of at Lorem Ipsum that available but the majority the have suffered alteration. at There are many variations of passages of Lorem Ipsum anavailable a but the majority have suffered.<\/p>\n        <\/div>\n        <div class=\"single-testimonial-items-meta\">\n          <h5 class=\"testimonial-author-name\">Maria Robinson<\/h5>\n                      <div class=\"testimonial-star-ratings\">\n            <i class=\"fa fa-star activeColor mr-1\" aria-hidden=\"true\"><\/i><i class=\"fa fa-star activeColor mr-1\" aria-hidden=\"true\"><\/i><i class=\"fa fa-star activeColor mr-1\" aria-hidden=\"true\"><\/i><i class=\"fa fa-star-o activeColor mr-1\" aria-hidden=\"true\"><\/i><i class=\"fa fa-star-o activeColor mr-1\" aria-hidden=\"true\"><\/i>            <\/div>\n                  <\/div>\n      <\/div>\n          <div class=\"single-testimonial-items\">\n        <div class=\"single-testimonial-items-title\">\n          <h3>Good Experiences<\/h3>\n        <\/div>\n        <div class=\"single-testimonial-items-content\">\n          <p>There are many variations of passages of at Lorem Ipsum that available but the majority the have suffered alteration. at There are many variations of passages of Lorem Ipsum anavailable a but the majority have suffered.<\/p>\n        <\/div>\n        <div class=\"single-testimonial-items-meta\">\n          <h5 class=\"testimonial-author-name\">Henry Steinbeck<\/h5>\n                      <div class=\"testimonial-star-ratings\">\n            <i class=\"fa fa-star activeColor mr-1\" aria-hidden=\"true\"><\/i><i class=\"fa fa-star activeColor mr-1\" aria-hidden=\"true\"><\/i><i class=\"fa fa-star activeColor mr-1\" aria-hidden=\"true\"><\/i><i class=\"fa fa-star activeColor mr-1\" aria-hidden=\"true\"><\/i><i class=\"fa fa-star-o activeColor mr-1\" aria-hidden=\"true\"><\/i>            <\/div>\n                  <\/div>\n      <\/div>\n          <div class=\"single-testimonial-items\">\n        <div class=\"single-testimonial-items-title\">\n          <h3>Helpful Support<\/h3>\n        <\/div>\n        <div class=\"single-testimonial-items-content\">\n          <p>There are many variations of passages of at Lorem Ipsum that available but the majority the have suffered alteration. at There are many variations of passages of Lorem Ipsum anavailable a but the majority have suffered.<\/p>\n        <\/div>\n        <div class=\"single-testimonial-items-meta\">\n          <h5 class=\"testimonial-author-name\">Belly Marison<\/h5>\n                      <div class=\"testimonial-star-ratings\">\n            <i class=\"fa fa-star activeColor mr-1\" aria-hidden=\"true\"><\/i><i class=\"fa fa-star activeColor mr-1\" aria-hidden=\"true\"><\/i><i class=\"fa fa-star activeColor mr-1\" aria-hidden=\"true\"><\/i><i class=\"fa fa-star activeColor mr-1\" aria-hidden=\"true\"><\/i><i class=\"fa fa-star activeColor mr-1\" aria-hidden=\"true\"><\/i>            <\/div>\n                  <\/div>\n      <\/div>\n      <\/div>\n\n<\/div><\/div><\/div><\/div><\/div><\/div><\/div><\/div><div class=\"vc_row-full-width vc_clearfix\"><\/div><div data-vc-full-width=\"true\" data-vc-full-width-init=\"false\" class=\"vc_row wpb_row vc_row-fluid h2-testimonial-area vc_custom_1590735333410 vc_row-has-fill\"><div class=\"wpb_column vc_column_container vc_col-sm-12\"><div class=\"vc_column-inner\"><div class=\"wpb_wrapper\"><div class=\"vc_row wpb_row vc_inner vc_row-fluid\"><div class=\"wpb_column vc_column_container vc_col-sm-12\"><div class=\"vc_column-inner\"><div class=\"wpb_wrapper\">\n    <div class=\"row d-flex justify-content-center wow fadeInUp\">\n      <div class=\"col-lg-12\">\n        <div class=\" dustrial-stitle-69e06628d457a section-title-two text-center\">\n          <div class=\"section-two-body\">\n            <h6 class=\"sub-title activeColor\">Testimonial<\/h6>\n           <h3 class=\"main-title\">What Client Say&#039;s<\/h3>\n          <\/div>\n                      <div class=\"stock\">\n              <img decoding=\"async\" src=\"https:\/\/www.imfmm.tn\/wp-content\/uploads\/2018\/11\/stock-1-2.png\" alt=\"stock\">\n            <\/div>\n                  <\/div>\n      <\/div>\n    <\/div>\n\n    <\/div><\/div><\/div><\/div><div class=\"vc_row wpb_row vc_inner vc_row-fluid\"><div class=\"wpb_column vc_column_container vc_col-sm-12\"><div class=\"vc_column-inner\"><div class=\"wpb_wrapper\">  <script>\n    jQuery(document).ready(function($) {\n      $(\"#h2-testimonial-items\").owlCarousel({\n        loop: true,\n        margin: 30,\n        responsiveClass: true,\n        navigation: true,\n        navText: [\"<i class='fa fa-angle-left'><\/i>\", \"<i class='fa fa-angle-right'><\/i>\"],\n        nav: false,\n        items: 2,\n        dots: true,\n        autoplay: true,\n        smartSpeed: 1000,\n        autoplayTimeout: 1000,\n        mouseDrag:true,\n        center: false,\n        responsive: {\n            0: {\n                items: 1            },\n            766: {\n                items: 1            },\n            767: {\n                items: 2            },\n            990: {\n                items: 2            },\n            991: {\n                items: 2            }\n        }\n      });\n    });\n  <\/script>\n\n  <div id=\"h2-testimonial-items\" class=\"owl-carousel owl-theme\">\n    \n    <div class=\"item text-center\">\n      <div class=\"item-content\">\n        <div class=\"testimonial-author\">\n          <div class=\"testimonial-author-img mb-3\">\n            <img loading=\"lazy\" decoding=\"async\" width=\"200\" height=\"200\" src=\"https:\/\/www.imfmm.tn\/wp-content\/uploads\/2018\/11\/testimonial-thumb-2.png\" class=\"attachment-post-thumbnail size-post-thumbnail wp-post-image\" alt=\"\" \/>          <\/div>\n          <h6 class=\"testimonial-author-name mb-1 text-light\">Maria Robinson<\/h6>\n                    <div class=\"testimonial-reating\">\n            <i class=\"fa fa-star activeColor mr-1\" aria-hidden=\"true\"><\/i><i class=\"fa fa-star activeColor mr-1\" aria-hidden=\"true\"><\/i><i class=\"fa fa-star activeColor mr-1\" aria-hidden=\"true\"><\/i><i class=\"fa fa-star-o activeColor mr-1\" aria-hidden=\"true\"><\/i><i class=\"fa fa-star-o activeColor mr-1\" aria-hidden=\"true\"><\/i>          <\/div>\n                <\/div>\n        <div class=\"testimonial-content text-light text-center\">\n          <p>There are many variations of passages of at Lorem Ipsum that available but the majority the have suffered alteration. at There are many variations of passages of Lorem Ipsum anavailable a but the majority have suffered.<\/p>\n        <\/div>\n        <div class=\"quotation\">\n          <i class=\"fa fa-quote-left\" aria-hidden=\"true\"><\/i>\n        <\/div>\n      <\/div>\n    <\/div>\n    \n    <div class=\"item text-center\">\n      <div class=\"item-content\">\n        <div class=\"testimonial-author\">\n          <div class=\"testimonial-author-img mb-3\">\n            <img loading=\"lazy\" decoding=\"async\" width=\"200\" height=\"200\" src=\"https:\/\/www.imfmm.tn\/wp-content\/uploads\/2018\/11\/testimonial-thumb.png\" class=\"attachment-post-thumbnail size-post-thumbnail wp-post-image\" alt=\"\" \/>          <\/div>\n          <h6 class=\"testimonial-author-name mb-1 text-light\">Henry Steinbeck<\/h6>\n                    <div class=\"testimonial-reating\">\n            <i class=\"fa fa-star activeColor mr-1\" aria-hidden=\"true\"><\/i><i class=\"fa fa-star activeColor mr-1\" aria-hidden=\"true\"><\/i><i class=\"fa fa-star activeColor mr-1\" aria-hidden=\"true\"><\/i><i class=\"fa fa-star activeColor mr-1\" aria-hidden=\"true\"><\/i><i class=\"fa fa-star-o activeColor mr-1\" aria-hidden=\"true\"><\/i>          <\/div>\n                <\/div>\n        <div class=\"testimonial-content text-light text-center\">\n          <p>There are many variations of passages of at Lorem Ipsum that available but the majority the have suffered alteration. at There are many variations of passages of Lorem Ipsum anavailable a but the majority have suffered.<\/p>\n        <\/div>\n        <div class=\"quotation\">\n          <i class=\"fa fa-quote-left\" aria-hidden=\"true\"><\/i>\n        <\/div>\n      <\/div>\n    <\/div>\n    \n    <div class=\"item text-center\">\n      <div class=\"item-content\">\n        <div class=\"testimonial-author\">\n          <div class=\"testimonial-author-img mb-3\">\n            <img loading=\"lazy\" decoding=\"async\" width=\"200\" height=\"200\" src=\"https:\/\/www.imfmm.tn\/wp-content\/uploads\/2018\/11\/testimonial-thumb-3.png\" class=\"attachment-post-thumbnail size-post-thumbnail wp-post-image\" alt=\"\" \/>          <\/div>\n          <h6 class=\"testimonial-author-name mb-1 text-light\">Belly Marison<\/h6>\n                    <div class=\"testimonial-reating\">\n            <i class=\"fa fa-star activeColor mr-1\" aria-hidden=\"true\"><\/i><i class=\"fa fa-star activeColor mr-1\" aria-hidden=\"true\"><\/i><i class=\"fa fa-star activeColor mr-1\" aria-hidden=\"true\"><\/i><i class=\"fa fa-star activeColor mr-1\" aria-hidden=\"true\"><\/i><i class=\"fa fa-star activeColor mr-1\" aria-hidden=\"true\"><\/i>          <\/div>\n                <\/div>\n        <div class=\"testimonial-content text-light text-center\">\n          <p>There are many variations of passages of at Lorem Ipsum that available but the majority the have suffered alteration. at There are many variations of passages of Lorem Ipsum anavailable a but the majority have suffered.<\/p>\n        <\/div>\n        <div class=\"quotation\">\n          <i class=\"fa fa-quote-left\" aria-hidden=\"true\"><\/i>\n        <\/div>\n      <\/div>\n    <\/div>\n      <\/div>\n\n<\/div><\/div><\/div><\/div><\/div><\/div><\/div><\/div><div class=\"vc_row-full-width vc_clearfix\"><\/div>\n<\/div>","protected":false},"excerpt":{"rendered":"There are many variations of passages of at Lorem Ipsum that available but the majority the have suffered alteration. at There are many variations of passages of Lorem Ipsum anavailable a but the majority have suffered.","protected":false},"author":1,"featured_media":0,"parent":0,"menu_order":0,"comment_status":"closed","ping_status":"closed","template":"page-template\/blank-page-sidebar.php","meta":{"_monsterinsights_skip_tracking":false,"_monsterinsights_sitenote_active":false,"_monsterinsights_sitenote_note":"","_monsterinsights_sitenote_category":0,"footnotes":""},"class_list":["post-412","page","type-page","status-publish","hentry"],"yoast_head":"<!-- This site is optimized with the Yoast SEO plugin v27.3 - https:\/\/yoast.com\/product\/yoast-seo-wordpress\/ -->\n<title>Testimonials - L&#039;Institut M\u00e9diterran\u00e9en de Formation aux M\u00e9tiers Maritimes<\/title>\n<meta name=\"robots\" content=\"index, follow, max-snippet:-1, max-image-preview:large, max-video-preview:-1\" \/>\n<link rel=\"canonical\" href=\"https:\/\/www.imfmm.tn\/en\/testimonials\/\" \/>\n<meta property=\"og:locale\" content=\"en_US\" \/>\n<meta property=\"og:type\" content=\"article\" \/>\n<meta property=\"og:title\" content=\"Testimonials - L&#039;Institut M\u00e9diterran\u00e9en de Formation aux M\u00e9tiers Maritimes\" \/>\n<meta property=\"og:url\" content=\"https:\/\/www.imfmm.tn\/en\/testimonials\/\" \/>\n<meta property=\"og:site_name\" content=\"L&#039;Institut M\u00e9diterran\u00e9en de Formation aux M\u00e9tiers Maritimes\" \/>\n<meta name=\"twitter:card\" content=\"summary_large_image\" \/>\n<meta name=\"twitter:label1\" content=\"Est. reading time\" \/>\n\t<meta name=\"twitter:data1\" content=\"2 minutes\" \/>\n<script type=\"application\/ld+json\" class=\"yoast-schema-graph\">{\"@context\":\"https:\\\/\\\/schema.org\",\"@graph\":[{\"@type\":\"WebPage\",\"@id\":\"https:\\\/\\\/www.imfmm.tn\\\/testimonials\\\/\",\"url\":\"https:\\\/\\\/www.imfmm.tn\\\/testimonials\\\/\",\"name\":\"Testimonials - L&#039;Institut M\u00e9diterran\u00e9en de Formation aux M\u00e9tiers Maritimes\",\"isPartOf\":{\"@id\":\"https:\\\/\\\/www.imfmm.tn\\\/#website\"},\"datePublished\":\"2018-11-24T04:41:43+00:00\",\"breadcrumb\":{\"@id\":\"https:\\\/\\\/www.imfmm.tn\\\/testimonials\\\/#breadcrumb\"},\"inLanguage\":\"en-US\",\"potentialAction\":[{\"@type\":\"ReadAction\",\"target\":[\"https:\\\/\\\/www.imfmm.tn\\\/testimonials\\\/\"]}]},{\"@type\":\"BreadcrumbList\",\"@id\":\"https:\\\/\\\/www.imfmm.tn\\\/testimonials\\\/#breadcrumb\",\"itemListElement\":[{\"@type\":\"ListItem\",\"position\":1,\"name\":\"Accueil\",\"item\":\"https:\\\/\\\/www.imfmm.tn\\\/\"},{\"@type\":\"ListItem\",\"position\":2,\"name\":\"Testimonials\"}]},{\"@type\":\"WebSite\",\"@id\":\"https:\\\/\\\/www.imfmm.tn\\\/#website\",\"url\":\"https:\\\/\\\/www.imfmm.tn\\\/\",\"name\":\"L&#039;Institut M\u00e9diterran\u00e9en de Formation aux M\u00e9tiers Maritimes\",\"description\":\"\",\"potentialAction\":[{\"@type\":\"SearchAction\",\"target\":{\"@type\":\"EntryPoint\",\"urlTemplate\":\"https:\\\/\\\/www.imfmm.tn\\\/?s={search_term_string}\"},\"query-input\":{\"@type\":\"PropertyValueSpecification\",\"valueRequired\":true,\"valueName\":\"search_term_string\"}}],\"inLanguage\":\"en-US\"}]}<\/script>\n<!-- \/ Yoast SEO plugin. -->","yoast_head_json":{"title":"Testimonials - L&#039;Institut M\u00e9diterran\u00e9en de Formation aux M\u00e9tiers Maritimes","robots":{"index":"index","follow":"follow","max-snippet":"max-snippet:-1","max-image-preview":"max-image-preview:large","max-video-preview":"max-video-preview:-1"},"canonical":"https:\/\/www.imfmm.tn\/en\/testimonials\/","og_locale":"en_US","og_type":"article","og_title":"Testimonials - L&#039;Institut M\u00e9diterran\u00e9en de Formation aux M\u00e9tiers Maritimes","og_url":"https:\/\/www.imfmm.tn\/en\/testimonials\/","og_site_name":"L&#039;Institut M\u00e9diterran\u00e9en de Formation aux M\u00e9tiers Maritimes","twitter_card":"summary_large_image","twitter_misc":{"Est. reading time":"2 minutes"},"schema":{"@context":"https:\/\/schema.org","@graph":[{"@type":"WebPage","@id":"https:\/\/www.imfmm.tn\/testimonials\/","url":"https:\/\/www.imfmm.tn\/testimonials\/","name":"Testimonials - L&#039;Institut M\u00e9diterran\u00e9en de Formation aux M\u00e9tiers Maritimes","isPartOf":{"@id":"https:\/\/www.imfmm.tn\/#website"},"datePublished":"2018-11-24T04:41:43+00:00","breadcrumb":{"@id":"https:\/\/www.imfmm.tn\/testimonials\/#breadcrumb"},"inLanguage":"en-US","potentialAction":[{"@type":"ReadAction","target":["https:\/\/www.imfmm.tn\/testimonials\/"]}]},{"@type":"BreadcrumbList","@id":"https:\/\/www.imfmm.tn\/testimonials\/#breadcrumb","itemListElement":[{"@type":"ListItem","position":1,"name":"Accueil","item":"https:\/\/www.imfmm.tn\/"},{"@type":"ListItem","position":2,"name":"Testimonials"}]},{"@type":"WebSite","@id":"https:\/\/www.imfmm.tn\/#website","url":"https:\/\/www.imfmm.tn\/","name":"L&#039;Institut M\u00e9diterran\u00e9en de Formation aux M\u00e9tiers Maritimes","description":"","potentialAction":[{"@type":"SearchAction","target":{"@type":"EntryPoint","urlTemplate":"https:\/\/www.imfmm.tn\/?s={search_term_string}"},"query-input":{"@type":"PropertyValueSpecification","valueRequired":true,"valueName":"search_term_string"}}],"inLanguage":"en-US"}]}},"_links":{"self":[{"href":"https:\/\/www.imfmm.tn\/en\/wp-json\/wp\/v2\/pages\/412","targetHints":{"allow":["GET"]}}],"collection":[{"href":"https:\/\/www.imfmm.tn\/en\/wp-json\/wp\/v2\/pages"}],"about":[{"href":"https:\/\/www.imfmm.tn\/en\/wp-json\/wp\/v2\/types\/page"}],"author":[{"embeddable":true,"href":"https:\/\/www.imfmm.tn\/en\/wp-json\/wp\/v2\/users\/1"}],"replies":[{"embeddable":true,"href":"https:\/\/www.imfmm.tn\/en\/wp-json\/wp\/v2\/comments?post=412"}],"version-history":[{"count":0,"href":"https:\/\/www.imfmm.tn\/en\/wp-json\/wp\/v2\/pages\/412\/revisions"}],"wp:attachment":[{"href":"https:\/\/www.imfmm.tn\/en\/wp-json\/wp\/v2\/media?parent=412"}],"curies":[{"name":"wp","href":"https:\/\/api.w.org\/{rel}","templated":true}]}}