{"id":385,"date":"2018-11-24T04:00:18","date_gmt":"2018-11-24T04:00:18","guid":{"rendered":"http:\/\/pluginspoint.com\/dustrial\/?page_id=385"},"modified":"2018-11-24T04:00:18","modified_gmt":"2018-11-24T04:00:18","slug":"project-column-3-nogutter","status":"publish","type":"page","link":"https:\/\/www.imfmm.tn\/en\/project-column-3-nogutter\/","title":{"rendered":"Project Column 3 Nogutter"},"content":{"rendered":"<div class=\"wpb-content-wrapper\"><div class=\"vc_row wpb_row vc_row-fluid vc_custom_1543032561811\"><div class=\"wpb_column vc_column_container vc_col-sm-12\"><div class=\"vc_column-inner\"><div class=\"wpb_wrapper\">\n<script>\n  jQuery(window).on('load', function () {\n\n    jQuery('.portfolio-area').imagesLoaded( function() {\n        \/\/ portfolio - active\n        var $grid = jQuery('.portfolio-active-69df0cafae117').isotope({\n            itemSelector: '.grid-item',\n            layoutMode: 'fitRows',\n            percentPosition: true,\n            masonry: {\n                \/\/ use outer width of grid-sizer for columnWidth\n                columnWidth: 1\n            }\n        })\n\n        \/\/ filter items on button click\n        jQuery('.portfolio-menu-69df0cafae117').on('click', 'button', function () {\n            var filterValue = jQuery(this).attr('data-filter');\n            $grid.isotope({ filter: filterValue });\n        });\n        \/\/for menu active class\n        jQuery('.portfolio-menu-69df0cafae117 button').on('click', function (event) {\n            jQuery(this).siblings('.active').removeClass('active');\n            jQuery(this).addClass('active');\n            event.preventDefault();\n        });\n\n    });\n\n  });\n<\/script>  \n\n<div class=\"our-latest-project portfolio-area\">\n  \n  <!-- Letest Project content -->\n  <div id=\"dustrial-projects\" class=\"row portfolio-active-69df0cafae117 isotop-projects-filter\">\n    \n      <div class=\"grid-item formation-plaisance no-gutter col-lg-4 col-12 col-md-6\">\n\n        \n          <div class=\"card border-0 rounded-0\">\n            <div class=\"card-img position-relative\">\n                              \n                <div class=\"img-overlay style-1 activeColor d-flex align-items-center justify-content-center text-center\">\n                  <div class=\"col-md-10\">\n                    <h5 class=\"text-light\"><a href=\"https:\/\/www.imfmm.tn\/en\/project\/agent-de-maintenance-de-mecanique-nautique\/\">Agent de Maintenance &#038; de M\u00e9canique Nautique<\/a><\/h5>\n                    <div class=\"text-light\"><\/div>\n                  <\/div>\n                <\/div>\n                <img loading=\"lazy\" decoding=\"async\" width=\"362\" height=\"179\" src=\"https:\/\/www.imfmm.tn\/wp-content\/uploads\/2025\/05\/Banniere-site-web-IMFMM-formation-plaissance-agent-de-maintenance-et-de-mecanique-nautique.jpg\" class=\"img-fluid wp-post-image\" alt=\"\" \/>                            <div class=\"shape\"><\/div>\n              <div class=\"categories\">\n                <a href=\"https:\/\/www.imfmm.tn\/en\/project\/agent-de-maintenance-de-mecanique-nautique\/\">\n                  <img decoding=\"async\" class=\"img-fluid\" src=\"https:\/\/www.imfmm.tn\/wp-content\/themes\/dustrial\/assets\/img\/\/big-arrow.png\" alt=\"cat img\">\n                <\/a>\n              <\/div>\n            <\/div>\n          <\/div>\n\n              <\/div>\n    \n      <div class=\"grid-item formation-complementaire-stcw no-gutter col-lg-4 col-12 col-md-6\">\n\n        \n          <div class=\"card border-0 rounded-0\">\n            <div class=\"card-img position-relative\">\n                              \n                <div class=\"img-overlay style-1 activeColor d-flex align-items-center justify-content-center text-center\">\n                  <div class=\"col-md-10\">\n                    <h5 class=\"text-light\"><a href=\"https:\/\/www.imfmm.tn\/en\/project\/formation-complementaire-requise-pour-les-capitaines-et-des-seconds-des-navires-de-grandes-dimensions-et-des-navires-ayant-des-caracteristiques-de-manoeuvre-inhabituellescngd\/\">Formation compl\u00e9mentaire requise pour les capitaines et des seconds des navires de grandes dimensions et des navires ayant des caract\u00e9ristiques de man\u0153uvre inhabituelles(CNGD)<\/a><\/h5>\n                    <div class=\"text-light\"><\/div>\n                  <\/div>\n                <\/div>\n                <img loading=\"lazy\" decoding=\"async\" width=\"362\" height=\"179\" src=\"https:\/\/www.imfmm.tn\/wp-content\/uploads\/2025\/05\/CNGD.png\" class=\"img-fluid wp-post-image\" alt=\"\" \/>                            <div class=\"shape\"><\/div>\n              <div class=\"categories\">\n                <a href=\"https:\/\/www.imfmm.tn\/en\/project\/formation-complementaire-requise-pour-les-capitaines-et-des-seconds-des-navires-de-grandes-dimensions-et-des-navires-ayant-des-caracteristiques-de-manoeuvre-inhabituellescngd\/\">\n                  <img decoding=\"async\" class=\"img-fluid\" src=\"https:\/\/www.imfmm.tn\/wp-content\/themes\/dustrial\/assets\/img\/\/big-arrow.png\" alt=\"cat img\">\n                <\/a>\n              <\/div>\n            <\/div>\n          <\/div>\n\n              <\/div>\n    \n      <div class=\"grid-item formation-complementaire-stcw no-gutter col-lg-4 col-12 col-md-6\">\n\n        \n          <div class=\"card border-0 rounded-0\">\n            <div class=\"card-img position-relative\">\n                              \n                <div class=\"img-overlay style-1 activeColor d-flex align-items-center justify-content-center text-center\">\n                  <div class=\"col-md-10\">\n                    <h5 class=\"text-light\"><a href=\"https:\/\/www.imfmm.tn\/en\/project\/techniques-individuelles-de-survietis\/\">Techniques individuelles de survie(TIS)<\/a><\/h5>\n                    <div class=\"text-light\"><\/div>\n                  <\/div>\n                <\/div>\n                <img loading=\"lazy\" decoding=\"async\" width=\"362\" height=\"179\" src=\"https:\/\/www.imfmm.tn\/wp-content\/uploads\/2025\/05\/Techniques-individuelles-de-survieTIS-1.png\" class=\"img-fluid wp-post-image\" alt=\"\" \/>                            <div class=\"shape\"><\/div>\n              <div class=\"categories\">\n                <a href=\"https:\/\/www.imfmm.tn\/en\/project\/techniques-individuelles-de-survietis\/\">\n                  <img decoding=\"async\" class=\"img-fluid\" src=\"https:\/\/www.imfmm.tn\/wp-content\/themes\/dustrial\/assets\/img\/\/big-arrow.png\" alt=\"cat img\">\n                <\/a>\n              <\/div>\n            <\/div>\n          <\/div>\n\n              <\/div>\n    \n      <div class=\"grid-item formation-complementaire-stcw no-gutter col-lg-4 col-12 col-md-6\">\n\n        \n          <div class=\"card border-0 rounded-0\">\n            <div class=\"card-img position-relative\">\n                              \n                <div class=\"img-overlay style-1 activeColor d-flex align-items-center justify-content-center text-center\">\n                  <div class=\"col-md-10\">\n                    <h5 class=\"text-light\"><a href=\"https:\/\/www.imfmm.tn\/en\/project\/securite-des-personnes-et-responsabilite-sociale-sirs\/\">S\u00e9curit\u00e9 des personnes et responsabilit\u00e9 sociale (SIRS)<\/a><\/h5>\n                    <div class=\"text-light\"><\/div>\n                  <\/div>\n                <\/div>\n                <img loading=\"lazy\" decoding=\"async\" width=\"362\" height=\"179\" src=\"https:\/\/www.imfmm.tn\/wp-content\/uploads\/2025\/05\/Securite-des-personnes-et-responsabilite-sociale-SIRS.png\" class=\"img-fluid wp-post-image\" alt=\"\" \/>                            <div class=\"shape\"><\/div>\n              <div class=\"categories\">\n                <a href=\"https:\/\/www.imfmm.tn\/en\/project\/securite-des-personnes-et-responsabilite-sociale-sirs\/\">\n                  <img decoding=\"async\" class=\"img-fluid\" src=\"https:\/\/www.imfmm.tn\/wp-content\/themes\/dustrial\/assets\/img\/\/big-arrow.png\" alt=\"cat img\">\n                <\/a>\n              <\/div>\n            <\/div>\n          <\/div>\n\n              <\/div>\n    \n      <div class=\"grid-item formation-complementaire-stcw no-gutter col-lg-4 col-12 col-md-6\">\n\n        \n          <div class=\"card border-0 rounded-0\">\n            <div class=\"card-img position-relative\">\n                              \n                <div class=\"img-overlay style-1 activeColor d-flex align-items-center justify-content-center text-center\">\n                  <div class=\"col-md-10\">\n                    <h5 class=\"text-light\"><a href=\"https:\/\/www.imfmm.tn\/en\/project\/soins-medicaux-durgence-smu\/\">Soins m\u00e9dicaux d&rsquo;urgence (SMU)<\/a><\/h5>\n                    <div class=\"text-light\"><\/div>\n                  <\/div>\n                <\/div>\n                <img loading=\"lazy\" decoding=\"async\" width=\"362\" height=\"179\" src=\"https:\/\/www.imfmm.tn\/wp-content\/uploads\/2025\/05\/Soins-medicaux-durgence-SMU.png\" class=\"img-fluid wp-post-image\" alt=\"\" \/>                            <div class=\"shape\"><\/div>\n              <div class=\"categories\">\n                <a href=\"https:\/\/www.imfmm.tn\/en\/project\/soins-medicaux-durgence-smu\/\">\n                  <img decoding=\"async\" class=\"img-fluid\" src=\"https:\/\/www.imfmm.tn\/wp-content\/themes\/dustrial\/assets\/img\/\/big-arrow.png\" alt=\"cat img\">\n                <\/a>\n              <\/div>\n            <\/div>\n          <\/div>\n\n              <\/div>\n    \n      <div class=\"grid-item formation-complementaire-stcw no-gutter col-lg-4 col-12 col-md-6\">\n\n        \n          <div class=\"card border-0 rounded-0\">\n            <div class=\"card-img position-relative\">\n                              \n                <div class=\"img-overlay style-1 activeColor d-flex align-items-center justify-content-center text-center\">\n                  <div class=\"col-md-10\">\n                    <h5 class=\"text-light\"><a href=\"https:\/\/www.imfmm.tn\/en\/project\/premiers-secours-elementaires-pse\/\">Premiers secours \u00e9l\u00e9mentaires (PSE)<\/a><\/h5>\n                    <div class=\"text-light\"><\/div>\n                  <\/div>\n                <\/div>\n                <img loading=\"lazy\" decoding=\"async\" width=\"362\" height=\"179\" src=\"https:\/\/www.imfmm.tn\/wp-content\/uploads\/2025\/05\/Premiers-secours-elementaires-PSE.png\" class=\"img-fluid wp-post-image\" alt=\"\" \/>                            <div class=\"shape\"><\/div>\n              <div class=\"categories\">\n                <a href=\"https:\/\/www.imfmm.tn\/en\/project\/premiers-secours-elementaires-pse\/\">\n                  <img decoding=\"async\" class=\"img-fluid\" src=\"https:\/\/www.imfmm.tn\/wp-content\/themes\/dustrial\/assets\/img\/\/big-arrow.png\" alt=\"cat img\">\n                <\/a>\n              <\/div>\n            <\/div>\n          <\/div>\n\n              <\/div>\n      <\/div>\n<\/div>\n\n<\/div><\/div><\/div><\/div>\n<\/div>","protected":false},"excerpt":{"rendered":"S\u2019inscrire","protected":false},"author":1,"featured_media":0,"parent":0,"menu_order":0,"comment_status":"closed","ping_status":"closed","template":"page-template\/blank-page-sidebar.php","meta":{"_monsterinsights_skip_tracking":false,"_monsterinsights_sitenote_active":false,"_monsterinsights_sitenote_note":"","_monsterinsights_sitenote_category":0,"footnotes":""},"class_list":["post-385","page","type-page","status-publish","hentry"],"yoast_head":"<!-- This site is optimized with the Yoast SEO plugin v27.3 - https:\/\/yoast.com\/product\/yoast-seo-wordpress\/ -->\n<title>Project Column 3 Nogutter - L&#039;Institut M\u00e9diterran\u00e9en de Formation aux M\u00e9tiers Maritimes<\/title>\n<meta name=\"robots\" content=\"index, follow, max-snippet:-1, max-image-preview:large, max-video-preview:-1\" \/>\n<link rel=\"canonical\" href=\"https:\/\/www.imfmm.tn\/en\/project-column-3-nogutter\/\" \/>\n<meta property=\"og:locale\" content=\"en_US\" \/>\n<meta property=\"og:type\" content=\"article\" \/>\n<meta property=\"og:title\" content=\"Project Column 3 Nogutter - L&#039;Institut M\u00e9diterran\u00e9en de Formation aux M\u00e9tiers Maritimes\" \/>\n<meta property=\"og:url\" content=\"https:\/\/www.imfmm.tn\/en\/project-column-3-nogutter\/\" \/>\n<meta property=\"og:site_name\" content=\"L&#039;Institut M\u00e9diterran\u00e9en de Formation aux M\u00e9tiers Maritimes\" \/>\n<meta name=\"twitter:card\" content=\"summary_large_image\" \/>\n<script type=\"application\/ld+json\" class=\"yoast-schema-graph\">{\"@context\":\"https:\\\/\\\/schema.org\",\"@graph\":[{\"@type\":\"WebPage\",\"@id\":\"https:\\\/\\\/www.imfmm.tn\\\/project-column-3-nogutter\\\/\",\"url\":\"https:\\\/\\\/www.imfmm.tn\\\/project-column-3-nogutter\\\/\",\"name\":\"Project Column 3 Nogutter - L&#039;Institut M\u00e9diterran\u00e9en de Formation aux M\u00e9tiers Maritimes\",\"isPartOf\":{\"@id\":\"https:\\\/\\\/www.imfmm.tn\\\/#website\"},\"datePublished\":\"2018-11-24T04:00:18+00:00\",\"breadcrumb\":{\"@id\":\"https:\\\/\\\/www.imfmm.tn\\\/project-column-3-nogutter\\\/#breadcrumb\"},\"inLanguage\":\"en-US\",\"potentialAction\":[{\"@type\":\"ReadAction\",\"target\":[\"https:\\\/\\\/www.imfmm.tn\\\/project-column-3-nogutter\\\/\"]}]},{\"@type\":\"BreadcrumbList\",\"@id\":\"https:\\\/\\\/www.imfmm.tn\\\/project-column-3-nogutter\\\/#breadcrumb\",\"itemListElement\":[{\"@type\":\"ListItem\",\"position\":1,\"name\":\"Accueil\",\"item\":\"https:\\\/\\\/www.imfmm.tn\\\/\"},{\"@type\":\"ListItem\",\"position\":2,\"name\":\"Project Column 3 Nogutter\"}]},{\"@type\":\"WebSite\",\"@id\":\"https:\\\/\\\/www.imfmm.tn\\\/#website\",\"url\":\"https:\\\/\\\/www.imfmm.tn\\\/\",\"name\":\"L&#039;Institut M\u00e9diterran\u00e9en de Formation aux M\u00e9tiers Maritimes\",\"description\":\"\",\"potentialAction\":[{\"@type\":\"SearchAction\",\"target\":{\"@type\":\"EntryPoint\",\"urlTemplate\":\"https:\\\/\\\/www.imfmm.tn\\\/?s={search_term_string}\"},\"query-input\":{\"@type\":\"PropertyValueSpecification\",\"valueRequired\":true,\"valueName\":\"search_term_string\"}}],\"inLanguage\":\"en-US\"}]}<\/script>\n<!-- \/ Yoast SEO plugin. -->","yoast_head_json":{"title":"Project Column 3 Nogutter - L&#039;Institut M\u00e9diterran\u00e9en de Formation aux M\u00e9tiers Maritimes","robots":{"index":"index","follow":"follow","max-snippet":"max-snippet:-1","max-image-preview":"max-image-preview:large","max-video-preview":"max-video-preview:-1"},"canonical":"https:\/\/www.imfmm.tn\/en\/project-column-3-nogutter\/","og_locale":"en_US","og_type":"article","og_title":"Project Column 3 Nogutter - L&#039;Institut M\u00e9diterran\u00e9en de Formation aux M\u00e9tiers Maritimes","og_url":"https:\/\/www.imfmm.tn\/en\/project-column-3-nogutter\/","og_site_name":"L&#039;Institut M\u00e9diterran\u00e9en de Formation aux M\u00e9tiers Maritimes","twitter_card":"summary_large_image","schema":{"@context":"https:\/\/schema.org","@graph":[{"@type":"WebPage","@id":"https:\/\/www.imfmm.tn\/project-column-3-nogutter\/","url":"https:\/\/www.imfmm.tn\/project-column-3-nogutter\/","name":"Project Column 3 Nogutter - L&#039;Institut M\u00e9diterran\u00e9en de Formation aux M\u00e9tiers Maritimes","isPartOf":{"@id":"https:\/\/www.imfmm.tn\/#website"},"datePublished":"2018-11-24T04:00:18+00:00","breadcrumb":{"@id":"https:\/\/www.imfmm.tn\/project-column-3-nogutter\/#breadcrumb"},"inLanguage":"en-US","potentialAction":[{"@type":"ReadAction","target":["https:\/\/www.imfmm.tn\/project-column-3-nogutter\/"]}]},{"@type":"BreadcrumbList","@id":"https:\/\/www.imfmm.tn\/project-column-3-nogutter\/#breadcrumb","itemListElement":[{"@type":"ListItem","position":1,"name":"Accueil","item":"https:\/\/www.imfmm.tn\/"},{"@type":"ListItem","position":2,"name":"Project Column 3 Nogutter"}]},{"@type":"WebSite","@id":"https:\/\/www.imfmm.tn\/#website","url":"https:\/\/www.imfmm.tn\/","name":"L&#039;Institut M\u00e9diterran\u00e9en de Formation aux M\u00e9tiers Maritimes","description":"","potentialAction":[{"@type":"SearchAction","target":{"@type":"EntryPoint","urlTemplate":"https:\/\/www.imfmm.tn\/?s={search_term_string}"},"query-input":{"@type":"PropertyValueSpecification","valueRequired":true,"valueName":"search_term_string"}}],"inLanguage":"en-US"}]}},"_links":{"self":[{"href":"https:\/\/www.imfmm.tn\/en\/wp-json\/wp\/v2\/pages\/385","targetHints":{"allow":["GET"]}}],"collection":[{"href":"https:\/\/www.imfmm.tn\/en\/wp-json\/wp\/v2\/pages"}],"about":[{"href":"https:\/\/www.imfmm.tn\/en\/wp-json\/wp\/v2\/types\/page"}],"author":[{"embeddable":true,"href":"https:\/\/www.imfmm.tn\/en\/wp-json\/wp\/v2\/users\/1"}],"replies":[{"embeddable":true,"href":"https:\/\/www.imfmm.tn\/en\/wp-json\/wp\/v2\/comments?post=385"}],"version-history":[{"count":0,"href":"https:\/\/www.imfmm.tn\/en\/wp-json\/wp\/v2\/pages\/385\/revisions"}],"wp:attachment":[{"href":"https:\/\/www.imfmm.tn\/en\/wp-json\/wp\/v2\/media?parent=385"}],"curies":[{"name":"wp","href":"https:\/\/api.w.org\/{rel}","templated":true}]}}