{"id":334,"date":"2018-11-18T09:56:26","date_gmt":"2018-11-18T09:56:26","guid":{"rendered":"http:\/\/pluginspoint.com\/dustrial\/?page_id=334"},"modified":"2025-11-13T15:47:43","modified_gmt":"2025-11-13T14:47:43","slug":"qui-sommes-nous","status":"publish","type":"page","link":"https:\/\/www.imfmm.tn\/en\/qui-sommes-nous\/","title":{"rendered":"Qui sommes nous?"},"content":{"rendered":"<div class=\"wpb-content-wrapper\"><div class=\"vc_row wpb_row vc_row-fluid vc_custom_1545996764528\"><div class=\"wpb_column vc_column_container vc_col-sm-6\"><div class=\"vc_column-inner vc_custom_1545815615488\"><div class=\"wpb_wrapper\">\n\t<div class=\"wpb_text_column wpb_content_element wpb_animate_when_almost_visible wpb_fadeInUp fadeInUp vc_custom_1763045259172\" >\n\t\t<div class=\"wpb_wrapper\">\n\t\t\t<h1>Institut M\u00e9diterran\u00e9en de Formation aux M\u00e9tiers Maritimes<\/h1>\n<h5 class=\"about-right-title\">Cr\u00e9e en 2009, IMFMM est une institution de formation rattach\u00e9 aux minist\u00e8res du transport et de la formation professionnelle, sp\u00e9cialis\u00e9 dans les domaines maritimes , des ports , du transport et de la logistique .<\/h5>\n<p>L\u2019Institut offre une panoplie de formation agr\u00e9es conform\u00e9ment \u00e0 la l\u00e9gislation tunisienne en vigueur r\u00e9gissant la formation professionnelle.<\/p>\n<p>Nous rassemblons plus de 100 formateurs hautement qualifi\u00e9s issus du monde de l&rsquo;entreprise. Nous croyons fortement que notre r\u00f4le d\u00e9passe celui de la simple \u00e9ducation pour s&rsquo;inscrire dans une perspective plus large qui vise le d\u00e9veloppement humain durable.\u00a0En effet, des individus bien form\u00e9s, \u00e9panouis, autonomes, comp\u00e9tents apportent \u00e0 l\u2019entreprise une valeur ajout\u00e9e ind\u00e9niable.<\/p>\n<p>Depuis sa cr\u00e9ation, L\u2019IMFMM a form\u00e9 588 stagiaires dans les diff\u00e9rentes sp\u00e9cialit\u00e9s avec un taux d\u2019insertion professionnelle sup\u00e9rieur \u00e0 78%.<\/p>\n\n\t\t<\/div>\n\t<\/div>\n<\/div><\/div><\/div><div class=\"about-faq wpb_animate_when_almost_visible wpb_fadeInUp fadeInUp wpb_column vc_column_container vc_col-sm-6\"><div class=\"vc_column-inner vc_custom_1545996747838\"><div class=\"wpb_wrapper\"><div class=\"vc_row wpb_row vc_inner vc_row-fluid\"><div class=\"wpb_column vc_column_container vc_col-sm-12\"><div class=\"vc_column-inner\"><div class=\"wpb_wrapper\">\n\t<div  class=\"wpb_single_image wpb_content_element vc_align_center wpb_content_element wpb_animate_when_almost_visible wpb_fadeIn fadeIn vc_custom_1751373459156\">\n\t\t\n\t\t<figure class=\"wpb_wrapper vc_figure\">\n\t\t\t<div class=\"vc_single_image-wrapper   vc_box_border_grey\"><img loading=\"lazy\" decoding=\"async\" width=\"500\" height=\"500\" src=\"https:\/\/www.imfmm.tn\/wp-content\/uploads\/2025\/05\/Banniere-site-web-IMFMM-Qui-somme-nous.jpg\" class=\"vc_single_image-img attachment-full\" alt=\"\" title=\"Banni\u00e8re-site-web-IMFMM-Qui-somme-nous\" \/><\/div>\n\t\t<\/figure>\n\t<\/div>\n<\/div><\/div><\/div><\/div><\/div><\/div><\/div><\/div>\n<\/div>","protected":false},"excerpt":{"rendered":"Institut M\u00e9diterran\u00e9en de Formation aux M\u00e9tiers Maritimes Cr\u00e9e en 2009, IMFMM est une institution de formation rattach\u00e9 aux minist\u00e8res du transport et de la formation professionnelle, sp\u00e9cialis\u00e9 dans les domaines maritimes , des ports , du transport et de la logistique . L\u2019Institut offre une panoplie de formation agr\u00e9es conform\u00e9ment \u00e0 la l\u00e9gislation tunisienne en [...]","protected":false},"author":1,"featured_media":0,"parent":0,"menu_order":0,"comment_status":"closed","ping_status":"closed","template":"page-template\/blank-page-sidebar.php","meta":{"_monsterinsights_skip_tracking":false,"_monsterinsights_sitenote_active":false,"_monsterinsights_sitenote_note":"","_monsterinsights_sitenote_category":0,"footnotes":""},"class_list":["post-334","page","type-page","status-publish","hentry"],"yoast_head":"<!-- This site is optimized with the Yoast SEO plugin v27.4 - https:\/\/yoast.com\/product\/yoast-seo-wordpress\/ -->\n<title>IMFMM formation Maritime, Portuaire et Logistique Tunisie<\/title>\n<meta name=\"description\" content=\"IMFMM forme aux m\u00e9tiers maritimes, marine marchande, formation portuaire, STCW et logistique en Tunisie avec simulateurs et formateurs experts.\" \/>\n<meta name=\"robots\" content=\"index, follow, max-snippet:-1, max-image-preview:large, max-video-preview:-1\" \/>\n<link rel=\"canonical\" href=\"https:\/\/www.imfmm.tn\/en\/qui-sommes-nous\/\" \/>\n<meta property=\"og:locale\" content=\"en_US\" \/>\n<meta property=\"og:type\" content=\"article\" \/>\n<meta property=\"og:title\" content=\"IMFMM formation Maritime, Portuaire et Logistique Tunisie\" \/>\n<meta property=\"og:description\" content=\"IMFMM forme aux m\u00e9tiers maritimes, marine marchande, formation portuaire, STCW et logistique en Tunisie avec simulateurs et formateurs experts.\" \/>\n<meta property=\"og:url\" content=\"https:\/\/www.imfmm.tn\/en\/qui-sommes-nous\/\" \/>\n<meta property=\"og:site_name\" content=\"L&#039;Institut M\u00e9diterran\u00e9en de Formation aux M\u00e9tiers Maritimes\" \/>\n<meta property=\"article:modified_time\" content=\"2025-11-13T14:47:43+00:00\" \/>\n<meta name=\"twitter:card\" content=\"summary_large_image\" \/>\n<meta name=\"twitter:label1\" content=\"Est. reading time\" \/>\n\t<meta name=\"twitter:data1\" content=\"1 minute\" \/>\n<script type=\"application\/ld+json\" class=\"yoast-schema-graph\">{\"@context\":\"https:\\\/\\\/schema.org\",\"@graph\":[{\"@type\":\"WebPage\",\"@id\":\"https:\\\/\\\/www.imfmm.tn\\\/qui-sommes-nous\\\/\",\"url\":\"https:\\\/\\\/www.imfmm.tn\\\/qui-sommes-nous\\\/\",\"name\":\"IMFMM formation Maritime, Portuaire et Logistique Tunisie\",\"isPartOf\":{\"@id\":\"https:\\\/\\\/www.imfmm.tn\\\/#website\"},\"datePublished\":\"2018-11-18T09:56:26+00:00\",\"dateModified\":\"2025-11-13T14:47:43+00:00\",\"description\":\"IMFMM forme aux m\u00e9tiers maritimes, marine marchande, formation portuaire, STCW et logistique en Tunisie avec simulateurs et formateurs experts.\",\"breadcrumb\":{\"@id\":\"https:\\\/\\\/www.imfmm.tn\\\/qui-sommes-nous\\\/#breadcrumb\"},\"inLanguage\":\"en-US\",\"potentialAction\":[{\"@type\":\"ReadAction\",\"target\":[\"https:\\\/\\\/www.imfmm.tn\\\/qui-sommes-nous\\\/\"]}]},{\"@type\":\"BreadcrumbList\",\"@id\":\"https:\\\/\\\/www.imfmm.tn\\\/qui-sommes-nous\\\/#breadcrumb\",\"itemListElement\":[{\"@type\":\"ListItem\",\"position\":1,\"name\":\"Accueil\",\"item\":\"https:\\\/\\\/www.imfmm.tn\\\/\"},{\"@type\":\"ListItem\",\"position\":2,\"name\":\"Qui sommes nous?\"}]},{\"@type\":\"WebSite\",\"@id\":\"https:\\\/\\\/www.imfmm.tn\\\/#website\",\"url\":\"https:\\\/\\\/www.imfmm.tn\\\/\",\"name\":\"L&#039;Institut M\u00e9diterran\u00e9en de Formation aux M\u00e9tiers Maritimes\",\"description\":\"\",\"potentialAction\":[{\"@type\":\"SearchAction\",\"target\":{\"@type\":\"EntryPoint\",\"urlTemplate\":\"https:\\\/\\\/www.imfmm.tn\\\/?s={search_term_string}\"},\"query-input\":{\"@type\":\"PropertyValueSpecification\",\"valueRequired\":true,\"valueName\":\"search_term_string\"}}],\"inLanguage\":\"en-US\"}]}<\/script>\n<!-- \/ Yoast SEO plugin. -->","yoast_head_json":{"title":"IMFMM formation Maritime, Portuaire et Logistique Tunisie","description":"IMFMM forme aux m\u00e9tiers maritimes, marine marchande, formation portuaire, STCW et logistique en Tunisie avec simulateurs et formateurs experts.","robots":{"index":"index","follow":"follow","max-snippet":"max-snippet:-1","max-image-preview":"max-image-preview:large","max-video-preview":"max-video-preview:-1"},"canonical":"https:\/\/www.imfmm.tn\/en\/qui-sommes-nous\/","og_locale":"en_US","og_type":"article","og_title":"IMFMM formation Maritime, Portuaire et Logistique Tunisie","og_description":"IMFMM forme aux m\u00e9tiers maritimes, marine marchande, formation portuaire, STCW et logistique en Tunisie avec simulateurs et formateurs experts.","og_url":"https:\/\/www.imfmm.tn\/en\/qui-sommes-nous\/","og_site_name":"L&#039;Institut M\u00e9diterran\u00e9en de Formation aux M\u00e9tiers Maritimes","article_modified_time":"2025-11-13T14:47:43+00:00","twitter_card":"summary_large_image","twitter_misc":{"Est. reading time":"1 minute"},"schema":{"@context":"https:\/\/schema.org","@graph":[{"@type":"WebPage","@id":"https:\/\/www.imfmm.tn\/qui-sommes-nous\/","url":"https:\/\/www.imfmm.tn\/qui-sommes-nous\/","name":"IMFMM formation Maritime, Portuaire et Logistique Tunisie","isPartOf":{"@id":"https:\/\/www.imfmm.tn\/#website"},"datePublished":"2018-11-18T09:56:26+00:00","dateModified":"2025-11-13T14:47:43+00:00","description":"IMFMM forme aux m\u00e9tiers maritimes, marine marchande, formation portuaire, STCW et logistique en Tunisie avec simulateurs et formateurs experts.","breadcrumb":{"@id":"https:\/\/www.imfmm.tn\/qui-sommes-nous\/#breadcrumb"},"inLanguage":"en-US","potentialAction":[{"@type":"ReadAction","target":["https:\/\/www.imfmm.tn\/qui-sommes-nous\/"]}]},{"@type":"BreadcrumbList","@id":"https:\/\/www.imfmm.tn\/qui-sommes-nous\/#breadcrumb","itemListElement":[{"@type":"ListItem","position":1,"name":"Accueil","item":"https:\/\/www.imfmm.tn\/"},{"@type":"ListItem","position":2,"name":"Qui sommes nous?"}]},{"@type":"WebSite","@id":"https:\/\/www.imfmm.tn\/#website","url":"https:\/\/www.imfmm.tn\/","name":"L&#039;Institut M\u00e9diterran\u00e9en de Formation aux M\u00e9tiers Maritimes","description":"","potentialAction":[{"@type":"SearchAction","target":{"@type":"EntryPoint","urlTemplate":"https:\/\/www.imfmm.tn\/?s={search_term_string}"},"query-input":{"@type":"PropertyValueSpecification","valueRequired":true,"valueName":"search_term_string"}}],"inLanguage":"en-US"}]}},"_links":{"self":[{"href":"https:\/\/www.imfmm.tn\/en\/wp-json\/wp\/v2\/pages\/334","targetHints":{"allow":["GET"]}}],"collection":[{"href":"https:\/\/www.imfmm.tn\/en\/wp-json\/wp\/v2\/pages"}],"about":[{"href":"https:\/\/www.imfmm.tn\/en\/wp-json\/wp\/v2\/types\/page"}],"author":[{"embeddable":true,"href":"https:\/\/www.imfmm.tn\/en\/wp-json\/wp\/v2\/users\/1"}],"replies":[{"embeddable":true,"href":"https:\/\/www.imfmm.tn\/en\/wp-json\/wp\/v2\/comments?post=334"}],"version-history":[{"count":5,"href":"https:\/\/www.imfmm.tn\/en\/wp-json\/wp\/v2\/pages\/334\/revisions"}],"predecessor-version":[{"id":3532,"href":"https:\/\/www.imfmm.tn\/en\/wp-json\/wp\/v2\/pages\/334\/revisions\/3532"}],"wp:attachment":[{"href":"https:\/\/www.imfmm.tn\/en\/wp-json\/wp\/v2\/media?parent=334"}],"curies":[{"name":"wp","href":"https:\/\/api.w.org\/{rel}","templated":true}]}}