{"id":3033,"date":"2025-07-01T15:10:14","date_gmt":"2025-07-01T13:10:14","guid":{"rendered":"http:\/\/localhost\/dustrial\/?page_id=3033"},"modified":"2025-11-13T16:45:53","modified_gmt":"2025-11-13T15:45:53","slug":"certification-et-accreditation","status":"publish","type":"page","link":"https:\/\/www.imfmm.tn\/en\/certification-et-accreditation\/","title":{"rendered":"Certification et Accr\u00e9ditation"},"content":{"rendered":"<div class=\"wpb-content-wrapper\"><div class=\"vc_row wpb_row vc_row-fluid vc_custom_1545996764528\"><div class=\"wpb_column vc_column_container vc_col-sm-6\"><div class=\"vc_column-inner vc_custom_1545815615488\"><div class=\"wpb_wrapper\">\n\t<div class=\"wpb_text_column wpb_content_element wpb_animate_when_almost_visible wpb_fadeInUp fadeInUp vc_custom_1763048747588\" >\n\t\t<div class=\"wpb_wrapper\">\n\t\t\t<h1>IMFMM certifi\u00e9 ISO 9001 : gage de qualit\u00e9 en formation maritime et portuaire<br \/>\n<\/h1>\n<p>Consciente de son r\u00f4le d\u2019appui et de soutien \u00e0 la r\u00e9alisation d\u2019un enseignement de qualit\u00e9, L\u2019Institut m\u00e9diterran\u00e9en de formation aux m\u00e9tiers Maritimes vient d&rsquo;\u00eatre certifi\u00e9e ISO 9001 (version 2015) par l&rsquo;Organisme de certification allemand TUV.<\/p>\n<p>Les objectifs qui ont \u00e9t\u00e9 atteints par le Syst\u00e8me Management Qualit\u00e9 que l\u2019\u00e9cole a mis en place depuis une ann\u00e9e sont les suivants:<\/p>\n<p>\u00b7 R\u00e9aliser des formations en accord avec les attentes des stagiaires , du march\u00e9 de travail et la r\u00e9glementation en vigueur ;<\/p>\n<div class=\"text_exposed_show\">\n<p>\u00b7 Evaluer et contr\u00f4ler la formation et assurer l&rsquo;\u00e9valuation des stagiaires afin de pr\u00e9senter une bonne prestation ;<\/p>\n<p>\u00b7 Fournir les moyens (\u00e9quipement scientifique, logiciels et consommables) n\u00e9cessaires au bon fonctionnement de l&rsquo;\u00e9cole centrale polytechnique ;<\/p>\n<p>\u00b7 Assurer la gestion documentaire conform\u00e9ment aux exigences de la norme;<\/p>\n<p>\u00b7 Traiter les r\u00e9clamations et les non-conformit\u00e9s par la mise en \u0153uvre d&rsquo;actions correctives et l&rsquo;analyse des risques emp\u00eachant la r\u00e9currence des anomalies et des dysfonctionnements ;<\/p>\n<p>\u00b7 Renforcer et diversifier le partenariat avec les entreprises ;<\/p>\n<p>\u00b7 D\u00e9velopper les bonnes pratiques professionnelles et assurer une formation continue du personnel ;<\/p>\n<p>\u00b7 Am\u00e9liorer l&rsquo;environnement de travail et de vie des stagiaires et des personnels administratifs et enseignants ;<\/p>\n<p><a href=\"https:\/\/www.facebook.com\/hashtag\/imfmm_rades?source=feed_text&amp;epa=HASHTAG\">#IMFMM_rades<\/a>\u00a0<a href=\"https:\/\/www.facebook.com\/hashtag\/imfmm_kerkennah?source=feed_text&amp;epa=HASHTAG\">#IMFMM_kerkennah<\/a>\u00a0<a href=\"https:\/\/www.facebook.com\/hashtag\/imfmm_zarzis?source=feed_text&amp;epa=HASHTAG\">#IMFMM_zarzis<\/a>\u00a0<a href=\"https:\/\/www.facebook.com\/hashtag\/tuv?source=feed_text&amp;epa=HASHTAG\">#Tuv<\/a><\/p>\n<\/div>\n\n\t\t<\/div>\n\t<\/div>\n<\/div><\/div><\/div><div class=\"about-faq wpb_animate_when_almost_visible wpb_fadeInUp fadeInUp wpb_column vc_column_container vc_col-sm-6\"><div class=\"vc_column-inner vc_custom_1545996747838\"><div class=\"wpb_wrapper\"><div class=\"vc_row wpb_row vc_inner vc_row-fluid\"><div class=\"wpb_column vc_column_container vc_col-sm-12\"><div class=\"vc_column-inner\"><div class=\"wpb_wrapper\">\n\t<div  class=\"wpb_single_image wpb_content_element vc_align_center wpb_content_element wpb_animate_when_almost_visible wpb_fadeIn fadeIn vc_custom_1751373459156\">\n\t\t\n\t\t<figure class=\"wpb_wrapper vc_figure\">\n\t\t\t<div class=\"vc_single_image-wrapper   vc_box_border_grey\"><img loading=\"lazy\" decoding=\"async\" width=\"500\" height=\"500\" src=\"https:\/\/www.imfmm.tn\/wp-content\/uploads\/2025\/05\/Banniere-site-web-IMFMM-Qui-somme-nous.jpg\" class=\"vc_single_image-img attachment-full\" alt=\"\" title=\"Banni\u00e8re-site-web-IMFMM-Qui-somme-nous\" \/><\/div>\n\t\t<\/figure>\n\t<\/div>\n<\/div><\/div><\/div><\/div><\/div><\/div><\/div><\/div>\n<\/div>","protected":false},"excerpt":{"rendered":"IMFMM certifi\u00e9 ISO 9001 : gage de qualit\u00e9 en formation maritime et portuaire Consciente de son r\u00f4le d\u2019appui et de soutien \u00e0 la r\u00e9alisation d\u2019un enseignement de qualit\u00e9, L\u2019Institut m\u00e9diterran\u00e9en de formation aux m\u00e9tiers Maritimes vient d'\u00eatre certifi\u00e9e ISO 9001 (version 2015) par l'Organisme de certification allemand TUV. Les objectifs qui ont \u00e9t\u00e9 atteints par [...]","protected":false},"author":1,"featured_media":0,"parent":0,"menu_order":0,"comment_status":"closed","ping_status":"closed","template":"page-template\/blank-page-sidebar.php","meta":{"_monsterinsights_skip_tracking":false,"_monsterinsights_sitenote_active":false,"_monsterinsights_sitenote_note":"","_monsterinsights_sitenote_category":0,"footnotes":""},"class_list":["post-3033","page","type-page","status-publish","hentry"],"yoast_head":"<!-- This site is optimized with the Yoast SEO plugin v27.4 - https:\/\/yoast.com\/product\/yoast-seo-wordpress\/ -->\n<title>Certification ISO 9001 IMFMM | Formation Maritime Agr\u00e9\u00e9e Tunisie<\/title>\n<meta name=\"description\" content=\"L\u2019IMFMM est certifi\u00e9 ISO 9001:2015 par T\u00dcV. Cette accr\u00e9ditation confirme la qualit\u00e9, la conformit\u00e9 STCW et l\u2019excellence de nos formations maritimes en Tunisie.\" \/>\n<meta name=\"robots\" content=\"index, follow, max-snippet:-1, max-image-preview:large, max-video-preview:-1\" \/>\n<link rel=\"canonical\" href=\"https:\/\/www.imfmm.tn\/en\/certification-et-accreditation\/\" \/>\n<meta property=\"og:locale\" content=\"en_US\" \/>\n<meta property=\"og:type\" content=\"article\" \/>\n<meta property=\"og:title\" content=\"Certification ISO 9001 IMFMM | Formation Maritime Agr\u00e9\u00e9e Tunisie\" \/>\n<meta property=\"og:description\" content=\"L\u2019IMFMM est certifi\u00e9 ISO 9001:2015 par T\u00dcV. Cette accr\u00e9ditation confirme la qualit\u00e9, la conformit\u00e9 STCW et l\u2019excellence de nos formations maritimes en Tunisie.\" \/>\n<meta property=\"og:url\" content=\"https:\/\/www.imfmm.tn\/en\/certification-et-accreditation\/\" \/>\n<meta property=\"og:site_name\" content=\"L&#039;Institut M\u00e9diterran\u00e9en de Formation aux M\u00e9tiers Maritimes\" \/>\n<meta property=\"article:modified_time\" content=\"2025-11-13T15:45:53+00:00\" \/>\n<meta name=\"twitter:card\" content=\"summary_large_image\" \/>\n<meta name=\"twitter:label1\" content=\"Est. reading time\" \/>\n\t<meta name=\"twitter:data1\" content=\"2 minutes\" \/>\n<script type=\"application\/ld+json\" class=\"yoast-schema-graph\">{\"@context\":\"https:\\\/\\\/schema.org\",\"@graph\":[{\"@type\":\"WebPage\",\"@id\":\"https:\\\/\\\/www.imfmm.tn\\\/certification-et-accreditation\\\/\",\"url\":\"https:\\\/\\\/www.imfmm.tn\\\/certification-et-accreditation\\\/\",\"name\":\"Certification ISO 9001 IMFMM | Formation Maritime Agr\u00e9\u00e9e Tunisie\",\"isPartOf\":{\"@id\":\"https:\\\/\\\/www.imfmm.tn\\\/#website\"},\"datePublished\":\"2025-07-01T13:10:14+00:00\",\"dateModified\":\"2025-11-13T15:45:53+00:00\",\"description\":\"L\u2019IMFMM est certifi\u00e9 ISO 9001:2015 par T\u00dcV. Cette accr\u00e9ditation confirme la qualit\u00e9, la conformit\u00e9 STCW et l\u2019excellence de nos formations maritimes en Tunisie.\",\"breadcrumb\":{\"@id\":\"https:\\\/\\\/www.imfmm.tn\\\/certification-et-accreditation\\\/#breadcrumb\"},\"inLanguage\":\"en-US\",\"potentialAction\":[{\"@type\":\"ReadAction\",\"target\":[\"https:\\\/\\\/www.imfmm.tn\\\/certification-et-accreditation\\\/\"]}]},{\"@type\":\"BreadcrumbList\",\"@id\":\"https:\\\/\\\/www.imfmm.tn\\\/certification-et-accreditation\\\/#breadcrumb\",\"itemListElement\":[{\"@type\":\"ListItem\",\"position\":1,\"name\":\"Accueil\",\"item\":\"https:\\\/\\\/www.imfmm.tn\\\/\"},{\"@type\":\"ListItem\",\"position\":2,\"name\":\"Certification et Accr\u00e9ditation\"}]},{\"@type\":\"WebSite\",\"@id\":\"https:\\\/\\\/www.imfmm.tn\\\/#website\",\"url\":\"https:\\\/\\\/www.imfmm.tn\\\/\",\"name\":\"L&#039;Institut M\u00e9diterran\u00e9en de Formation aux M\u00e9tiers Maritimes\",\"description\":\"\",\"potentialAction\":[{\"@type\":\"SearchAction\",\"target\":{\"@type\":\"EntryPoint\",\"urlTemplate\":\"https:\\\/\\\/www.imfmm.tn\\\/?s={search_term_string}\"},\"query-input\":{\"@type\":\"PropertyValueSpecification\",\"valueRequired\":true,\"valueName\":\"search_term_string\"}}],\"inLanguage\":\"en-US\"}]}<\/script>\n<!-- \/ Yoast SEO plugin. -->","yoast_head_json":{"title":"Certification ISO 9001 IMFMM | Formation Maritime Agr\u00e9\u00e9e Tunisie","description":"L\u2019IMFMM est certifi\u00e9 ISO 9001:2015 par T\u00dcV. Cette accr\u00e9ditation confirme la qualit\u00e9, la conformit\u00e9 STCW et l\u2019excellence de nos formations maritimes en Tunisie.","robots":{"index":"index","follow":"follow","max-snippet":"max-snippet:-1","max-image-preview":"max-image-preview:large","max-video-preview":"max-video-preview:-1"},"canonical":"https:\/\/www.imfmm.tn\/en\/certification-et-accreditation\/","og_locale":"en_US","og_type":"article","og_title":"Certification ISO 9001 IMFMM | Formation Maritime Agr\u00e9\u00e9e Tunisie","og_description":"L\u2019IMFMM est certifi\u00e9 ISO 9001:2015 par T\u00dcV. Cette accr\u00e9ditation confirme la qualit\u00e9, la conformit\u00e9 STCW et l\u2019excellence de nos formations maritimes en Tunisie.","og_url":"https:\/\/www.imfmm.tn\/en\/certification-et-accreditation\/","og_site_name":"L&#039;Institut M\u00e9diterran\u00e9en de Formation aux M\u00e9tiers Maritimes","article_modified_time":"2025-11-13T15:45:53+00:00","twitter_card":"summary_large_image","twitter_misc":{"Est. reading time":"2 minutes"},"schema":{"@context":"https:\/\/schema.org","@graph":[{"@type":"WebPage","@id":"https:\/\/www.imfmm.tn\/certification-et-accreditation\/","url":"https:\/\/www.imfmm.tn\/certification-et-accreditation\/","name":"Certification ISO 9001 IMFMM | Formation Maritime Agr\u00e9\u00e9e Tunisie","isPartOf":{"@id":"https:\/\/www.imfmm.tn\/#website"},"datePublished":"2025-07-01T13:10:14+00:00","dateModified":"2025-11-13T15:45:53+00:00","description":"L\u2019IMFMM est certifi\u00e9 ISO 9001:2015 par T\u00dcV. Cette accr\u00e9ditation confirme la qualit\u00e9, la conformit\u00e9 STCW et l\u2019excellence de nos formations maritimes en Tunisie.","breadcrumb":{"@id":"https:\/\/www.imfmm.tn\/certification-et-accreditation\/#breadcrumb"},"inLanguage":"en-US","potentialAction":[{"@type":"ReadAction","target":["https:\/\/www.imfmm.tn\/certification-et-accreditation\/"]}]},{"@type":"BreadcrumbList","@id":"https:\/\/www.imfmm.tn\/certification-et-accreditation\/#breadcrumb","itemListElement":[{"@type":"ListItem","position":1,"name":"Accueil","item":"https:\/\/www.imfmm.tn\/"},{"@type":"ListItem","position":2,"name":"Certification et Accr\u00e9ditation"}]},{"@type":"WebSite","@id":"https:\/\/www.imfmm.tn\/#website","url":"https:\/\/www.imfmm.tn\/","name":"L&#039;Institut M\u00e9diterran\u00e9en de Formation aux M\u00e9tiers Maritimes","description":"","potentialAction":[{"@type":"SearchAction","target":{"@type":"EntryPoint","urlTemplate":"https:\/\/www.imfmm.tn\/?s={search_term_string}"},"query-input":{"@type":"PropertyValueSpecification","valueRequired":true,"valueName":"search_term_string"}}],"inLanguage":"en-US"}]}},"_links":{"self":[{"href":"https:\/\/www.imfmm.tn\/en\/wp-json\/wp\/v2\/pages\/3033","targetHints":{"allow":["GET"]}}],"collection":[{"href":"https:\/\/www.imfmm.tn\/en\/wp-json\/wp\/v2\/pages"}],"about":[{"href":"https:\/\/www.imfmm.tn\/en\/wp-json\/wp\/v2\/types\/page"}],"author":[{"embeddable":true,"href":"https:\/\/www.imfmm.tn\/en\/wp-json\/wp\/v2\/users\/1"}],"replies":[{"embeddable":true,"href":"https:\/\/www.imfmm.tn\/en\/wp-json\/wp\/v2\/comments?post=3033"}],"version-history":[{"count":3,"href":"https:\/\/www.imfmm.tn\/en\/wp-json\/wp\/v2\/pages\/3033\/revisions"}],"predecessor-version":[{"id":3544,"href":"https:\/\/www.imfmm.tn\/en\/wp-json\/wp\/v2\/pages\/3033\/revisions\/3544"}],"wp:attachment":[{"href":"https:\/\/www.imfmm.tn\/en\/wp-json\/wp\/v2\/media?parent=3033"}],"curies":[{"name":"wp","href":"https:\/\/api.w.org\/{rel}","templated":true}]}}