{"id":3030,"date":"2025-07-01T15:08:11","date_gmt":"2025-07-01T13:08:11","guid":{"rendered":"http:\/\/localhost\/dustrial\/?page_id=3030"},"modified":"2025-11-13T16:42:01","modified_gmt":"2025-11-13T15:42:01","slug":"responsabilite-sociale","status":"publish","type":"page","link":"https:\/\/www.imfmm.tn\/en\/responsabilite-sociale\/","title":{"rendered":"Responsabilit\u00e9 sociale"},"content":{"rendered":"<div class=\"wpb-content-wrapper\"><div class=\"vc_row wpb_row vc_row-fluid vc_custom_1545996764528\"><div class=\"wpb_column vc_column_container vc_col-sm-12\"><div class=\"vc_column-inner vc_custom_1545815615488\"><div class=\"wpb_wrapper\">\n\t<div class=\"wpb_text_column wpb_content_element wpb_animate_when_almost_visible wpb_fadeInUp fadeInUp vc_custom_1763048518284\" >\n\t\t<div class=\"wpb_wrapper\">\n\t\t\t<h1>Responsabilit\u00e9 Sociale et Engagement Citoyen de l\u2019IMFMM<\/h1>\n<section id=\"about\">\n<div class=\"container\">\n<div class=\"row\">\n<div class=\"col-12\">\n<p>Nous encourageons tous nos \u00e9tudiants \u00e0 participer \u00e0 des activit\u00e9s telles que le b\u00e9n\u00e9volat et \u00e0 assumer divers r\u00f4les de responsabilit\u00e9 parmi leurs pairs et dans la communaut\u00e9 dans son ensemble.<\/p>\n<\/div>\n<\/div>\n<\/div>\n<\/section>\n\n\t\t<\/div>\n\t<\/div>\n<\/div><\/div><\/div><\/div>\n<\/div>","protected":false},"excerpt":{"rendered":"Responsabilit\u00e9 Sociale et Engagement Citoyen de l\u2019IMFMM Nous encourageons tous nos \u00e9tudiants \u00e0 participer \u00e0 des activit\u00e9s telles que le b\u00e9n\u00e9volat et \u00e0 assumer divers r\u00f4les de responsabilit\u00e9 parmi leurs pairs et dans la communaut\u00e9 dans son ensemble.","protected":false},"author":1,"featured_media":0,"parent":0,"menu_order":0,"comment_status":"closed","ping_status":"closed","template":"page-template\/blank-page-sidebar.php","meta":{"_monsterinsights_skip_tracking":false,"_monsterinsights_sitenote_active":false,"_monsterinsights_sitenote_note":"","_monsterinsights_sitenote_category":0,"footnotes":""},"class_list":["post-3030","page","type-page","status-publish","hentry"],"yoast_head":"<!-- This site is optimized with the Yoast SEO plugin v27.4 - https:\/\/yoast.com\/product\/yoast-seo-wordpress\/ -->\n<title>Formation Maritime et Engagement Social en Tunisie<\/title>\n<meta name=\"description\" content=\"L\u2019IMFMM encourage la responsabilit\u00e9 sociale, le b\u00e9n\u00e9volat et la solidarit\u00e9 dans la formation maritime en Tunisie, pour former des professionnels engag\u00e9s.\" \/>\n<meta name=\"robots\" content=\"index, follow, max-snippet:-1, max-image-preview:large, max-video-preview:-1\" \/>\n<link rel=\"canonical\" href=\"https:\/\/www.imfmm.tn\/en\/responsabilite-sociale\/\" \/>\n<meta property=\"og:locale\" content=\"en_US\" \/>\n<meta property=\"og:type\" content=\"article\" \/>\n<meta property=\"og:title\" content=\"Formation Maritime et Engagement Social en Tunisie\" \/>\n<meta property=\"og:description\" content=\"L\u2019IMFMM encourage la responsabilit\u00e9 sociale, le b\u00e9n\u00e9volat et la solidarit\u00e9 dans la formation maritime en Tunisie, pour former des professionnels engag\u00e9s.\" \/>\n<meta property=\"og:url\" content=\"https:\/\/www.imfmm.tn\/en\/responsabilite-sociale\/\" \/>\n<meta property=\"og:site_name\" content=\"L&#039;Institut M\u00e9diterran\u00e9en de Formation aux M\u00e9tiers Maritimes\" \/>\n<meta property=\"article:modified_time\" content=\"2025-11-13T15:42:01+00:00\" \/>\n<meta name=\"twitter:card\" content=\"summary_large_image\" \/>\n<meta name=\"twitter:label1\" content=\"Est. reading time\" \/>\n\t<meta name=\"twitter:data1\" content=\"1 minute\" \/>\n<script type=\"application\/ld+json\" class=\"yoast-schema-graph\">{\"@context\":\"https:\\\/\\\/schema.org\",\"@graph\":[{\"@type\":\"WebPage\",\"@id\":\"https:\\\/\\\/www.imfmm.tn\\\/responsabilite-sociale\\\/\",\"url\":\"https:\\\/\\\/www.imfmm.tn\\\/responsabilite-sociale\\\/\",\"name\":\"Formation Maritime et Engagement Social en Tunisie\",\"isPartOf\":{\"@id\":\"https:\\\/\\\/www.imfmm.tn\\\/#website\"},\"datePublished\":\"2025-07-01T13:08:11+00:00\",\"dateModified\":\"2025-11-13T15:42:01+00:00\",\"description\":\"L\u2019IMFMM encourage la responsabilit\u00e9 sociale, le b\u00e9n\u00e9volat et la solidarit\u00e9 dans la formation maritime en Tunisie, pour former des professionnels engag\u00e9s.\",\"breadcrumb\":{\"@id\":\"https:\\\/\\\/www.imfmm.tn\\\/responsabilite-sociale\\\/#breadcrumb\"},\"inLanguage\":\"en-US\",\"potentialAction\":[{\"@type\":\"ReadAction\",\"target\":[\"https:\\\/\\\/www.imfmm.tn\\\/responsabilite-sociale\\\/\"]}]},{\"@type\":\"BreadcrumbList\",\"@id\":\"https:\\\/\\\/www.imfmm.tn\\\/responsabilite-sociale\\\/#breadcrumb\",\"itemListElement\":[{\"@type\":\"ListItem\",\"position\":1,\"name\":\"Accueil\",\"item\":\"https:\\\/\\\/www.imfmm.tn\\\/\"},{\"@type\":\"ListItem\",\"position\":2,\"name\":\"Responsabilit\u00e9 sociale\"}]},{\"@type\":\"WebSite\",\"@id\":\"https:\\\/\\\/www.imfmm.tn\\\/#website\",\"url\":\"https:\\\/\\\/www.imfmm.tn\\\/\",\"name\":\"L&#039;Institut M\u00e9diterran\u00e9en de Formation aux M\u00e9tiers Maritimes\",\"description\":\"\",\"potentialAction\":[{\"@type\":\"SearchAction\",\"target\":{\"@type\":\"EntryPoint\",\"urlTemplate\":\"https:\\\/\\\/www.imfmm.tn\\\/?s={search_term_string}\"},\"query-input\":{\"@type\":\"PropertyValueSpecification\",\"valueRequired\":true,\"valueName\":\"search_term_string\"}}],\"inLanguage\":\"en-US\"}]}<\/script>\n<!-- \/ Yoast SEO plugin. -->","yoast_head_json":{"title":"Formation Maritime et Engagement Social en Tunisie","description":"L\u2019IMFMM encourage la responsabilit\u00e9 sociale, le b\u00e9n\u00e9volat et la solidarit\u00e9 dans la formation maritime en Tunisie, pour former des professionnels engag\u00e9s.","robots":{"index":"index","follow":"follow","max-snippet":"max-snippet:-1","max-image-preview":"max-image-preview:large","max-video-preview":"max-video-preview:-1"},"canonical":"https:\/\/www.imfmm.tn\/en\/responsabilite-sociale\/","og_locale":"en_US","og_type":"article","og_title":"Formation Maritime et Engagement Social en Tunisie","og_description":"L\u2019IMFMM encourage la responsabilit\u00e9 sociale, le b\u00e9n\u00e9volat et la solidarit\u00e9 dans la formation maritime en Tunisie, pour former des professionnels engag\u00e9s.","og_url":"https:\/\/www.imfmm.tn\/en\/responsabilite-sociale\/","og_site_name":"L&#039;Institut M\u00e9diterran\u00e9en de Formation aux M\u00e9tiers Maritimes","article_modified_time":"2025-11-13T15:42:01+00:00","twitter_card":"summary_large_image","twitter_misc":{"Est. reading time":"1 minute"},"schema":{"@context":"https:\/\/schema.org","@graph":[{"@type":"WebPage","@id":"https:\/\/www.imfmm.tn\/responsabilite-sociale\/","url":"https:\/\/www.imfmm.tn\/responsabilite-sociale\/","name":"Formation Maritime et Engagement Social en Tunisie","isPartOf":{"@id":"https:\/\/www.imfmm.tn\/#website"},"datePublished":"2025-07-01T13:08:11+00:00","dateModified":"2025-11-13T15:42:01+00:00","description":"L\u2019IMFMM encourage la responsabilit\u00e9 sociale, le b\u00e9n\u00e9volat et la solidarit\u00e9 dans la formation maritime en Tunisie, pour former des professionnels engag\u00e9s.","breadcrumb":{"@id":"https:\/\/www.imfmm.tn\/responsabilite-sociale\/#breadcrumb"},"inLanguage":"en-US","potentialAction":[{"@type":"ReadAction","target":["https:\/\/www.imfmm.tn\/responsabilite-sociale\/"]}]},{"@type":"BreadcrumbList","@id":"https:\/\/www.imfmm.tn\/responsabilite-sociale\/#breadcrumb","itemListElement":[{"@type":"ListItem","position":1,"name":"Accueil","item":"https:\/\/www.imfmm.tn\/"},{"@type":"ListItem","position":2,"name":"Responsabilit\u00e9 sociale"}]},{"@type":"WebSite","@id":"https:\/\/www.imfmm.tn\/#website","url":"https:\/\/www.imfmm.tn\/","name":"L&#039;Institut M\u00e9diterran\u00e9en de Formation aux M\u00e9tiers Maritimes","description":"","potentialAction":[{"@type":"SearchAction","target":{"@type":"EntryPoint","urlTemplate":"https:\/\/www.imfmm.tn\/?s={search_term_string}"},"query-input":{"@type":"PropertyValueSpecification","valueRequired":true,"valueName":"search_term_string"}}],"inLanguage":"en-US"}]}},"_links":{"self":[{"href":"https:\/\/www.imfmm.tn\/en\/wp-json\/wp\/v2\/pages\/3030","targetHints":{"allow":["GET"]}}],"collection":[{"href":"https:\/\/www.imfmm.tn\/en\/wp-json\/wp\/v2\/pages"}],"about":[{"href":"https:\/\/www.imfmm.tn\/en\/wp-json\/wp\/v2\/types\/page"}],"author":[{"embeddable":true,"href":"https:\/\/www.imfmm.tn\/en\/wp-json\/wp\/v2\/users\/1"}],"replies":[{"embeddable":true,"href":"https:\/\/www.imfmm.tn\/en\/wp-json\/wp\/v2\/comments?post=3030"}],"version-history":[{"count":4,"href":"https:\/\/www.imfmm.tn\/en\/wp-json\/wp\/v2\/pages\/3030\/revisions"}],"predecessor-version":[{"id":3540,"href":"https:\/\/www.imfmm.tn\/en\/wp-json\/wp\/v2\/pages\/3030\/revisions\/3540"}],"wp:attachment":[{"href":"https:\/\/www.imfmm.tn\/en\/wp-json\/wp\/v2\/media?parent=3030"}],"curies":[{"name":"wp","href":"https:\/\/api.w.org\/{rel}","templated":true}]}}