{"id":3027,"date":"2025-07-01T15:05:48","date_gmt":"2025-07-01T13:05:48","guid":{"rendered":"http:\/\/localhost\/dustrial\/?page_id=3027"},"modified":"2025-11-13T16:41:12","modified_gmt":"2025-11-13T15:41:12","slug":"notre-mission","status":"publish","type":"page","link":"https:\/\/www.imfmm.tn\/en\/notre-mission\/","title":{"rendered":"Notre mission"},"content":{"rendered":"<div class=\"wpb-content-wrapper\"><div class=\"vc_row wpb_row vc_row-fluid vc_custom_1545996764528\"><div class=\"wpb_column vc_column_container vc_col-sm-6\"><div class=\"vc_column-inner vc_custom_1545815615488\"><div class=\"wpb_wrapper\">\n\t<div class=\"wpb_text_column wpb_content_element wpb_animate_when_almost_visible wpb_fadeInUp fadeInUp vc_custom_1763048445085\" >\n\t\t<div class=\"wpb_wrapper\">\n\t\t\t<h1>Notre mission : Former les leaders des m\u00e9tiers maritimes et portuaires<br \/>\n<\/h1>\n<p>Notre mission est de vous ouvrir les portes \u00e0 l&rsquo;\u00e9chelle nationale et \u00a0 internationale selon vos objectifs et vos r\u00eaves en vous positionnant sur le march\u00e9 du travail et ce, gr\u00e2ce \u00e0 une formation professionnelle en contact direct avec les entreprises en plein essor ; mais \u00e9galement gr\u00e2ce \u00e0 votre parcours et \u00e0 des enseignants issus d\u2019horizons multiples.<br \/>\nDe votre parcours, votre culture et vos atouts ; nous construisons une r\u00e9ussite commune en exploitant les diff\u00e9rences et en renfor\u00e7ant nos similitudes par votre int\u00e9gration dans un environnement o\u00f9 vous \u00eates acteur et propulseur de sa r\u00e9ussite dans un monde globalis\u00e9.<br \/>\nA travers son r\u00e9seau, L&rsquo;IMFMM \u00a0favorise le transfert de connaissances et de comp\u00e9tences en collaboration avec les acteurs forts de l\u2019\u00e9conomie tunisienne, m\u00e9diterran\u00e9enne et africaine.<br \/>\nL\u2019IMFMM, leader de La formation professionnelle\u00a0 en Tunisie, vous pr\u00e9pare \u00e0 un avenir sur le plan national tout comme international o\u00f9 vous saurez vous adapter avec agilit\u00e9 et vous distinguer en tant que leader.<\/p>\n\n\t\t<\/div>\n\t<\/div>\n<\/div><\/div><\/div><div class=\"about-faq wpb_animate_when_almost_visible wpb_fadeInUp fadeInUp wpb_column vc_column_container vc_col-sm-6\"><div class=\"vc_column-inner vc_custom_1545996747838\"><div class=\"wpb_wrapper\"><div class=\"vc_row wpb_row vc_inner vc_row-fluid\"><div class=\"wpb_column vc_column_container vc_col-sm-12\"><div class=\"vc_column-inner\"><div class=\"wpb_wrapper\">\n\t<div  class=\"wpb_single_image wpb_content_element vc_align_center wpb_content_element wpb_animate_when_almost_visible wpb_fadeIn fadeIn vc_custom_1751373459156\">\n\t\t\n\t\t<figure class=\"wpb_wrapper vc_figure\">\n\t\t\t<div class=\"vc_single_image-wrapper   vc_box_border_grey\"><img loading=\"lazy\" decoding=\"async\" width=\"500\" height=\"500\" src=\"https:\/\/www.imfmm.tn\/wp-content\/uploads\/2025\/05\/Banniere-site-web-IMFMM-Qui-somme-nous.jpg\" class=\"vc_single_image-img attachment-full\" alt=\"\" title=\"Banni\u00e8re-site-web-IMFMM-Qui-somme-nous\" \/><\/div>\n\t\t<\/figure>\n\t<\/div>\n<\/div><\/div><\/div><\/div><\/div><\/div><\/div><\/div>\n<\/div>","protected":false},"excerpt":{"rendered":"Notre mission : Former les leaders des m\u00e9tiers maritimes et portuaires Notre mission est de vous ouvrir les portes \u00e0 l'\u00e9chelle nationale et \u00a0 internationale selon vos objectifs et vos r\u00eaves en vous positionnant sur le march\u00e9 du travail et ce, gr\u00e2ce \u00e0 une formation professionnelle en contact direct avec les entreprises en plein essor [...]","protected":false},"author":1,"featured_media":0,"parent":0,"menu_order":0,"comment_status":"closed","ping_status":"closed","template":"page-template\/blank-page-sidebar.php","meta":{"_monsterinsights_skip_tracking":false,"_monsterinsights_sitenote_active":false,"_monsterinsights_sitenote_note":"","_monsterinsights_sitenote_category":0,"footnotes":""},"class_list":["post-3027","page","type-page","status-publish","hentry"],"yoast_head":"<!-- This site is optimized with the Yoast SEO plugin v27.4 - https:\/\/yoast.com\/product\/yoast-seo-wordpress\/ -->\n<title>Formation Maritime et Professionnelle Tunisie &amp; M\u00e9diterran\u00e9e<\/title>\n<meta name=\"description\" content=\"L\u2019IMFMM forme les futurs experts des m\u00e9tiers maritimes, portuaires et logistiques en Tunisie, M\u00e9diterran\u00e9e et Afrique gr\u00e2ce \u00e0 des formations STCW reconnues.\" \/>\n<meta name=\"robots\" content=\"index, follow, max-snippet:-1, max-image-preview:large, max-video-preview:-1\" \/>\n<link rel=\"canonical\" href=\"https:\/\/www.imfmm.tn\/en\/notre-mission\/\" \/>\n<meta property=\"og:locale\" content=\"en_US\" \/>\n<meta property=\"og:type\" content=\"article\" \/>\n<meta property=\"og:title\" content=\"Formation Maritime et Professionnelle Tunisie &amp; M\u00e9diterran\u00e9e\" \/>\n<meta property=\"og:description\" content=\"L\u2019IMFMM forme les futurs experts des m\u00e9tiers maritimes, portuaires et logistiques en Tunisie, M\u00e9diterran\u00e9e et Afrique gr\u00e2ce \u00e0 des formations STCW reconnues.\" \/>\n<meta property=\"og:url\" content=\"https:\/\/www.imfmm.tn\/en\/notre-mission\/\" \/>\n<meta property=\"og:site_name\" content=\"L&#039;Institut M\u00e9diterran\u00e9en de Formation aux M\u00e9tiers Maritimes\" \/>\n<meta property=\"article:modified_time\" content=\"2025-11-13T15:41:12+00:00\" \/>\n<meta name=\"twitter:card\" content=\"summary_large_image\" \/>\n<meta name=\"twitter:label1\" content=\"Est. reading time\" \/>\n\t<meta name=\"twitter:data1\" content=\"2 minutes\" \/>\n<script type=\"application\/ld+json\" class=\"yoast-schema-graph\">{\"@context\":\"https:\\\/\\\/schema.org\",\"@graph\":[{\"@type\":\"WebPage\",\"@id\":\"https:\\\/\\\/www.imfmm.tn\\\/notre-mission\\\/\",\"url\":\"https:\\\/\\\/www.imfmm.tn\\\/notre-mission\\\/\",\"name\":\"Formation Maritime et Professionnelle Tunisie & M\u00e9diterran\u00e9e\",\"isPartOf\":{\"@id\":\"https:\\\/\\\/www.imfmm.tn\\\/#website\"},\"datePublished\":\"2025-07-01T13:05:48+00:00\",\"dateModified\":\"2025-11-13T15:41:12+00:00\",\"description\":\"L\u2019IMFMM forme les futurs experts des m\u00e9tiers maritimes, portuaires et logistiques en Tunisie, M\u00e9diterran\u00e9e et Afrique gr\u00e2ce \u00e0 des formations STCW reconnues.\",\"breadcrumb\":{\"@id\":\"https:\\\/\\\/www.imfmm.tn\\\/notre-mission\\\/#breadcrumb\"},\"inLanguage\":\"en-US\",\"potentialAction\":[{\"@type\":\"ReadAction\",\"target\":[\"https:\\\/\\\/www.imfmm.tn\\\/notre-mission\\\/\"]}]},{\"@type\":\"BreadcrumbList\",\"@id\":\"https:\\\/\\\/www.imfmm.tn\\\/notre-mission\\\/#breadcrumb\",\"itemListElement\":[{\"@type\":\"ListItem\",\"position\":1,\"name\":\"Accueil\",\"item\":\"https:\\\/\\\/www.imfmm.tn\\\/\"},{\"@type\":\"ListItem\",\"position\":2,\"name\":\"Notre mission\"}]},{\"@type\":\"WebSite\",\"@id\":\"https:\\\/\\\/www.imfmm.tn\\\/#website\",\"url\":\"https:\\\/\\\/www.imfmm.tn\\\/\",\"name\":\"L&#039;Institut M\u00e9diterran\u00e9en de Formation aux M\u00e9tiers Maritimes\",\"description\":\"\",\"potentialAction\":[{\"@type\":\"SearchAction\",\"target\":{\"@type\":\"EntryPoint\",\"urlTemplate\":\"https:\\\/\\\/www.imfmm.tn\\\/?s={search_term_string}\"},\"query-input\":{\"@type\":\"PropertyValueSpecification\",\"valueRequired\":true,\"valueName\":\"search_term_string\"}}],\"inLanguage\":\"en-US\"}]}<\/script>\n<!-- \/ Yoast SEO plugin. -->","yoast_head_json":{"title":"Formation Maritime et Professionnelle Tunisie & M\u00e9diterran\u00e9e","description":"L\u2019IMFMM forme les futurs experts des m\u00e9tiers maritimes, portuaires et logistiques en Tunisie, M\u00e9diterran\u00e9e et Afrique gr\u00e2ce \u00e0 des formations STCW reconnues.","robots":{"index":"index","follow":"follow","max-snippet":"max-snippet:-1","max-image-preview":"max-image-preview:large","max-video-preview":"max-video-preview:-1"},"canonical":"https:\/\/www.imfmm.tn\/en\/notre-mission\/","og_locale":"en_US","og_type":"article","og_title":"Formation Maritime et Professionnelle Tunisie & M\u00e9diterran\u00e9e","og_description":"L\u2019IMFMM forme les futurs experts des m\u00e9tiers maritimes, portuaires et logistiques en Tunisie, M\u00e9diterran\u00e9e et Afrique gr\u00e2ce \u00e0 des formations STCW reconnues.","og_url":"https:\/\/www.imfmm.tn\/en\/notre-mission\/","og_site_name":"L&#039;Institut M\u00e9diterran\u00e9en de Formation aux M\u00e9tiers Maritimes","article_modified_time":"2025-11-13T15:41:12+00:00","twitter_card":"summary_large_image","twitter_misc":{"Est. reading time":"2 minutes"},"schema":{"@context":"https:\/\/schema.org","@graph":[{"@type":"WebPage","@id":"https:\/\/www.imfmm.tn\/notre-mission\/","url":"https:\/\/www.imfmm.tn\/notre-mission\/","name":"Formation Maritime et Professionnelle Tunisie & M\u00e9diterran\u00e9e","isPartOf":{"@id":"https:\/\/www.imfmm.tn\/#website"},"datePublished":"2025-07-01T13:05:48+00:00","dateModified":"2025-11-13T15:41:12+00:00","description":"L\u2019IMFMM forme les futurs experts des m\u00e9tiers maritimes, portuaires et logistiques en Tunisie, M\u00e9diterran\u00e9e et Afrique gr\u00e2ce \u00e0 des formations STCW reconnues.","breadcrumb":{"@id":"https:\/\/www.imfmm.tn\/notre-mission\/#breadcrumb"},"inLanguage":"en-US","potentialAction":[{"@type":"ReadAction","target":["https:\/\/www.imfmm.tn\/notre-mission\/"]}]},{"@type":"BreadcrumbList","@id":"https:\/\/www.imfmm.tn\/notre-mission\/#breadcrumb","itemListElement":[{"@type":"ListItem","position":1,"name":"Accueil","item":"https:\/\/www.imfmm.tn\/"},{"@type":"ListItem","position":2,"name":"Notre mission"}]},{"@type":"WebSite","@id":"https:\/\/www.imfmm.tn\/#website","url":"https:\/\/www.imfmm.tn\/","name":"L&#039;Institut M\u00e9diterran\u00e9en de Formation aux M\u00e9tiers Maritimes","description":"","potentialAction":[{"@type":"SearchAction","target":{"@type":"EntryPoint","urlTemplate":"https:\/\/www.imfmm.tn\/?s={search_term_string}"},"query-input":{"@type":"PropertyValueSpecification","valueRequired":true,"valueName":"search_term_string"}}],"inLanguage":"en-US"}]}},"_links":{"self":[{"href":"https:\/\/www.imfmm.tn\/en\/wp-json\/wp\/v2\/pages\/3027","targetHints":{"allow":["GET"]}}],"collection":[{"href":"https:\/\/www.imfmm.tn\/en\/wp-json\/wp\/v2\/pages"}],"about":[{"href":"https:\/\/www.imfmm.tn\/en\/wp-json\/wp\/v2\/types\/page"}],"author":[{"embeddable":true,"href":"https:\/\/www.imfmm.tn\/en\/wp-json\/wp\/v2\/users\/1"}],"replies":[{"embeddable":true,"href":"https:\/\/www.imfmm.tn\/en\/wp-json\/wp\/v2\/comments?post=3027"}],"version-history":[{"count":4,"href":"https:\/\/www.imfmm.tn\/en\/wp-json\/wp\/v2\/pages\/3027\/revisions"}],"predecessor-version":[{"id":3538,"href":"https:\/\/www.imfmm.tn\/en\/wp-json\/wp\/v2\/pages\/3027\/revisions\/3538"}],"wp:attachment":[{"href":"https:\/\/www.imfmm.tn\/en\/wp-json\/wp\/v2\/media?parent=3027"}],"curies":[{"name":"wp","href":"https:\/\/api.w.org\/{rel}","templated":true}]}}