{"id":3021,"date":"2025-07-01T14:57:23","date_gmt":"2025-07-01T12:57:23","guid":{"rendered":"http:\/\/localhost\/dustrial\/?page_id=3021"},"modified":"2025-11-13T16:18:23","modified_gmt":"2025-11-13T15:18:23","slug":"nos-valeurs","status":"publish","type":"page","link":"https:\/\/www.imfmm.tn\/en\/nos-valeurs\/","title":{"rendered":"Nos valeurs"},"content":{"rendered":"<div class=\"wpb-content-wrapper\"><div class=\"vc_row wpb_row vc_row-fluid vc_custom_1545996764528\"><div class=\"wpb_column vc_column_container vc_col-sm-12\"><div class=\"vc_column-inner vc_custom_1545815615488\"><div class=\"wpb_wrapper\">\n\t<div class=\"wpb_text_column wpb_content_element wpb_animate_when_almost_visible wpb_fadeInUp fadeInUp vc_custom_1763046762687\" >\n\t\t<div class=\"wpb_wrapper\">\n\t\t\t<h1>Valeurs et Engagements de l\u2019IMFMM dans la Formation Maritime<\/h1>\n<p>Nos valeurs d\u00e9finissent qui nous sommes. Elles sont le fondement de notre institut. Elles guident nos actions et notre comportement. Elles influencent notre fa\u00e7on de travailler, notre souci d&rsquo;am\u00e9lioration continue de la qualit\u00e9 et notre engagement aupr\u00e8s denosapprenants.<\/p>\n\n\t\t<\/div>\n\t<\/div>\n<\/div><\/div><\/div><\/div><div class=\"vc_row wpb_row vc_row-fluid vc_custom_1760089349779\"><div class=\"wpb_column vc_column_container vc_col-sm-6\"><div class=\"vc_column-inner vc_custom_1545815615488\"><div class=\"wpb_wrapper\">\n    <div class=\"dustrial-picons-69ea5c9d1b25d  featured-item wow\">\n            <h5 class=\"featured-item-title\">Excellence dans la formation maritime, portuaire et logistique en Tunisie<\/h5>\n      <p class=\"featured-content\">Nous recherchons en permanence d\u2019am\u00e9liorer notre qualit\u00e9 de prestation \u00e0 travers une d\u00e9marche d\u2019am\u00e9lioration continue, tant sur le plan technologique qu\u2019humain, bas\u00e9e sur l\u2019innovation et l\u2019attraction de comp\u00e9tences hautement qualifi\u00e9es.<\/p>\n    <\/div>\n\n  \n  \n    <div class=\"dustrial-picons-69ea5c9d1b274  featured-item wow\">\n            <h5 class=\"featured-item-title\">Accompagnement et coop\u00e9ration au service des m\u00e9tiers maritimes<\/h5>\n      <p class=\"featured-content\">Nous cr\u00e9ons une relation de confiance bas\u00e9e sur l\u2019\u00e9coute et la discussion.<\/p>\n    <\/div>\n\n  \n  \n    <div class=\"dustrial-picons-69ea5c9d1b27e  featured-item wow\">\n            <h5 class=\"featured-item-title\">Coop\u00e9ration<\/h5>\n      <p class=\"featured-content\">nous nous sommes engag\u00e9s dans une d\u00e9marche de partenariat et d&#039;alliance strat\u00e9gique avec des \u00e9tablissements similaires en Tunisie, en m\u00e9diterran\u00e9e et en Afrique.<\/p>\n    <\/div>\n\n  \n  \n    <div class=\"dustrial-picons-69ea5c9d1b298  featured-item wow\">\n            <h5 class=\"featured-item-title\">Innovation et ouverture d\u2019esprit dans la formation professionnelle STCW<\/h5>\n      <p class=\"featured-content\">Nous sommes ouverts \u00e0 toute nouvelle id\u00e9e, toute opinion et points de vues qui diff\u00e8rent des notre \u00ab De la diversit\u00e9 na\u00eet la richesse \u00bb<\/p>\n    <\/div>\n\n  \n  <\/div><\/div><\/div><div class=\"about-faq wpb_animate_when_almost_visible wpb_fadeInUp fadeInUp wpb_column vc_column_container vc_col-sm-6\"><div class=\"vc_column-inner vc_custom_1545996747838\"><div class=\"wpb_wrapper\"><div class=\"vc_row wpb_row vc_inner vc_row-fluid\"><div class=\"wpb_column vc_column_container vc_col-sm-12\"><div class=\"vc_column-inner\"><div class=\"wpb_wrapper\">\n\t<div  class=\"wpb_single_image wpb_content_element vc_align_center wpb_content_element wpb_animate_when_almost_visible wpb_fadeIn fadeIn vc_custom_1751373459156\">\n\t\t\n\t\t<figure class=\"wpb_wrapper vc_figure\">\n\t\t\t<div class=\"vc_single_image-wrapper   vc_box_border_grey\"><img loading=\"lazy\" decoding=\"async\" width=\"500\" height=\"500\" src=\"https:\/\/www.imfmm.tn\/wp-content\/uploads\/2025\/05\/Banniere-site-web-IMFMM-Qui-somme-nous.jpg\" class=\"vc_single_image-img attachment-full\" alt=\"\" title=\"Banni\u00e8re-site-web-IMFMM-Qui-somme-nous\" \/><\/div>\n\t\t<\/figure>\n\t<\/div>\n<\/div><\/div><\/div><\/div><\/div><\/div><\/div><\/div>\n<\/div>","protected":false},"excerpt":{"rendered":"Valeurs et Engagements de l\u2019IMFMM dans la Formation Maritime Nos valeurs d\u00e9finissent qui nous sommes. Elles sont le fondement de notre institut. Elles guident nos actions et notre comportement. Elles influencent notre fa\u00e7on de travailler, notre souci d'am\u00e9lioration continue de la qualit\u00e9 et notre engagement aupr\u00e8s denosapprenants. Excellence dans la formation maritime, portuaire et logistique [...]","protected":false},"author":1,"featured_media":0,"parent":0,"menu_order":0,"comment_status":"closed","ping_status":"closed","template":"page-template\/blank-page-sidebar.php","meta":{"_monsterinsights_skip_tracking":false,"_monsterinsights_sitenote_active":false,"_monsterinsights_sitenote_note":"","_monsterinsights_sitenote_category":0,"footnotes":""},"class_list":["post-3021","page","type-page","status-publish","hentry"],"yoast_head":"<!-- This site is optimized with the Yoast SEO plugin v27.4 - https:\/\/yoast.com\/product\/yoast-seo-wordpress\/ -->\n<title>Valeurs IMFMM | Excellence et Formation Maritime Tunisie<\/title>\n<meta name=\"description\" content=\"Les valeurs de l\u2019IMFMM : excellence, accompagnement, coop\u00e9ration et innovation dans la formation maritime, portuaire et logistique en Tunisie\" \/>\n<meta name=\"robots\" content=\"index, follow, max-snippet:-1, max-image-preview:large, max-video-preview:-1\" \/>\n<link rel=\"canonical\" href=\"https:\/\/www.imfmm.tn\/en\/nos-valeurs\/\" \/>\n<meta property=\"og:locale\" content=\"en_US\" \/>\n<meta property=\"og:type\" content=\"article\" \/>\n<meta property=\"og:title\" content=\"Valeurs IMFMM | Excellence et Formation Maritime Tunisie\" \/>\n<meta property=\"og:description\" content=\"Les valeurs de l\u2019IMFMM : excellence, accompagnement, coop\u00e9ration et innovation dans la formation maritime, portuaire et logistique en Tunisie\" \/>\n<meta property=\"og:url\" content=\"https:\/\/www.imfmm.tn\/en\/nos-valeurs\/\" \/>\n<meta property=\"og:site_name\" content=\"L&#039;Institut M\u00e9diterran\u00e9en de Formation aux M\u00e9tiers Maritimes\" \/>\n<meta property=\"article:modified_time\" content=\"2025-11-13T15:18:23+00:00\" \/>\n<meta name=\"twitter:card\" content=\"summary_large_image\" \/>\n<meta name=\"twitter:label1\" content=\"Est. reading time\" \/>\n\t<meta name=\"twitter:data1\" content=\"2 minutes\" \/>\n<script type=\"application\/ld+json\" class=\"yoast-schema-graph\">{\"@context\":\"https:\\\/\\\/schema.org\",\"@graph\":[{\"@type\":\"WebPage\",\"@id\":\"https:\\\/\\\/www.imfmm.tn\\\/nos-valeurs\\\/\",\"url\":\"https:\\\/\\\/www.imfmm.tn\\\/nos-valeurs\\\/\",\"name\":\"Valeurs IMFMM | Excellence et Formation Maritime Tunisie\",\"isPartOf\":{\"@id\":\"https:\\\/\\\/www.imfmm.tn\\\/#website\"},\"datePublished\":\"2025-07-01T12:57:23+00:00\",\"dateModified\":\"2025-11-13T15:18:23+00:00\",\"description\":\"Les valeurs de l\u2019IMFMM : excellence, accompagnement, coop\u00e9ration et innovation dans la formation maritime, portuaire et logistique en Tunisie\",\"breadcrumb\":{\"@id\":\"https:\\\/\\\/www.imfmm.tn\\\/nos-valeurs\\\/#breadcrumb\"},\"inLanguage\":\"en-US\",\"potentialAction\":[{\"@type\":\"ReadAction\",\"target\":[\"https:\\\/\\\/www.imfmm.tn\\\/nos-valeurs\\\/\"]}]},{\"@type\":\"BreadcrumbList\",\"@id\":\"https:\\\/\\\/www.imfmm.tn\\\/nos-valeurs\\\/#breadcrumb\",\"itemListElement\":[{\"@type\":\"ListItem\",\"position\":1,\"name\":\"Accueil\",\"item\":\"https:\\\/\\\/www.imfmm.tn\\\/\"},{\"@type\":\"ListItem\",\"position\":2,\"name\":\"Nos valeurs\"}]},{\"@type\":\"WebSite\",\"@id\":\"https:\\\/\\\/www.imfmm.tn\\\/#website\",\"url\":\"https:\\\/\\\/www.imfmm.tn\\\/\",\"name\":\"L&#039;Institut M\u00e9diterran\u00e9en de Formation aux M\u00e9tiers Maritimes\",\"description\":\"\",\"potentialAction\":[{\"@type\":\"SearchAction\",\"target\":{\"@type\":\"EntryPoint\",\"urlTemplate\":\"https:\\\/\\\/www.imfmm.tn\\\/?s={search_term_string}\"},\"query-input\":{\"@type\":\"PropertyValueSpecification\",\"valueRequired\":true,\"valueName\":\"search_term_string\"}}],\"inLanguage\":\"en-US\"}]}<\/script>\n<!-- \/ Yoast SEO plugin. -->","yoast_head_json":{"title":"Valeurs IMFMM | Excellence et Formation Maritime Tunisie","description":"Les valeurs de l\u2019IMFMM : excellence, accompagnement, coop\u00e9ration et innovation dans la formation maritime, portuaire et logistique en Tunisie","robots":{"index":"index","follow":"follow","max-snippet":"max-snippet:-1","max-image-preview":"max-image-preview:large","max-video-preview":"max-video-preview:-1"},"canonical":"https:\/\/www.imfmm.tn\/en\/nos-valeurs\/","og_locale":"en_US","og_type":"article","og_title":"Valeurs IMFMM | Excellence et Formation Maritime Tunisie","og_description":"Les valeurs de l\u2019IMFMM : excellence, accompagnement, coop\u00e9ration et innovation dans la formation maritime, portuaire et logistique en Tunisie","og_url":"https:\/\/www.imfmm.tn\/en\/nos-valeurs\/","og_site_name":"L&#039;Institut M\u00e9diterran\u00e9en de Formation aux M\u00e9tiers Maritimes","article_modified_time":"2025-11-13T15:18:23+00:00","twitter_card":"summary_large_image","twitter_misc":{"Est. reading time":"2 minutes"},"schema":{"@context":"https:\/\/schema.org","@graph":[{"@type":"WebPage","@id":"https:\/\/www.imfmm.tn\/nos-valeurs\/","url":"https:\/\/www.imfmm.tn\/nos-valeurs\/","name":"Valeurs IMFMM | Excellence et Formation Maritime Tunisie","isPartOf":{"@id":"https:\/\/www.imfmm.tn\/#website"},"datePublished":"2025-07-01T12:57:23+00:00","dateModified":"2025-11-13T15:18:23+00:00","description":"Les valeurs de l\u2019IMFMM : excellence, accompagnement, coop\u00e9ration et innovation dans la formation maritime, portuaire et logistique en Tunisie","breadcrumb":{"@id":"https:\/\/www.imfmm.tn\/nos-valeurs\/#breadcrumb"},"inLanguage":"en-US","potentialAction":[{"@type":"ReadAction","target":["https:\/\/www.imfmm.tn\/nos-valeurs\/"]}]},{"@type":"BreadcrumbList","@id":"https:\/\/www.imfmm.tn\/nos-valeurs\/#breadcrumb","itemListElement":[{"@type":"ListItem","position":1,"name":"Accueil","item":"https:\/\/www.imfmm.tn\/"},{"@type":"ListItem","position":2,"name":"Nos valeurs"}]},{"@type":"WebSite","@id":"https:\/\/www.imfmm.tn\/#website","url":"https:\/\/www.imfmm.tn\/","name":"L&#039;Institut M\u00e9diterran\u00e9en de Formation aux M\u00e9tiers Maritimes","description":"","potentialAction":[{"@type":"SearchAction","target":{"@type":"EntryPoint","urlTemplate":"https:\/\/www.imfmm.tn\/?s={search_term_string}"},"query-input":{"@type":"PropertyValueSpecification","valueRequired":true,"valueName":"search_term_string"}}],"inLanguage":"en-US"}]}},"_links":{"self":[{"href":"https:\/\/www.imfmm.tn\/en\/wp-json\/wp\/v2\/pages\/3021","targetHints":{"allow":["GET"]}}],"collection":[{"href":"https:\/\/www.imfmm.tn\/en\/wp-json\/wp\/v2\/pages"}],"about":[{"href":"https:\/\/www.imfmm.tn\/en\/wp-json\/wp\/v2\/types\/page"}],"author":[{"embeddable":true,"href":"https:\/\/www.imfmm.tn\/en\/wp-json\/wp\/v2\/users\/1"}],"replies":[{"embeddable":true,"href":"https:\/\/www.imfmm.tn\/en\/wp-json\/wp\/v2\/comments?post=3021"}],"version-history":[{"count":7,"href":"https:\/\/www.imfmm.tn\/en\/wp-json\/wp\/v2\/pages\/3021\/revisions"}],"predecessor-version":[{"id":3536,"href":"https:\/\/www.imfmm.tn\/en\/wp-json\/wp\/v2\/pages\/3021\/revisions\/3536"}],"wp:attachment":[{"href":"https:\/\/www.imfmm.tn\/en\/wp-json\/wp\/v2\/media?parent=3021"}],"curies":[{"name":"wp","href":"https:\/\/api.w.org\/{rel}","templated":true}]}}