{"id":3015,"date":"2025-07-01T14:52:01","date_gmt":"2025-07-01T12:52:01","guid":{"rendered":"http:\/\/localhost\/dustrial\/?page_id=3015"},"modified":"2025-11-13T16:04:06","modified_gmt":"2025-11-13T15:04:06","slug":"notre-histoire","status":"publish","type":"page","link":"https:\/\/www.imfmm.tn\/en\/notre-histoire\/","title":{"rendered":"Notre histoire"},"content":{"rendered":"<div class=\"wpb-content-wrapper\"><div class=\"vc_row wpb_row vc_row-fluid vc_custom_1545996764528\"><div class=\"wpb_column vc_column_container vc_col-sm-6\"><div class=\"vc_column-inner vc_custom_1545815615488\"><div class=\"wpb_wrapper\">\n\t<div class=\"wpb_text_column wpb_content_element wpb_animate_when_almost_visible wpb_fadeInUp fadeInUp vc_custom_1763046150553\" >\n\t\t<div class=\"wpb_wrapper\">\n\t\t\t<h1>Formation Professionnelle aux M\u00e9tiers Maritimes, Portuaires et Logistique<\/h1>\n<p>L\u2019Institut M\u00e9diterran\u00e9en de Formation aux M\u00e9tiers Maritimes (<strong>IMFMM<\/strong>) est un \u00e9tablissement de formation professionnelle, cr\u00e9e en 2009, sp\u00e9cialis\u00e9 dans les domaines maritimes, des ports, du transport et de la logistique. Gr\u00e2ce \u00e0 une vision strat\u00e9gique claire et \u00e0 une volont\u00e9 ferme de l\u2019ensemble du personnel de l\u2019institut, on a r\u00e9ussi \u00e0 accomplir une croissance et un d\u00e9veloppement remarquable.<\/p>\n<ul>\n<li>l\u2019IMFMM a \u00e9largi la base de donn\u00e9es de ses formateurs afin de solliciter des profils rares et de haut niveau.<\/li>\n<li>L\u2019IMFMM a form\u00e9 588 stagiaires dans les diff\u00e9rentes sp\u00e9cialit\u00e9s avec un taux d\u2019insertion professionnelle sup\u00e9rieur \u00e0 78%.<\/li>\n<li>L&rsquo;IMFMM a une nouvelle culture de d\u00e9veloppement et de conception des programmes de formation adapt\u00e9s aux besoins du march\u00e9 national et international.<\/li>\n<li>L&rsquo;IMFMM a organis\u00e9\u00a0la formation des marins libyens en 2014 \u00e0 Tunis.<\/li>\n<li>L\u2019IMFMM est le centre le mieux cot\u00e9 dans le domaine de la formation de la marine marchande, la preuve que les grandes entreprises publiques du march\u00e9 nous ont fait confiance.<\/li>\n<li>L\u2019IMFMM a investi massivement dans des \u00e9quipements Haut de gamme. En effet, en 2014 l\u2019IMFMM a acquis le mat\u00e9riel n\u00e9cessaire pour l\u2019atelier m\u00e9canique g\u00e9n\u00e9ral et en 2015 L\u2019IMFMM s\u2019est dot\u00e9 de deux simulateurs pont et machine type KONGSBERG derni\u00e8re g\u00e9n\u00e9ration.<\/li>\n<li>L&rsquo;IMFMM a b\u00e9n\u00e9fici\u00e9 d&rsquo;une\u00a0collaboration fructueuse avec l\u2019AFPA.<\/li>\n<\/ul>\n\n\t\t<\/div>\n\t<\/div>\n<\/div><\/div><\/div><div class=\"about-faq wpb_animate_when_almost_visible wpb_fadeInUp fadeInUp wpb_column vc_column_container vc_col-sm-6\"><div class=\"vc_column-inner vc_custom_1545996747838\"><div class=\"wpb_wrapper\"><div class=\"vc_row wpb_row vc_inner vc_row-fluid\"><div class=\"wpb_column vc_column_container vc_col-sm-12\"><div class=\"vc_column-inner\"><div class=\"wpb_wrapper\">\n\t<div  class=\"wpb_single_image wpb_content_element vc_align_center wpb_content_element wpb_animate_when_almost_visible wpb_fadeIn fadeIn vc_custom_1751373459156\">\n\t\t\n\t\t<figure class=\"wpb_wrapper vc_figure\">\n\t\t\t<div class=\"vc_single_image-wrapper   vc_box_border_grey\"><img loading=\"lazy\" decoding=\"async\" width=\"500\" height=\"500\" src=\"https:\/\/www.imfmm.tn\/wp-content\/uploads\/2025\/05\/Banniere-site-web-IMFMM-Qui-somme-nous.jpg\" class=\"vc_single_image-img attachment-full\" alt=\"\" title=\"Banni\u00e8re-site-web-IMFMM-Qui-somme-nous\" \/><\/div>\n\t\t<\/figure>\n\t<\/div>\n<\/div><\/div><\/div><\/div><\/div><\/div><\/div><\/div><div class=\"vc_row wpb_row vc_row-fluid\"><div class=\"wpb_column vc_column_container vc_col-sm-12\"><div class=\"vc_column-inner\"><div class=\"wpb_wrapper\">\n\t<div class=\"wpb_text_column wpb_content_element wpb_animate_when_almost_visible wpb_fadeInUp fadeInUp vc_custom_1751374498002\" >\n\t\t<div class=\"wpb_wrapper\">\n\t\t\t<p>Forte par toutes ses r\u00e9alisations, l\u2019IMFMM compte solidifier sa politique de d\u00e9veloppement et a l\u2019ambition d\u2019aller encore plus loin en acc\u00e9dant \u00e0 de nouveaux paliers et \u00e0 de nouvelles activit\u00e9s.<\/p>\n<p>Nous sommes conscients que notre avenir d\u00e9pend \u00e9troitement de la qualit\u00e9 des programmes de la formation, de l\u2019encouragement de l\u2019initiative et de notre capacit\u00e9 \u00e0 recruter et \u00e0 fid\u00e9liser des formateurs comp\u00e9tents sans oublier que dans un environnement concurrentiel l\u2019engagement du personnel et des formateurs est un atout n\u00e9cessaire.<\/p>\n<p>En r\u00e9sum\u00e9 notre objectif c\u2019est de prouver la r\u00e9ussite de la d\u00e9marche du partenariat public-priv\u00e9 et de devenir un p\u00f4le de r\u00e9f\u00e9rence dans le domaine de la formation maritime, logistique et portuaire sur le plan national, m\u00e9diterran\u00e9en et africain.<\/p>\n\n\t\t<\/div>\n\t<\/div>\n<\/div><\/div><\/div><\/div><div class=\"vc_row wpb_row vc_row-fluid\"><div class=\"wpb_column vc_column_container vc_col-sm-12\"><div class=\"vc_column-inner\"><div class=\"wpb_wrapper\"><div class=\"vc_empty_space\"   style=\"height: 32px\"><span class=\"vc_empty_space_inner\"><\/span><\/div><\/div><\/div><\/div><\/div>\n<\/div>","protected":false},"excerpt":{"rendered":"Formation Professionnelle aux M\u00e9tiers Maritimes, Portuaires et Logistique L\u2019Institut M\u00e9diterran\u00e9en de Formation aux M\u00e9tiers Maritimes (IMFMM) est un \u00e9tablissement de formation professionnelle, cr\u00e9e en 2009, sp\u00e9cialis\u00e9 dans les domaines maritimes, des ports, du transport et de la logistique. Gr\u00e2ce \u00e0 une vision strat\u00e9gique claire et \u00e0 une volont\u00e9 ferme de l\u2019ensemble du personnel de l\u2019institut, [...]","protected":false},"author":1,"featured_media":0,"parent":0,"menu_order":0,"comment_status":"closed","ping_status":"closed","template":"page-template\/blank-page-sidebar.php","meta":{"_monsterinsights_skip_tracking":false,"_monsterinsights_sitenote_active":false,"_monsterinsights_sitenote_note":"","_monsterinsights_sitenote_category":0,"footnotes":""},"class_list":["post-3015","page","type-page","status-publish","hentry"],"yoast_head":"<!-- This site is optimized with the Yoast SEO plugin v27.3 - https:\/\/yoast.com\/product\/yoast-seo-wordpress\/ -->\n<title>Formation Maritime, Portuaire et M\u00e9tiers Maritimes Tunisie<\/title>\n<meta name=\"description\" content=\"IMFMM propose des formations maritimes, STCW, portuaires et logistique en Tunisie avec simulateurs et formateurs experts pour tous les m\u00e9tiers maritimes\" \/>\n<meta name=\"robots\" content=\"index, follow, max-snippet:-1, max-image-preview:large, max-video-preview:-1\" \/>\n<link rel=\"canonical\" href=\"https:\/\/www.imfmm.tn\/en\/notre-histoire\/\" \/>\n<meta property=\"og:locale\" content=\"en_US\" \/>\n<meta property=\"og:type\" content=\"article\" \/>\n<meta property=\"og:title\" content=\"Formation Maritime, Portuaire et M\u00e9tiers Maritimes Tunisie\" \/>\n<meta property=\"og:description\" content=\"IMFMM propose des formations maritimes, STCW, portuaires et logistique en Tunisie avec simulateurs et formateurs experts pour tous les m\u00e9tiers maritimes\" \/>\n<meta property=\"og:url\" content=\"https:\/\/www.imfmm.tn\/en\/notre-histoire\/\" \/>\n<meta property=\"og:site_name\" content=\"L&#039;Institut M\u00e9diterran\u00e9en de Formation aux M\u00e9tiers Maritimes\" \/>\n<meta property=\"article:modified_time\" content=\"2025-11-13T15:04:06+00:00\" \/>\n<meta name=\"twitter:card\" content=\"summary_large_image\" \/>\n<meta name=\"twitter:label1\" content=\"Est. reading time\" \/>\n\t<meta name=\"twitter:data1\" content=\"3 minutes\" \/>\n<script type=\"application\/ld+json\" class=\"yoast-schema-graph\">{\"@context\":\"https:\\\/\\\/schema.org\",\"@graph\":[{\"@type\":\"WebPage\",\"@id\":\"https:\\\/\\\/www.imfmm.tn\\\/notre-histoire\\\/\",\"url\":\"https:\\\/\\\/www.imfmm.tn\\\/notre-histoire\\\/\",\"name\":\"Formation Maritime, Portuaire et M\u00e9tiers Maritimes Tunisie\",\"isPartOf\":{\"@id\":\"https:\\\/\\\/www.imfmm.tn\\\/#website\"},\"datePublished\":\"2025-07-01T12:52:01+00:00\",\"dateModified\":\"2025-11-13T15:04:06+00:00\",\"description\":\"IMFMM propose des formations maritimes, STCW, portuaires et logistique en Tunisie avec simulateurs et formateurs experts pour tous les m\u00e9tiers maritimes\",\"breadcrumb\":{\"@id\":\"https:\\\/\\\/www.imfmm.tn\\\/notre-histoire\\\/#breadcrumb\"},\"inLanguage\":\"en-US\",\"potentialAction\":[{\"@type\":\"ReadAction\",\"target\":[\"https:\\\/\\\/www.imfmm.tn\\\/notre-histoire\\\/\"]}]},{\"@type\":\"BreadcrumbList\",\"@id\":\"https:\\\/\\\/www.imfmm.tn\\\/notre-histoire\\\/#breadcrumb\",\"itemListElement\":[{\"@type\":\"ListItem\",\"position\":1,\"name\":\"Accueil\",\"item\":\"https:\\\/\\\/www.imfmm.tn\\\/\"},{\"@type\":\"ListItem\",\"position\":2,\"name\":\"Notre histoire\"}]},{\"@type\":\"WebSite\",\"@id\":\"https:\\\/\\\/www.imfmm.tn\\\/#website\",\"url\":\"https:\\\/\\\/www.imfmm.tn\\\/\",\"name\":\"L&#039;Institut M\u00e9diterran\u00e9en de Formation aux M\u00e9tiers Maritimes\",\"description\":\"\",\"potentialAction\":[{\"@type\":\"SearchAction\",\"target\":{\"@type\":\"EntryPoint\",\"urlTemplate\":\"https:\\\/\\\/www.imfmm.tn\\\/?s={search_term_string}\"},\"query-input\":{\"@type\":\"PropertyValueSpecification\",\"valueRequired\":true,\"valueName\":\"search_term_string\"}}],\"inLanguage\":\"en-US\"}]}<\/script>\n<!-- \/ Yoast SEO plugin. -->","yoast_head_json":{"title":"Formation Maritime, Portuaire et M\u00e9tiers Maritimes Tunisie","description":"IMFMM propose des formations maritimes, STCW, portuaires et logistique en Tunisie avec simulateurs et formateurs experts pour tous les m\u00e9tiers maritimes","robots":{"index":"index","follow":"follow","max-snippet":"max-snippet:-1","max-image-preview":"max-image-preview:large","max-video-preview":"max-video-preview:-1"},"canonical":"https:\/\/www.imfmm.tn\/en\/notre-histoire\/","og_locale":"en_US","og_type":"article","og_title":"Formation Maritime, Portuaire et M\u00e9tiers Maritimes Tunisie","og_description":"IMFMM propose des formations maritimes, STCW, portuaires et logistique en Tunisie avec simulateurs et formateurs experts pour tous les m\u00e9tiers maritimes","og_url":"https:\/\/www.imfmm.tn\/en\/notre-histoire\/","og_site_name":"L&#039;Institut M\u00e9diterran\u00e9en de Formation aux M\u00e9tiers Maritimes","article_modified_time":"2025-11-13T15:04:06+00:00","twitter_card":"summary_large_image","twitter_misc":{"Est. reading time":"3 minutes"},"schema":{"@context":"https:\/\/schema.org","@graph":[{"@type":"WebPage","@id":"https:\/\/www.imfmm.tn\/notre-histoire\/","url":"https:\/\/www.imfmm.tn\/notre-histoire\/","name":"Formation Maritime, Portuaire et M\u00e9tiers Maritimes Tunisie","isPartOf":{"@id":"https:\/\/www.imfmm.tn\/#website"},"datePublished":"2025-07-01T12:52:01+00:00","dateModified":"2025-11-13T15:04:06+00:00","description":"IMFMM propose des formations maritimes, STCW, portuaires et logistique en Tunisie avec simulateurs et formateurs experts pour tous les m\u00e9tiers maritimes","breadcrumb":{"@id":"https:\/\/www.imfmm.tn\/notre-histoire\/#breadcrumb"},"inLanguage":"en-US","potentialAction":[{"@type":"ReadAction","target":["https:\/\/www.imfmm.tn\/notre-histoire\/"]}]},{"@type":"BreadcrumbList","@id":"https:\/\/www.imfmm.tn\/notre-histoire\/#breadcrumb","itemListElement":[{"@type":"ListItem","position":1,"name":"Accueil","item":"https:\/\/www.imfmm.tn\/"},{"@type":"ListItem","position":2,"name":"Notre histoire"}]},{"@type":"WebSite","@id":"https:\/\/www.imfmm.tn\/#website","url":"https:\/\/www.imfmm.tn\/","name":"L&#039;Institut M\u00e9diterran\u00e9en de Formation aux M\u00e9tiers Maritimes","description":"","potentialAction":[{"@type":"SearchAction","target":{"@type":"EntryPoint","urlTemplate":"https:\/\/www.imfmm.tn\/?s={search_term_string}"},"query-input":{"@type":"PropertyValueSpecification","valueRequired":true,"valueName":"search_term_string"}}],"inLanguage":"en-US"}]}},"_links":{"self":[{"href":"https:\/\/www.imfmm.tn\/en\/wp-json\/wp\/v2\/pages\/3015","targetHints":{"allow":["GET"]}}],"collection":[{"href":"https:\/\/www.imfmm.tn\/en\/wp-json\/wp\/v2\/pages"}],"about":[{"href":"https:\/\/www.imfmm.tn\/en\/wp-json\/wp\/v2\/types\/page"}],"author":[{"embeddable":true,"href":"https:\/\/www.imfmm.tn\/en\/wp-json\/wp\/v2\/users\/1"}],"replies":[{"embeddable":true,"href":"https:\/\/www.imfmm.tn\/en\/wp-json\/wp\/v2\/comments?post=3015"}],"version-history":[{"count":6,"href":"https:\/\/www.imfmm.tn\/en\/wp-json\/wp\/v2\/pages\/3015\/revisions"}],"predecessor-version":[{"id":3534,"href":"https:\/\/www.imfmm.tn\/en\/wp-json\/wp\/v2\/pages\/3015\/revisions\/3534"}],"wp:attachment":[{"href":"https:\/\/www.imfmm.tn\/en\/wp-json\/wp\/v2\/media?parent=3015"}],"curies":[{"name":"wp","href":"https:\/\/api.w.org\/{rel}","templated":true}]}}