{"id":3010,"date":"2025-07-01T14:44:51","date_gmt":"2025-07-01T12:44:51","guid":{"rendered":"http:\/\/localhost\/dustrial\/?page_id=3010"},"modified":"2025-11-13T16:01:05","modified_gmt":"2025-11-13T15:01:05","slug":"mot-du-directeur-general","status":"publish","type":"page","link":"https:\/\/www.imfmm.tn\/en\/mot-du-directeur-general\/","title":{"rendered":"Mot du directeur g\u00e9n\u00e9ral"},"content":{"rendered":"<div class=\"wpb-content-wrapper\"><div class=\"vc_row wpb_row vc_row-fluid vc_custom_1545996764528\"><div class=\"wpb_column vc_column_container vc_col-sm-6\"><div class=\"vc_column-inner vc_custom_1545815615488\"><div class=\"wpb_wrapper\">\n\t<div class=\"wpb_text_column wpb_content_element wpb_animate_when_almost_visible wpb_fadeInUp fadeInUp vc_custom_1763046051769\" >\n\t\t<div class=\"wpb_wrapper\">\n\t\t\t<h1>Vision IMFMM| Formation Professionnelle aux M\u00e9tiers Maritimes, Portuaires et Logistique<\/h1>\n<p>Tous nos programmes de formation professionnelle r\u00e9pondent aux besoins actuels des employeurs. Nous vous offrons une palette vari\u00e9e de formations. Quels que soient votre personnalit\u00e9, vos go\u00fbts, vos talents, il existe s\u00fbrement un m\u00e9tier qui vous permettra de vous \u00e9panouir pleinement.<\/p>\n<p>\u00ab\u00a0En Tunisie, la formation professionnelle n\u2019est pas seulement un avantage, c\u2019est une n\u00e9cessit\u00e9\u00a0!\u00a0\u00bb<\/p>\n<p>Les employeurs ont vite compris q&rsquo;une main d\u2019\u0153uvre qualifi\u00e9e rend l\u2019entreprise apte \u00e0 relever les d\u00e9fis qu\u2019occasionnent l\u2019\u00e9volution et le progr\u00e8s de la soci\u00e9t\u00e9. On prend de plus en plus conscience de l\u2019importance des m\u00e9tiers, des techniques et des professions pour assurer le d\u00e9veloppement du domaine maritime.<\/p>\n<p>Un dipl\u00f4me de formation professionnelle ouvre la voie \u00e0 la r\u00e9ussite\u2026 personnelle\u00a0! N\u2019est-ce pas ce qui compte dans la vie\u00a0?<\/p>\n<p>La formation professionnelle, c\u2019est peut-\u00eatre aussi le meilleur investissement pour vous. Pour bien gagner votre vie \u2026mais aussi pour vous \u00e9panouir\u00a0!<\/p>\n<p>Quelques mois, quelques ann\u00e9es d\u2019une formation bien choisie peuvent faire la diff\u00e9rence entre une vie r\u00e9ussie et une autre.<\/p>\n<p><strong>Wissem Gaida Mahjoub<\/strong><\/p>\n<p><strong>Directeur G\u00e9n\u00e9ral<\/strong><\/p>\n\n\t\t<\/div>\n\t<\/div>\n<\/div><\/div><\/div><div class=\"about-faq wpb_animate_when_almost_visible wpb_fadeInUp fadeInUp wpb_column vc_column_container vc_col-sm-6\"><div class=\"vc_column-inner vc_custom_1545996747838\"><div class=\"wpb_wrapper\"><div class=\"vc_row wpb_row vc_inner vc_row-fluid\"><div class=\"wpb_column vc_column_container vc_col-sm-12\"><div class=\"vc_column-inner\"><div class=\"wpb_wrapper\">\n\t<div  class=\"wpb_single_image wpb_content_element vc_align_center wpb_content_element wpb_animate_when_almost_visible wpb_fadeIn fadeIn vc_custom_1751373459156\">\n\t\t\n\t\t<figure class=\"wpb_wrapper vc_figure\">\n\t\t\t<div class=\"vc_single_image-wrapper   vc_box_border_grey\"><img loading=\"lazy\" decoding=\"async\" width=\"500\" height=\"500\" src=\"https:\/\/www.imfmm.tn\/wp-content\/uploads\/2025\/05\/Banniere-site-web-IMFMM-Qui-somme-nous.jpg\" class=\"vc_single_image-img attachment-full\" alt=\"\" title=\"Banni\u00e8re-site-web-IMFMM-Qui-somme-nous\" \/><\/div>\n\t\t<\/figure>\n\t<\/div>\n<\/div><\/div><\/div><\/div><\/div><\/div><\/div><\/div>\n<\/div>","protected":false},"excerpt":{"rendered":"Vision IMFMM| Formation Professionnelle aux M\u00e9tiers Maritimes, Portuaires et Logistique Tous nos programmes de formation professionnelle r\u00e9pondent aux besoins actuels des employeurs. Nous vous offrons une palette vari\u00e9e de formations. Quels que soient votre personnalit\u00e9, vos go\u00fbts, vos talents, il existe s\u00fbrement un m\u00e9tier qui vous permettra de vous \u00e9panouir pleinement. \u00ab\u00a0En Tunisie, la formation [...]","protected":false},"author":1,"featured_media":0,"parent":0,"menu_order":0,"comment_status":"closed","ping_status":"closed","template":"page-template\/blank-page-sidebar.php","meta":{"_monsterinsights_skip_tracking":false,"_monsterinsights_sitenote_active":false,"_monsterinsights_sitenote_note":"","_monsterinsights_sitenote_category":0,"footnotes":""},"class_list":["post-3010","page","type-page","status-publish","hentry"],"yoast_head":"<!-- This site is optimized with the Yoast SEO plugin v27.4 - https:\/\/yoast.com\/product\/yoast-seo-wordpress\/ -->\n<title>Formations Maritimes, STCW et M\u00e9tiers Maritimes Tunisie<\/title>\n<meta name=\"description\" content=\"IMFMM propose des formations professionnelles maritimes, STCW, portuaires et logistique en Tunisie pour pr\u00e9parer aux m\u00e9tiers maritimes et marine marchande.\" \/>\n<meta name=\"robots\" content=\"index, follow, max-snippet:-1, max-image-preview:large, max-video-preview:-1\" \/>\n<link rel=\"canonical\" href=\"https:\/\/www.imfmm.tn\/en\/mot-du-directeur-general\/\" \/>\n<meta property=\"og:locale\" content=\"en_US\" \/>\n<meta property=\"og:type\" content=\"article\" \/>\n<meta property=\"og:title\" content=\"Formations Maritimes, STCW et M\u00e9tiers Maritimes Tunisie\" \/>\n<meta property=\"og:description\" content=\"IMFMM propose des formations professionnelles maritimes, STCW, portuaires et logistique en Tunisie pour pr\u00e9parer aux m\u00e9tiers maritimes et marine marchande.\" \/>\n<meta property=\"og:url\" content=\"https:\/\/www.imfmm.tn\/en\/mot-du-directeur-general\/\" \/>\n<meta property=\"og:site_name\" content=\"L&#039;Institut M\u00e9diterran\u00e9en de Formation aux M\u00e9tiers Maritimes\" \/>\n<meta property=\"article:modified_time\" content=\"2025-11-13T15:01:05+00:00\" \/>\n<meta name=\"twitter:card\" content=\"summary_large_image\" \/>\n<meta name=\"twitter:label1\" content=\"Est. reading time\" \/>\n\t<meta name=\"twitter:data1\" content=\"2 minutes\" \/>\n<script type=\"application\/ld+json\" class=\"yoast-schema-graph\">{\"@context\":\"https:\\\/\\\/schema.org\",\"@graph\":[{\"@type\":\"WebPage\",\"@id\":\"https:\\\/\\\/www.imfmm.tn\\\/mot-du-directeur-general\\\/\",\"url\":\"https:\\\/\\\/www.imfmm.tn\\\/mot-du-directeur-general\\\/\",\"name\":\"Formations Maritimes, STCW et M\u00e9tiers Maritimes Tunisie\",\"isPartOf\":{\"@id\":\"https:\\\/\\\/www.imfmm.tn\\\/#website\"},\"datePublished\":\"2025-07-01T12:44:51+00:00\",\"dateModified\":\"2025-11-13T15:01:05+00:00\",\"description\":\"IMFMM propose des formations professionnelles maritimes, STCW, portuaires et logistique en Tunisie pour pr\u00e9parer aux m\u00e9tiers maritimes et marine marchande.\",\"breadcrumb\":{\"@id\":\"https:\\\/\\\/www.imfmm.tn\\\/mot-du-directeur-general\\\/#breadcrumb\"},\"inLanguage\":\"en-US\",\"potentialAction\":[{\"@type\":\"ReadAction\",\"target\":[\"https:\\\/\\\/www.imfmm.tn\\\/mot-du-directeur-general\\\/\"]}]},{\"@type\":\"BreadcrumbList\",\"@id\":\"https:\\\/\\\/www.imfmm.tn\\\/mot-du-directeur-general\\\/#breadcrumb\",\"itemListElement\":[{\"@type\":\"ListItem\",\"position\":1,\"name\":\"Accueil\",\"item\":\"https:\\\/\\\/www.imfmm.tn\\\/\"},{\"@type\":\"ListItem\",\"position\":2,\"name\":\"Mot du directeur g\u00e9n\u00e9ral\"}]},{\"@type\":\"WebSite\",\"@id\":\"https:\\\/\\\/www.imfmm.tn\\\/#website\",\"url\":\"https:\\\/\\\/www.imfmm.tn\\\/\",\"name\":\"L&#039;Institut M\u00e9diterran\u00e9en de Formation aux M\u00e9tiers Maritimes\",\"description\":\"\",\"potentialAction\":[{\"@type\":\"SearchAction\",\"target\":{\"@type\":\"EntryPoint\",\"urlTemplate\":\"https:\\\/\\\/www.imfmm.tn\\\/?s={search_term_string}\"},\"query-input\":{\"@type\":\"PropertyValueSpecification\",\"valueRequired\":true,\"valueName\":\"search_term_string\"}}],\"inLanguage\":\"en-US\"}]}<\/script>\n<!-- \/ Yoast SEO plugin. -->","yoast_head_json":{"title":"Formations Maritimes, STCW et M\u00e9tiers Maritimes Tunisie","description":"IMFMM propose des formations professionnelles maritimes, STCW, portuaires et logistique en Tunisie pour pr\u00e9parer aux m\u00e9tiers maritimes et marine marchande.","robots":{"index":"index","follow":"follow","max-snippet":"max-snippet:-1","max-image-preview":"max-image-preview:large","max-video-preview":"max-video-preview:-1"},"canonical":"https:\/\/www.imfmm.tn\/en\/mot-du-directeur-general\/","og_locale":"en_US","og_type":"article","og_title":"Formations Maritimes, STCW et M\u00e9tiers Maritimes Tunisie","og_description":"IMFMM propose des formations professionnelles maritimes, STCW, portuaires et logistique en Tunisie pour pr\u00e9parer aux m\u00e9tiers maritimes et marine marchande.","og_url":"https:\/\/www.imfmm.tn\/en\/mot-du-directeur-general\/","og_site_name":"L&#039;Institut M\u00e9diterran\u00e9en de Formation aux M\u00e9tiers Maritimes","article_modified_time":"2025-11-13T15:01:05+00:00","twitter_card":"summary_large_image","twitter_misc":{"Est. reading time":"2 minutes"},"schema":{"@context":"https:\/\/schema.org","@graph":[{"@type":"WebPage","@id":"https:\/\/www.imfmm.tn\/mot-du-directeur-general\/","url":"https:\/\/www.imfmm.tn\/mot-du-directeur-general\/","name":"Formations Maritimes, STCW et M\u00e9tiers Maritimes Tunisie","isPartOf":{"@id":"https:\/\/www.imfmm.tn\/#website"},"datePublished":"2025-07-01T12:44:51+00:00","dateModified":"2025-11-13T15:01:05+00:00","description":"IMFMM propose des formations professionnelles maritimes, STCW, portuaires et logistique en Tunisie pour pr\u00e9parer aux m\u00e9tiers maritimes et marine marchande.","breadcrumb":{"@id":"https:\/\/www.imfmm.tn\/mot-du-directeur-general\/#breadcrumb"},"inLanguage":"en-US","potentialAction":[{"@type":"ReadAction","target":["https:\/\/www.imfmm.tn\/mot-du-directeur-general\/"]}]},{"@type":"BreadcrumbList","@id":"https:\/\/www.imfmm.tn\/mot-du-directeur-general\/#breadcrumb","itemListElement":[{"@type":"ListItem","position":1,"name":"Accueil","item":"https:\/\/www.imfmm.tn\/"},{"@type":"ListItem","position":2,"name":"Mot du directeur g\u00e9n\u00e9ral"}]},{"@type":"WebSite","@id":"https:\/\/www.imfmm.tn\/#website","url":"https:\/\/www.imfmm.tn\/","name":"L&#039;Institut M\u00e9diterran\u00e9en de Formation aux M\u00e9tiers Maritimes","description":"","potentialAction":[{"@type":"SearchAction","target":{"@type":"EntryPoint","urlTemplate":"https:\/\/www.imfmm.tn\/?s={search_term_string}"},"query-input":{"@type":"PropertyValueSpecification","valueRequired":true,"valueName":"search_term_string"}}],"inLanguage":"en-US"}]}},"_links":{"self":[{"href":"https:\/\/www.imfmm.tn\/en\/wp-json\/wp\/v2\/pages\/3010","targetHints":{"allow":["GET"]}}],"collection":[{"href":"https:\/\/www.imfmm.tn\/en\/wp-json\/wp\/v2\/pages"}],"about":[{"href":"https:\/\/www.imfmm.tn\/en\/wp-json\/wp\/v2\/types\/page"}],"author":[{"embeddable":true,"href":"https:\/\/www.imfmm.tn\/en\/wp-json\/wp\/v2\/users\/1"}],"replies":[{"embeddable":true,"href":"https:\/\/www.imfmm.tn\/en\/wp-json\/wp\/v2\/comments?post=3010"}],"version-history":[{"count":5,"href":"https:\/\/www.imfmm.tn\/en\/wp-json\/wp\/v2\/pages\/3010\/revisions"}],"predecessor-version":[{"id":3533,"href":"https:\/\/www.imfmm.tn\/en\/wp-json\/wp\/v2\/pages\/3010\/revisions\/3533"}],"wp:attachment":[{"href":"https:\/\/www.imfmm.tn\/en\/wp-json\/wp\/v2\/media?parent=3010"}],"curies":[{"name":"wp","href":"https:\/\/api.w.org\/{rel}","templated":true}]}}