{"id":3003,"date":"2025-07-01T13:45:02","date_gmt":"2025-07-01T11:45:02","guid":{"rendered":"http:\/\/localhost\/dustrial\/?page_id=3003"},"modified":"2025-11-13T17:11:06","modified_gmt":"2025-11-13T16:11:06","slug":"centre-de-ressources","status":"publish","type":"page","link":"https:\/\/www.imfmm.tn\/en\/centre-de-ressources\/","title":{"rendered":"Consultation et appels d\\&rsquo;offres"},"content":{"rendered":"<div class=\"wpb-content-wrapper\"><div class=\"vc_row wpb_row vc_row-fluid vc_custom_1545996764528\"><div class=\"wpb_column vc_column_container vc_col-sm-12\"><div class=\"vc_column-inner vc_custom_1545815615488\"><div class=\"wpb_wrapper\">\n\t<div class=\"wpb_text_column wpb_content_element wpb_animate_when_almost_visible wpb_fadeInUp fadeInUp vc_custom_1763050262608\" >\n\t\t<div class=\"wpb_wrapper\">\n\t\t\t<h1>Consultation et Appels d\u2019Offres IMFMM<\/h1>\n<p>L\u2019IMFMM dispose d\u2019un centre de ressources, de nombreux livres sur les diff\u00e9rents domaines faisant l\u2019objet de formations, peuvent \u00eatre consult\u00e9s par les apprenants, sur place. La Direction est soucieuse d\u2019enrichir chaque ann\u00e9e cette source de savoir par de nouvelles acquisitions.<\/p>\n\n\t\t<\/div>\n\t<\/div>\n<\/div><\/div><\/div><\/div>\n<\/div>","protected":false},"excerpt":{"rendered":"Consultation et Appels d\u2019Offres IMFMM L\u2019IMFMM dispose d\u2019un centre de ressources, de nombreux livres sur les diff\u00e9rents domaines faisant l\u2019objet de formations, peuvent \u00eatre consult\u00e9s par les apprenants, sur place. La Direction est soucieuse d\u2019enrichir chaque ann\u00e9e cette source de savoir par de nouvelles acquisitions.","protected":false},"author":1,"featured_media":0,"parent":0,"menu_order":0,"comment_status":"closed","ping_status":"closed","template":"page-template\/blank-page-sidebar.php","meta":{"_monsterinsights_skip_tracking":false,"_monsterinsights_sitenote_active":false,"_monsterinsights_sitenote_note":"","_monsterinsights_sitenote_category":0,"footnotes":""},"class_list":["post-3003","page","type-page","status-publish","hentry"],"yoast_head":"<!-- This site is optimized with the Yoast SEO plugin v27.4 - https:\/\/yoast.com\/product\/yoast-seo-wordpress\/ -->\n<title>Consultation et Appels d\u2019Offres | IMFMM Tunisie<\/title>\n<meta name=\"description\" content=\"D\u00e9couvrez les appels d\u2019offres et consultations de l\u2019IMFMM Tunisie. Les opportunit\u00e9s d\u2019achat, de fourniture et de mat\u00e9riel maritime dans un cadre transparent et professionnel.\" \/>\n<meta name=\"robots\" content=\"index, follow, max-snippet:-1, max-image-preview:large, max-video-preview:-1\" \/>\n<link rel=\"canonical\" href=\"https:\/\/www.imfmm.tn\/en\/centre-de-ressources\/\" \/>\n<meta property=\"og:locale\" content=\"en_US\" \/>\n<meta property=\"og:type\" content=\"article\" \/>\n<meta property=\"og:title\" content=\"Consultation et Appels d\u2019Offres | IMFMM Tunisie\" \/>\n<meta property=\"og:description\" content=\"D\u00e9couvrez les appels d\u2019offres et consultations de l\u2019IMFMM Tunisie. Les opportunit\u00e9s d\u2019achat, de fourniture et de mat\u00e9riel maritime dans un cadre transparent et professionnel.\" \/>\n<meta property=\"og:url\" content=\"https:\/\/www.imfmm.tn\/en\/centre-de-ressources\/\" \/>\n<meta property=\"og:site_name\" content=\"L&#039;Institut M\u00e9diterran\u00e9en de Formation aux M\u00e9tiers Maritimes\" \/>\n<meta property=\"article:modified_time\" content=\"2025-11-13T16:11:06+00:00\" \/>\n<meta name=\"twitter:card\" content=\"summary_large_image\" \/>\n<meta name=\"twitter:label1\" content=\"Est. reading time\" \/>\n\t<meta name=\"twitter:data1\" content=\"1 minute\" \/>\n<script type=\"application\/ld+json\" class=\"yoast-schema-graph\">{\"@context\":\"https:\\\/\\\/schema.org\",\"@graph\":[{\"@type\":\"WebPage\",\"@id\":\"https:\\\/\\\/www.imfmm.tn\\\/centre-de-ressources\\\/\",\"url\":\"https:\\\/\\\/www.imfmm.tn\\\/centre-de-ressources\\\/\",\"name\":\"Consultation et Appels d\u2019Offres | IMFMM Tunisie\",\"isPartOf\":{\"@id\":\"https:\\\/\\\/www.imfmm.tn\\\/#website\"},\"datePublished\":\"2025-07-01T11:45:02+00:00\",\"dateModified\":\"2025-11-13T16:11:06+00:00\",\"description\":\"D\u00e9couvrez les appels d\u2019offres et consultations de l\u2019IMFMM Tunisie. Les opportunit\u00e9s d\u2019achat, de fourniture et de mat\u00e9riel maritime dans un cadre transparent et professionnel.\",\"breadcrumb\":{\"@id\":\"https:\\\/\\\/www.imfmm.tn\\\/centre-de-ressources\\\/#breadcrumb\"},\"inLanguage\":\"en-US\",\"potentialAction\":[{\"@type\":\"ReadAction\",\"target\":[\"https:\\\/\\\/www.imfmm.tn\\\/centre-de-ressources\\\/\"]}]},{\"@type\":\"BreadcrumbList\",\"@id\":\"https:\\\/\\\/www.imfmm.tn\\\/centre-de-ressources\\\/#breadcrumb\",\"itemListElement\":[{\"@type\":\"ListItem\",\"position\":1,\"name\":\"Accueil\",\"item\":\"https:\\\/\\\/www.imfmm.tn\\\/\"},{\"@type\":\"ListItem\",\"position\":2,\"name\":\"Consultation et appels d\\\\&rsquo;offres\"}]},{\"@type\":\"WebSite\",\"@id\":\"https:\\\/\\\/www.imfmm.tn\\\/#website\",\"url\":\"https:\\\/\\\/www.imfmm.tn\\\/\",\"name\":\"L&#039;Institut M\u00e9diterran\u00e9en de Formation aux M\u00e9tiers Maritimes\",\"description\":\"\",\"potentialAction\":[{\"@type\":\"SearchAction\",\"target\":{\"@type\":\"EntryPoint\",\"urlTemplate\":\"https:\\\/\\\/www.imfmm.tn\\\/?s={search_term_string}\"},\"query-input\":{\"@type\":\"PropertyValueSpecification\",\"valueRequired\":true,\"valueName\":\"search_term_string\"}}],\"inLanguage\":\"en-US\"}]}<\/script>\n<!-- \/ Yoast SEO plugin. -->","yoast_head_json":{"title":"Consultation et Appels d\u2019Offres | IMFMM Tunisie","description":"D\u00e9couvrez les appels d\u2019offres et consultations de l\u2019IMFMM Tunisie. Les opportunit\u00e9s d\u2019achat, de fourniture et de mat\u00e9riel maritime dans un cadre transparent et professionnel.","robots":{"index":"index","follow":"follow","max-snippet":"max-snippet:-1","max-image-preview":"max-image-preview:large","max-video-preview":"max-video-preview:-1"},"canonical":"https:\/\/www.imfmm.tn\/en\/centre-de-ressources\/","og_locale":"en_US","og_type":"article","og_title":"Consultation et Appels d\u2019Offres | IMFMM Tunisie","og_description":"D\u00e9couvrez les appels d\u2019offres et consultations de l\u2019IMFMM Tunisie. Les opportunit\u00e9s d\u2019achat, de fourniture et de mat\u00e9riel maritime dans un cadre transparent et professionnel.","og_url":"https:\/\/www.imfmm.tn\/en\/centre-de-ressources\/","og_site_name":"L&#039;Institut M\u00e9diterran\u00e9en de Formation aux M\u00e9tiers Maritimes","article_modified_time":"2025-11-13T16:11:06+00:00","twitter_card":"summary_large_image","twitter_misc":{"Est. reading time":"1 minute"},"schema":{"@context":"https:\/\/schema.org","@graph":[{"@type":"WebPage","@id":"https:\/\/www.imfmm.tn\/centre-de-ressources\/","url":"https:\/\/www.imfmm.tn\/centre-de-ressources\/","name":"Consultation et Appels d\u2019Offres | IMFMM Tunisie","isPartOf":{"@id":"https:\/\/www.imfmm.tn\/#website"},"datePublished":"2025-07-01T11:45:02+00:00","dateModified":"2025-11-13T16:11:06+00:00","description":"D\u00e9couvrez les appels d\u2019offres et consultations de l\u2019IMFMM Tunisie. Les opportunit\u00e9s d\u2019achat, de fourniture et de mat\u00e9riel maritime dans un cadre transparent et professionnel.","breadcrumb":{"@id":"https:\/\/www.imfmm.tn\/centre-de-ressources\/#breadcrumb"},"inLanguage":"en-US","potentialAction":[{"@type":"ReadAction","target":["https:\/\/www.imfmm.tn\/centre-de-ressources\/"]}]},{"@type":"BreadcrumbList","@id":"https:\/\/www.imfmm.tn\/centre-de-ressources\/#breadcrumb","itemListElement":[{"@type":"ListItem","position":1,"name":"Accueil","item":"https:\/\/www.imfmm.tn\/"},{"@type":"ListItem","position":2,"name":"Consultation et appels d\\&rsquo;offres"}]},{"@type":"WebSite","@id":"https:\/\/www.imfmm.tn\/#website","url":"https:\/\/www.imfmm.tn\/","name":"L&#039;Institut M\u00e9diterran\u00e9en de Formation aux M\u00e9tiers Maritimes","description":"","potentialAction":[{"@type":"SearchAction","target":{"@type":"EntryPoint","urlTemplate":"https:\/\/www.imfmm.tn\/?s={search_term_string}"},"query-input":{"@type":"PropertyValueSpecification","valueRequired":true,"valueName":"search_term_string"}}],"inLanguage":"en-US"}]}},"_links":{"self":[{"href":"https:\/\/www.imfmm.tn\/en\/wp-json\/wp\/v2\/pages\/3003","targetHints":{"allow":["GET"]}}],"collection":[{"href":"https:\/\/www.imfmm.tn\/en\/wp-json\/wp\/v2\/pages"}],"about":[{"href":"https:\/\/www.imfmm.tn\/en\/wp-json\/wp\/v2\/types\/page"}],"author":[{"embeddable":true,"href":"https:\/\/www.imfmm.tn\/en\/wp-json\/wp\/v2\/users\/1"}],"replies":[{"embeddable":true,"href":"https:\/\/www.imfmm.tn\/en\/wp-json\/wp\/v2\/comments?post=3003"}],"version-history":[{"count":4,"href":"https:\/\/www.imfmm.tn\/en\/wp-json\/wp\/v2\/pages\/3003\/revisions"}],"predecessor-version":[{"id":3550,"href":"https:\/\/www.imfmm.tn\/en\/wp-json\/wp\/v2\/pages\/3003\/revisions\/3550"}],"wp:attachment":[{"href":"https:\/\/www.imfmm.tn\/en\/wp-json\/wp\/v2\/media?parent=3003"}],"curies":[{"name":"wp","href":"https:\/\/api.w.org\/{rel}","templated":true}]}}