{"id":2997,"date":"2025-07-01T13:30:38","date_gmt":"2025-07-01T11:30:38","guid":{"rendered":"http:\/\/localhost\/dustrial\/?page_id=2997"},"modified":"2025-11-13T17:10:15","modified_gmt":"2025-11-13T16:10:15","slug":"cooperation","status":"publish","type":"page","link":"https:\/\/www.imfmm.tn\/en\/cooperation\/","title":{"rendered":"Coop\u00e9ration"},"content":{"rendered":"<div class=\"wpb-content-wrapper\"><div class=\"vc_row wpb_row vc_row-fluid vc_custom_1760089758501\"><div class=\"wpb_column vc_column_container vc_col-sm-6\"><div class=\"vc_column-inner vc_custom_1545815615488\"><div class=\"wpb_wrapper\">\n\t<div class=\"wpb_text_column wpb_content_element wpb_animate_when_almost_visible wpb_fadeInUp fadeInUp vc_custom_1763050158552\" >\n\t\t<div class=\"wpb_wrapper\">\n\t\t\t<h1>Partenariats Nationaux et Internationaux de l\u2019IMFMM en Formation Maritime<br \/>\n<\/h1>\n<p>L\u2019IMFMM coop\u00e8re au niveau\u00a0:<\/p>\n<p>national avec les diff\u00e9rents partenaires des domaines maritime, de plaisance et de la p\u00eache\u00a0:<\/p>\n<ul>\n<li>OMMP (Office de la Marine Marchande et des Ports),<\/li>\n<li>STAM\u00a0(Soci\u00e9t\u00e9 Tunisienne d\u2019Acconage et de Manutention),<\/li>\n<li>CTN (Compagnie Tunisienne de Navigation),<\/li>\n<li>APIP (Agence des Ports et des Installations de P\u00eache),<\/li>\n<li>AVFA (Agence de la Vulgarisation et de la Formation Agricole)\u00a0\u2026<\/li>\n<\/ul>\n<p>Mais \u00e9galement avec les principaux partenaires de la formation professionnelle\u00a0:<\/p>\n<ul>\n<li>CENAFFIF (Centre National de Formation de Formateurs et d\u2019Ing\u00e9nierie de Formation),<\/li>\n<li>ATFP (Agence Tunisienne de la Formation Professionnelle),<\/li>\n<li>ISET (Institut Sup\u00e9rieur de Etudes Techniques),<\/li>\n<li>Universit\u00e9s\u2026<\/li>\n<\/ul>\n\n\t\t<\/div>\n\t<\/div>\n<\/div><\/div><\/div><div class=\"about-faq wpb_animate_when_almost_visible wpb_fadeInUp fadeInUp wpb_column vc_column_container vc_col-sm-6\"><div class=\"vc_column-inner vc_custom_1545996747838\"><div class=\"wpb_wrapper\"><div class=\"vc_row wpb_row vc_inner vc_row-fluid\"><div class=\"wpb_column vc_column_container vc_col-sm-12\"><div class=\"vc_column-inner\"><div class=\"wpb_wrapper\">\n\t<div  class=\"wpb_single_image wpb_content_element vc_align_left wpb_content_element\">\n\t\t\n\t\t<figure class=\"wpb_wrapper vc_figure\">\n\t\t\t<div class=\"vc_single_image-wrapper   vc_box_border_grey\"><img loading=\"lazy\" decoding=\"async\" width=\"770\" height=\"460\" src=\"https:\/\/www.imfmm.tn\/wp-content\/uploads\/2019\/01\/d-blog-dhumb-03.jpg\" class=\"vc_single_image-img attachment-full\" alt=\"\" title=\"d-blog-dhumb-03\" \/><\/div>\n\t\t<\/figure>\n\t<\/div>\n<\/div><\/div><\/div><\/div><\/div><\/div><\/div><\/div><div class=\"vc_row wpb_row vc_row-fluid vc_custom_1760089736574\"><div class=\"wpb_column vc_column_container vc_col-sm-12\"><div class=\"vc_column-inner vc_custom_1545815615488\"><div class=\"wpb_wrapper\">\n\t<div class=\"wpb_text_column wpb_content_element wpb_animate_when_almost_visible wpb_fadeInUp fadeInUp vc_custom_1763050204039\" >\n\t\t<div class=\"wpb_wrapper\">\n\t\t\t<h2>Coop\u00e9ration avec les acteurs nationaux des m\u00e9tiers maritimes, portuaires et de la p\u00eache<\/h2>\n<p>International avec des organismes de formation professionnelle\u00a0:<\/p>\n<ul>\n<li>AFPA (Agence nationale pour la Formation Professionnelle des Adultes) organisme fran\u00e7ais,<\/li>\n<li>Escola\u00a0europea de short sea shipping de Barcelone, centre de formation et de promotion du transport intermodal, pr\u00e9curseur dans ce concept l\u2019Escola est reconnue internationalement et sollicit\u00e9e en Europe et sur le continent am\u00e9ricain.<\/li>\n<\/ul>\n<p>Cette coop\u00e9ration nationale et internationale permet \u00e0 l\u2019IMFMM non seulement de suivre de pr\u00e8s l\u2019\u00e9volution du domaine maritime national et international afin de r\u00e9pondre aux besoins en formation du march\u00e9 tunisien mais \u00e9galement de participer activement \u00e0 l\u2019\u00e9volution dudit march\u00e9 en promouvant de nouvelles activit\u00e9s maritimes respectueuses de l\u2019environnement, li\u00e9es \u00e0 l\u2019\u00e9conomie bleue faisant actuellement l\u2019objet de nombreuses conf\u00e9rences \u00e0 travers le monde.<\/p>\n\n\t\t<\/div>\n\t<\/div>\n<\/div><\/div><\/div><\/div>\n<\/div>","protected":false},"excerpt":{"rendered":"Partenariats Nationaux et Internationaux de l\u2019IMFMM en Formation Maritime L\u2019IMFMM coop\u00e8re au niveau\u00a0: national avec les diff\u00e9rents partenaires des domaines maritime, de plaisance et de la p\u00eache\u00a0: OMMP (Office de la Marine Marchande et des Ports), STAM\u00a0(Soci\u00e9t\u00e9 Tunisienne d\u2019Acconage et de Manutention), CTN (Compagnie Tunisienne de Navigation), APIP (Agence des Ports et des Installations de [...]","protected":false},"author":1,"featured_media":0,"parent":0,"menu_order":0,"comment_status":"closed","ping_status":"closed","template":"page-template\/blank-page-sidebar.php","meta":{"_monsterinsights_skip_tracking":false,"_monsterinsights_sitenote_active":false,"_monsterinsights_sitenote_note":"","_monsterinsights_sitenote_category":0,"footnotes":""},"class_list":["post-2997","page","type-page","status-publish","hentry"],"yoast_head":"<!-- This site is optimized with the Yoast SEO plugin v27.4 - https:\/\/yoast.com\/product\/yoast-seo-wordpress\/ -->\n<title>Coop\u00e9ration et Partenariats | IMFMM Formation Maritime Tunisie<\/title>\n<meta name=\"description\" content=\"L\u2019IMFMM collabore avec partenaires nationaux et internationaux pour la formation maritime, portuaire, logistique et la promotion de l\u2019\u00e9conomie bleue en Tunisie.\" \/>\n<meta name=\"robots\" content=\"index, follow, max-snippet:-1, max-image-preview:large, max-video-preview:-1\" \/>\n<link rel=\"canonical\" href=\"https:\/\/www.imfmm.tn\/en\/cooperation\/\" \/>\n<meta property=\"og:locale\" content=\"en_US\" \/>\n<meta property=\"og:type\" content=\"article\" \/>\n<meta property=\"og:title\" content=\"Coop\u00e9ration et Partenariats | IMFMM Formation Maritime Tunisie\" \/>\n<meta property=\"og:description\" content=\"L\u2019IMFMM collabore avec partenaires nationaux et internationaux pour la formation maritime, portuaire, logistique et la promotion de l\u2019\u00e9conomie bleue en Tunisie.\" \/>\n<meta property=\"og:url\" content=\"https:\/\/www.imfmm.tn\/en\/cooperation\/\" \/>\n<meta property=\"og:site_name\" content=\"L&#039;Institut M\u00e9diterran\u00e9en de Formation aux M\u00e9tiers Maritimes\" \/>\n<meta property=\"article:modified_time\" content=\"2025-11-13T16:10:15+00:00\" \/>\n<meta name=\"twitter:card\" content=\"summary_large_image\" \/>\n<meta name=\"twitter:label1\" content=\"Est. reading time\" \/>\n\t<meta name=\"twitter:data1\" content=\"2 minutes\" \/>\n<script type=\"application\/ld+json\" class=\"yoast-schema-graph\">{\"@context\":\"https:\\\/\\\/schema.org\",\"@graph\":[{\"@type\":\"WebPage\",\"@id\":\"https:\\\/\\\/www.imfmm.tn\\\/cooperation\\\/\",\"url\":\"https:\\\/\\\/www.imfmm.tn\\\/cooperation\\\/\",\"name\":\"Coop\u00e9ration et Partenariats | IMFMM Formation Maritime Tunisie\",\"isPartOf\":{\"@id\":\"https:\\\/\\\/www.imfmm.tn\\\/#website\"},\"datePublished\":\"2025-07-01T11:30:38+00:00\",\"dateModified\":\"2025-11-13T16:10:15+00:00\",\"description\":\"L\u2019IMFMM collabore avec partenaires nationaux et internationaux pour la formation maritime, portuaire, logistique et la promotion de l\u2019\u00e9conomie bleue en Tunisie.\",\"breadcrumb\":{\"@id\":\"https:\\\/\\\/www.imfmm.tn\\\/cooperation\\\/#breadcrumb\"},\"inLanguage\":\"en-US\",\"potentialAction\":[{\"@type\":\"ReadAction\",\"target\":[\"https:\\\/\\\/www.imfmm.tn\\\/cooperation\\\/\"]}]},{\"@type\":\"BreadcrumbList\",\"@id\":\"https:\\\/\\\/www.imfmm.tn\\\/cooperation\\\/#breadcrumb\",\"itemListElement\":[{\"@type\":\"ListItem\",\"position\":1,\"name\":\"Accueil\",\"item\":\"https:\\\/\\\/www.imfmm.tn\\\/\"},{\"@type\":\"ListItem\",\"position\":2,\"name\":\"Coop\u00e9ration\"}]},{\"@type\":\"WebSite\",\"@id\":\"https:\\\/\\\/www.imfmm.tn\\\/#website\",\"url\":\"https:\\\/\\\/www.imfmm.tn\\\/\",\"name\":\"L&#039;Institut M\u00e9diterran\u00e9en de Formation aux M\u00e9tiers Maritimes\",\"description\":\"\",\"potentialAction\":[{\"@type\":\"SearchAction\",\"target\":{\"@type\":\"EntryPoint\",\"urlTemplate\":\"https:\\\/\\\/www.imfmm.tn\\\/?s={search_term_string}\"},\"query-input\":{\"@type\":\"PropertyValueSpecification\",\"valueRequired\":true,\"valueName\":\"search_term_string\"}}],\"inLanguage\":\"en-US\"}]}<\/script>\n<!-- \/ Yoast SEO plugin. -->","yoast_head_json":{"title":"Coop\u00e9ration et Partenariats | IMFMM Formation Maritime Tunisie","description":"L\u2019IMFMM collabore avec partenaires nationaux et internationaux pour la formation maritime, portuaire, logistique et la promotion de l\u2019\u00e9conomie bleue en Tunisie.","robots":{"index":"index","follow":"follow","max-snippet":"max-snippet:-1","max-image-preview":"max-image-preview:large","max-video-preview":"max-video-preview:-1"},"canonical":"https:\/\/www.imfmm.tn\/en\/cooperation\/","og_locale":"en_US","og_type":"article","og_title":"Coop\u00e9ration et Partenariats | IMFMM Formation Maritime Tunisie","og_description":"L\u2019IMFMM collabore avec partenaires nationaux et internationaux pour la formation maritime, portuaire, logistique et la promotion de l\u2019\u00e9conomie bleue en Tunisie.","og_url":"https:\/\/www.imfmm.tn\/en\/cooperation\/","og_site_name":"L&#039;Institut M\u00e9diterran\u00e9en de Formation aux M\u00e9tiers Maritimes","article_modified_time":"2025-11-13T16:10:15+00:00","twitter_card":"summary_large_image","twitter_misc":{"Est. reading time":"2 minutes"},"schema":{"@context":"https:\/\/schema.org","@graph":[{"@type":"WebPage","@id":"https:\/\/www.imfmm.tn\/cooperation\/","url":"https:\/\/www.imfmm.tn\/cooperation\/","name":"Coop\u00e9ration et Partenariats | IMFMM Formation Maritime Tunisie","isPartOf":{"@id":"https:\/\/www.imfmm.tn\/#website"},"datePublished":"2025-07-01T11:30:38+00:00","dateModified":"2025-11-13T16:10:15+00:00","description":"L\u2019IMFMM collabore avec partenaires nationaux et internationaux pour la formation maritime, portuaire, logistique et la promotion de l\u2019\u00e9conomie bleue en Tunisie.","breadcrumb":{"@id":"https:\/\/www.imfmm.tn\/cooperation\/#breadcrumb"},"inLanguage":"en-US","potentialAction":[{"@type":"ReadAction","target":["https:\/\/www.imfmm.tn\/cooperation\/"]}]},{"@type":"BreadcrumbList","@id":"https:\/\/www.imfmm.tn\/cooperation\/#breadcrumb","itemListElement":[{"@type":"ListItem","position":1,"name":"Accueil","item":"https:\/\/www.imfmm.tn\/"},{"@type":"ListItem","position":2,"name":"Coop\u00e9ration"}]},{"@type":"WebSite","@id":"https:\/\/www.imfmm.tn\/#website","url":"https:\/\/www.imfmm.tn\/","name":"L&#039;Institut M\u00e9diterran\u00e9en de Formation aux M\u00e9tiers Maritimes","description":"","potentialAction":[{"@type":"SearchAction","target":{"@type":"EntryPoint","urlTemplate":"https:\/\/www.imfmm.tn\/?s={search_term_string}"},"query-input":{"@type":"PropertyValueSpecification","valueRequired":true,"valueName":"search_term_string"}}],"inLanguage":"en-US"}]}},"_links":{"self":[{"href":"https:\/\/www.imfmm.tn\/en\/wp-json\/wp\/v2\/pages\/2997","targetHints":{"allow":["GET"]}}],"collection":[{"href":"https:\/\/www.imfmm.tn\/en\/wp-json\/wp\/v2\/pages"}],"about":[{"href":"https:\/\/www.imfmm.tn\/en\/wp-json\/wp\/v2\/types\/page"}],"author":[{"embeddable":true,"href":"https:\/\/www.imfmm.tn\/en\/wp-json\/wp\/v2\/users\/1"}],"replies":[{"embeddable":true,"href":"https:\/\/www.imfmm.tn\/en\/wp-json\/wp\/v2\/comments?post=2997"}],"version-history":[{"count":8,"href":"https:\/\/www.imfmm.tn\/en\/wp-json\/wp\/v2\/pages\/2997\/revisions"}],"predecessor-version":[{"id":3549,"href":"https:\/\/www.imfmm.tn\/en\/wp-json\/wp\/v2\/pages\/2997\/revisions\/3549"}],"wp:attachment":[{"href":"https:\/\/www.imfmm.tn\/en\/wp-json\/wp\/v2\/media?parent=2997"}],"curies":[{"name":"wp","href":"https:\/\/api.w.org\/{rel}","templated":true}]}}