{"id":11,"date":"2025-05-07T12:45:17","date_gmt":"2025-05-07T10:45:17","guid":{"rendered":"http:\/\/localhost\/dustrial\/commander\/"},"modified":"2025-05-07T12:45:17","modified_gmt":"2025-05-07T10:45:17","slug":"commander","status":"publish","type":"page","link":"https:\/\/www.imfmm.tn\/en\/commander\/","title":{"rendered":"Validation de la commande"},"content":{"rendered":"<div class=\"wp-block-woocommerce-checkout alignwide wc-block-checkout is-loading\">\n<div class=\"wp-block-woocommerce-checkout-fields-block\">\n<div class=\"wp-block-woocommerce-checkout-express-payment-block\"><\/div>\n\n\n\n<div class=\"wp-block-woocommerce-checkout-contact-information-block\"><\/div>\n\n\n\n<div class=\"wp-block-woocommerce-checkout-shipping-method-block\"><\/div>\n\n\n\n<div class=\"wp-block-woocommerce-checkout-pickup-options-block\"><\/div>\n\n\n\n<div class=\"wp-block-woocommerce-checkout-shipping-address-block\"><\/div>\n\n\n\n<div class=\"wp-block-woocommerce-checkout-billing-address-block\"><\/div>\n\n\n\n<div class=\"wp-block-woocommerce-checkout-shipping-methods-block\"><\/div>\n\n\n\n<div class=\"wp-block-woocommerce-checkout-payment-block\"><\/div>\n\n\n\n<div class=\"wp-block-woocommerce-checkout-additional-information-block\"><\/div>\n\n\n\n<div class=\"wp-block-woocommerce-checkout-order-note-block\"><\/div>\n\n\n\n<div class=\"wp-block-woocommerce-checkout-terms-block\"><\/div>\n\n\n\n<div class=\"wp-block-woocommerce-checkout-actions-block\"><\/div>\n<\/div>\n\n\n\n<div class=\"wp-block-woocommerce-checkout-totals-block\">\n<div class=\"wp-block-woocommerce-checkout-order-summary-block\">\n<div class=\"wp-block-woocommerce-checkout-order-summary-cart-items-block\"><\/div>\n\n\n\n<div class=\"wp-block-woocommerce-checkout-order-summary-coupon-form-block\"><\/div>\n\n\n\n<div class=\"wp-block-woocommerce-checkout-order-summary-subtotal-block\"><\/div>\n\n\n\n<div class=\"wp-block-woocommerce-checkout-order-summary-fee-block\"><\/div>\n\n\n\n<div class=\"wp-block-woocommerce-checkout-order-summary-discount-block\"><\/div>\n\n\n\n<div class=\"wp-block-woocommerce-checkout-order-summary-shipping-block\"><\/div>\n\n\n\n<div class=\"wp-block-woocommerce-checkout-order-summary-taxes-block\"><\/div>\n<\/div>\n<\/div>\n<\/div>","protected":false},"excerpt":{"rendered":"","protected":false},"author":1,"featured_media":0,"parent":0,"menu_order":0,"comment_status":"closed","ping_status":"closed","template":"","meta":{"_monsterinsights_skip_tracking":false,"_monsterinsights_sitenote_active":false,"_monsterinsights_sitenote_note":"","_monsterinsights_sitenote_category":0,"footnotes":""},"class_list":["post-11","page","type-page","status-publish","hentry"],"yoast_head":"<!-- This site is optimized with the Yoast SEO plugin v27.3 - https:\/\/yoast.com\/product\/yoast-seo-wordpress\/ -->\n<title>Validation de la commande - L&#039;Institut M\u00e9diterran\u00e9en de Formation aux M\u00e9tiers Maritimes<\/title>\n<meta name=\"robots\" content=\"index, follow, max-snippet:-1, max-image-preview:large, max-video-preview:-1\" \/>\n<link rel=\"canonical\" href=\"https:\/\/www.imfmm.tn\/en\/commander\/\" \/>\n<meta property=\"og:locale\" content=\"en_US\" \/>\n<meta property=\"og:type\" content=\"article\" \/>\n<meta property=\"og:title\" content=\"Validation de la commande - L&#039;Institut M\u00e9diterran\u00e9en de Formation aux M\u00e9tiers Maritimes\" \/>\n<meta property=\"og:url\" content=\"https:\/\/www.imfmm.tn\/en\/commander\/\" \/>\n<meta property=\"og:site_name\" content=\"L&#039;Institut M\u00e9diterran\u00e9en de Formation aux M\u00e9tiers Maritimes\" \/>\n<meta name=\"twitter:card\" content=\"summary_large_image\" \/>\n<script type=\"application\/ld+json\" class=\"yoast-schema-graph\">{\"@context\":\"https:\\\/\\\/schema.org\",\"@graph\":[{\"@type\":\"WebPage\",\"@id\":\"https:\\\/\\\/www.imfmm.tn\\\/commander\\\/\",\"url\":\"https:\\\/\\\/www.imfmm.tn\\\/commander\\\/\",\"name\":\"Validation de la commande - L&#039;Institut M\u00e9diterran\u00e9en de Formation aux M\u00e9tiers Maritimes\",\"isPartOf\":{\"@id\":\"https:\\\/\\\/www.imfmm.tn\\\/#website\"},\"datePublished\":\"2025-05-07T10:45:17+00:00\",\"breadcrumb\":{\"@id\":\"https:\\\/\\\/www.imfmm.tn\\\/commander\\\/#breadcrumb\"},\"inLanguage\":\"en-US\",\"potentialAction\":[{\"@type\":\"ReadAction\",\"target\":[\"https:\\\/\\\/www.imfmm.tn\\\/commander\\\/\"]}]},{\"@type\":\"BreadcrumbList\",\"@id\":\"https:\\\/\\\/www.imfmm.tn\\\/commander\\\/#breadcrumb\",\"itemListElement\":[{\"@type\":\"ListItem\",\"position\":1,\"name\":\"Accueil\",\"item\":\"https:\\\/\\\/www.imfmm.tn\\\/\"},{\"@type\":\"ListItem\",\"position\":2,\"name\":\"Validation de la commande\"}]},{\"@type\":\"WebSite\",\"@id\":\"https:\\\/\\\/www.imfmm.tn\\\/#website\",\"url\":\"https:\\\/\\\/www.imfmm.tn\\\/\",\"name\":\"L&#039;Institut M\u00e9diterran\u00e9en de Formation aux M\u00e9tiers Maritimes\",\"description\":\"\",\"potentialAction\":[{\"@type\":\"SearchAction\",\"target\":{\"@type\":\"EntryPoint\",\"urlTemplate\":\"https:\\\/\\\/www.imfmm.tn\\\/?s={search_term_string}\"},\"query-input\":{\"@type\":\"PropertyValueSpecification\",\"valueRequired\":true,\"valueName\":\"search_term_string\"}}],\"inLanguage\":\"en-US\"}]}<\/script>\n<!-- \/ Yoast SEO plugin. -->","yoast_head_json":{"title":"Validation de la commande - L&#039;Institut M\u00e9diterran\u00e9en de Formation aux M\u00e9tiers Maritimes","robots":{"index":"index","follow":"follow","max-snippet":"max-snippet:-1","max-image-preview":"max-image-preview:large","max-video-preview":"max-video-preview:-1"},"canonical":"https:\/\/www.imfmm.tn\/en\/commander\/","og_locale":"en_US","og_type":"article","og_title":"Validation de la commande - L&#039;Institut M\u00e9diterran\u00e9en de Formation aux M\u00e9tiers Maritimes","og_url":"https:\/\/www.imfmm.tn\/en\/commander\/","og_site_name":"L&#039;Institut M\u00e9diterran\u00e9en de Formation aux M\u00e9tiers Maritimes","twitter_card":"summary_large_image","schema":{"@context":"https:\/\/schema.org","@graph":[{"@type":"WebPage","@id":"https:\/\/www.imfmm.tn\/commander\/","url":"https:\/\/www.imfmm.tn\/commander\/","name":"Validation de la commande - L&#039;Institut M\u00e9diterran\u00e9en de Formation aux M\u00e9tiers Maritimes","isPartOf":{"@id":"https:\/\/www.imfmm.tn\/#website"},"datePublished":"2025-05-07T10:45:17+00:00","breadcrumb":{"@id":"https:\/\/www.imfmm.tn\/commander\/#breadcrumb"},"inLanguage":"en-US","potentialAction":[{"@type":"ReadAction","target":["https:\/\/www.imfmm.tn\/commander\/"]}]},{"@type":"BreadcrumbList","@id":"https:\/\/www.imfmm.tn\/commander\/#breadcrumb","itemListElement":[{"@type":"ListItem","position":1,"name":"Accueil","item":"https:\/\/www.imfmm.tn\/"},{"@type":"ListItem","position":2,"name":"Validation de la commande"}]},{"@type":"WebSite","@id":"https:\/\/www.imfmm.tn\/#website","url":"https:\/\/www.imfmm.tn\/","name":"L&#039;Institut M\u00e9diterran\u00e9en de Formation aux M\u00e9tiers Maritimes","description":"","potentialAction":[{"@type":"SearchAction","target":{"@type":"EntryPoint","urlTemplate":"https:\/\/www.imfmm.tn\/?s={search_term_string}"},"query-input":{"@type":"PropertyValueSpecification","valueRequired":true,"valueName":"search_term_string"}}],"inLanguage":"en-US"}]}},"_links":{"self":[{"href":"https:\/\/www.imfmm.tn\/en\/wp-json\/wp\/v2\/pages\/11","targetHints":{"allow":["GET"]}}],"collection":[{"href":"https:\/\/www.imfmm.tn\/en\/wp-json\/wp\/v2\/pages"}],"about":[{"href":"https:\/\/www.imfmm.tn\/en\/wp-json\/wp\/v2\/types\/page"}],"author":[{"embeddable":true,"href":"https:\/\/www.imfmm.tn\/en\/wp-json\/wp\/v2\/users\/1"}],"replies":[{"embeddable":true,"href":"https:\/\/www.imfmm.tn\/en\/wp-json\/wp\/v2\/comments?post=11"}],"version-history":[{"count":0,"href":"https:\/\/www.imfmm.tn\/en\/wp-json\/wp\/v2\/pages\/11\/revisions"}],"wp:attachment":[{"href":"https:\/\/www.imfmm.tn\/en\/wp-json\/wp\/v2\/media?parent=11"}],"curies":[{"name":"wp","href":"https:\/\/api.w.org\/{rel}","templated":true}]}}